{"id":32953,"date":"2025-10-29T12:41:03","date_gmt":"2025-10-29T11:41:03","guid":{"rendered":"https:\/\/mosaicstorra.com\/?page_id=32953"},"modified":"2026-03-06T08:42:53","modified_gmt":"2026-03-06T07:42:53","slug":"rajoles-hidrauliques-fetes-a-ma","status":"publish","type":"page","link":"http:\/\/mosaicstorra.com\/ca\/rajoles-hidrauliques-fetes-a-ma\/","title":{"rendered":"Rajoles hidr\u00e0uliques artesanes"},"content":{"rendered":"","protected":false},"excerpt":{"rendered":"","protected":false},"author":6,"featured_media":0,"parent":0,"menu_order":0,"comment_status":"closed","ping_status":"closed","template":"","meta":{"_acf_changed":false,"footnotes":""},"class_list":["post-32953","page","type-page","status-publish","hentry"],"acf":[],"yoast_head":"<!-- This site is optimized with the Yoast SEO plugin v26.9 - https:\/\/yoast.com\/product\/yoast-seo-wordpress\/ -->\n<title>Baldosas Hidr\u00e1ulicas Artesanales - Mosaics Torra - Suelos Hidr\u00e1ulicos<\/title>\n<meta name=\"description\" content=\"Baldosas hidr\u00e1ulicas artesanales hechas a mano en Mosaics Torra. Dise\u00f1os \u00fanicos, calidad y opciones personalizadas para cualquier proyecto.\" \/>\n<meta name=\"robots\" content=\"index, follow, max-snippet:-1, max-image-preview:large, max-video-preview:-1\" \/>\n<link rel=\"canonical\" href=\"https:\/\/mosaicstorra.com\/ca\/rajoles-hidrauliques-fetes-a-ma\/\" \/>\n<meta property=\"og:locale\" content=\"ca_ES\" \/>\n<meta property=\"og:type\" content=\"article\" \/>\n<meta property=\"og:title\" content=\"Baldosas Hidr\u00e1ulicas Artesanales - Mosaics Torra - Suelos Hidr\u00e1ulicos\" \/>\n<meta property=\"og:description\" content=\"Baldosas hidr\u00e1ulicas artesanales hechas a mano en Mosaics Torra. Dise\u00f1os \u00fanicos, calidad y opciones personalizadas para cualquier proyecto.\" \/>\n<meta property=\"og:url\" content=\"https:\/\/mosaicstorra.com\/ca\/rajoles-hidrauliques-fetes-a-ma\/\" \/>\n<meta property=\"og:site_name\" content=\"Mosaics Torra - Suelos Hidr\u00e1ulicos\" \/>\n<meta property=\"article:modified_time\" content=\"2026-03-06T07:42:53+00:00\" \/>\n<meta name=\"twitter:card\" content=\"summary_large_image\" \/>\n<script type=\"application\/ld+json\" class=\"yoast-schema-graph\">{\"@context\":\"https:\/\/schema.org\",\"@graph\":[{\"@type\":\"WebPage\",\"@id\":\"https:\/\/mosaicstorra.com\/baldosas-hidraulicas-artesanales\/\",\"url\":\"https:\/\/mosaicstorra.com\/baldosas-hidraulicas-artesanales\/\",\"name\":\"Baldosas Hidr\u00e1ulicas Artesanales - Mosaics Torra - Suelos Hidr\u00e1ulicos\",\"isPartOf\":{\"@id\":\"https:\/\/mosaicstorra.com\/#website\"},\"datePublished\":\"2025-10-29T11:41:03+00:00\",\"dateModified\":\"2026-03-06T07:42:53+00:00\",\"description\":\"Baldosas hidr\u00e1ulicas artesanales hechas a mano en Mosaics Torra. Dise\u00f1os \u00fanicos, calidad y opciones personalizadas para cualquier proyecto.\",\"breadcrumb\":{\"@id\":\"https:\/\/mosaicstorra.com\/baldosas-hidraulicas-artesanales\/#breadcrumb\"},\"inLanguage\":\"ca\",\"potentialAction\":[{\"@type\":\"ReadAction\",\"target\":[\"https:\/\/mosaicstorra.com\/baldosas-hidraulicas-artesanales\/\"]}]},{\"@type\":\"BreadcrumbList\",\"@id\":\"https:\/\/mosaicstorra.com\/baldosas-hidraulicas-artesanales\/#breadcrumb\",\"itemListElement\":[{\"@type\":\"ListItem\",\"position\":1,\"name\":\"Portada\",\"item\":\"https:\/\/mosaicstorra.com\/\"},{\"@type\":\"ListItem\",\"position\":2,\"name\":\"Baldosas Hidr\u00e1ulicas Artesanales\"}]},{\"@type\":\"WebSite\",\"@id\":\"https:\/\/mosaicstorra.com\/#website\",\"url\":\"https:\/\/mosaicstorra.com\/\",\"name\":\"Mosaics Torra - Suelos Hidr\u00e1ulicos\",\"description\":\"Baldosas que cuentan historias\",\"publisher\":{\"@id\":\"https:\/\/mosaicstorra.com\/#organization\"},\"potentialAction\":[{\"@type\":\"SearchAction\",\"target\":{\"@type\":\"EntryPoint\",\"urlTemplate\":\"https:\/\/mosaicstorra.com\/?s={search_term_string}\"},\"query-input\":{\"@type\":\"PropertyValueSpecification\",\"valueRequired\":true,\"valueName\":\"search_term_string\"}}],\"inLanguage\":\"ca\"},{\"@type\":\"Organization\",\"@id\":\"https:\/\/mosaicstorra.com\/#organization\",\"name\":\"Mosaics Torra - Suelos Hidr\u00e1ulicos\",\"url\":\"https:\/\/mosaicstorra.com\/\",\"logo\":{\"@type\":\"ImageObject\",\"inLanguage\":\"ca\",\"@id\":\"https:\/\/mosaicstorra.com\/#\/schema\/logo\/image\/\",\"url\":\"https:\/\/mosaicstorra.com\/wp-content\/uploads\/2024\/11\/cropped-logo_wo_bcn.png\",\"contentUrl\":\"https:\/\/mosaicstorra.com\/wp-content\/uploads\/2024\/11\/cropped-logo_wo_bcn.png\",\"width\":205,\"height\":77,\"caption\":\"Mosaics Torra - Suelos Hidr\u00e1ulicos\"},\"image\":{\"@id\":\"https:\/\/mosaicstorra.com\/#\/schema\/logo\/image\/\"}}]}<\/script>\n<!-- \/ Yoast SEO plugin. -->","yoast_head_json":{"title":"Rajoles hidr\u00e0uliques artesanes - Mosaics Torra - Paviments hidr\u00e0ulics","description":"Rajoles hidr\u00e0uliques artesanals de Mosaics Torra. Dissenys \u00fanics, qualitat i opcions personalitzades per a qualsevol projecte.","robots":{"index":"index","follow":"follow","max-snippet":"max-snippet:-1","max-image-preview":"max-image-preview:large","max-video-preview":"max-video-preview:-1"},"canonical":"https:\/\/mosaicstorra.com\/ca\/rajoles-hidrauliques-fetes-a-ma\/","og_locale":"ca_ES","og_type":"article","og_title":"Baldosas Hidr\u00e1ulicas Artesanales - Mosaics Torra - Suelos Hidr\u00e1ulicos","og_description":"Baldosas hidr\u00e1ulicas artesanales hechas a mano en Mosaics Torra. Dise\u00f1os \u00fanicos, calidad y opciones personalizadas para cualquier proyecto.","og_url":"https:\/\/mosaicstorra.com\/ca\/rajoles-hidrauliques-fetes-a-ma\/","og_site_name":"Mosaics Torra - Suelos Hidr\u00e1ulicos","article_modified_time":"2026-03-06T07:42:53+00:00","twitter_card":"summary_large_image","schema":{"@context":"https:\/\/schema.org","@graph":[{"@type":"WebPage","@id":"https:\/\/mosaicstorra.com\/baldosas-hidraulicas-artesanales\/","url":"https:\/\/mosaicstorra.com\/baldosas-hidraulicas-artesanales\/","name":"Rajoles hidr\u00e0uliques artesanes - Mosaics Torra - Paviments hidr\u00e0ulics","isPartOf":{"@id":"https:\/\/mosaicstorra.com\/#website"},"datePublished":"2025-10-29T11:41:03+00:00","dateModified":"2026-03-06T07:42:53+00:00","description":"Rajoles hidr\u00e0uliques artesanals de Mosaics Torra. Dissenys \u00fanics, qualitat i opcions personalitzades per a qualsevol projecte.","breadcrumb":{"@id":"https:\/\/mosaicstorra.com\/baldosas-hidraulicas-artesanales\/#breadcrumb"},"inLanguage":"ca","potentialAction":[{"@type":"ReadAction","target":["https:\/\/mosaicstorra.com\/baldosas-hidraulicas-artesanales\/"]}]},{"@type":"BreadcrumbList","@id":"https:\/\/mosaicstorra.com\/baldosas-hidraulicas-artesanales\/#breadcrumb","itemListElement":[{"@type":"ListItem","position":1,"name":"Portada","item":"https:\/\/mosaicstorra.com\/"},{"@type":"ListItem","position":2,"name":"Baldosas Hidr\u00e1ulicas Artesanales"}]},{"@type":"WebSite","@id":"https:\/\/mosaicstorra.com\/#website","url":"https:\/\/mosaicstorra.com\/","name":"Mosaics Torra - Mosaics Hidr\u00e0ulics","description":"Rajoles que expliquen hist\u00f2ries","publisher":{"@id":"https:\/\/mosaicstorra.com\/#organization"},"potentialAction":[{"@type":"SearchAction","target":{"@type":"EntryPoint","urlTemplate":"https:\/\/mosaicstorra.com\/?s={search_term_string}"},"query-input":{"@type":"PropertyValueSpecification","valueRequired":true,"valueName":"search_term_string"}}],"inLanguage":"ca"},{"@type":"Organization","@id":"https:\/\/mosaicstorra.com\/#organization","name":"Mosaics Torra - Mosaics Hidr\u00e0ulics","url":"https:\/\/mosaicstorra.com\/","logo":{"@type":"ImageObject","inLanguage":"ca","@id":"https:\/\/mosaicstorra.com\/#\/schema\/logo\/image\/","url":"https:\/\/mosaicstorra.com\/wp-content\/uploads\/2024\/11\/cropped-logo_wo_bcn.png","contentUrl":"https:\/\/mosaicstorra.com\/wp-content\/uploads\/2024\/11\/cropped-logo_wo_bcn.png","width":205,"height":77,"caption":"Mosaics Torra - Suelos Hidr\u00e1ulicos"},"image":{"@id":"https:\/\/mosaicstorra.com\/#\/schema\/logo\/image\/"}}]}},"_links":{"self":[{"href":"http:\/\/mosaicstorra.com\/ca\/wp-json\/wp\/v2\/pages\/32953","targetHints":{"allow":["GET"]}}],"collection":[{"href":"http:\/\/mosaicstorra.com\/ca\/wp-json\/wp\/v2\/pages"}],"about":[{"href":"http:\/\/mosaicstorra.com\/ca\/wp-json\/wp\/v2\/types\/page"}],"author":[{"embeddable":true,"href":"http:\/\/mosaicstorra.com\/ca\/wp-json\/wp\/v2\/users\/6"}],"replies":[{"embeddable":true,"href":"http:\/\/mosaicstorra.com\/ca\/wp-json\/wp\/v2\/comments?post=32953"}],"version-history":[{"count":2,"href":"http:\/\/mosaicstorra.com\/ca\/wp-json\/wp\/v2\/pages\/32953\/revisions"}],"predecessor-version":[{"id":32990,"href":"http:\/\/mosaicstorra.com\/ca\/wp-json\/wp\/v2\/pages\/32953\/revisions\/32990"}],"wp:attachment":[{"href":"http:\/\/mosaicstorra.com\/ca\/wp-json\/wp\/v2\/media?parent=32953"}],"curies":[{"name":"wp","href":"https:\/\/api.w.org\/{rel}","templated":true}]}}