{"id":286,"date":"2022-01-10T17:14:44","date_gmt":"2022-01-10T16:14:44","guid":{"rendered":"http:\/\/nueva.torramosaicoshidraulicos.es\/aviso-legal-2\/"},"modified":"2025-07-03T08:24:58","modified_gmt":"2025-07-03T07:24:58","slug":"avisos-legals","status":"publish","type":"page","link":"https:\/\/mosaicstorra.com\/ca\/aviso-legal\/","title":{"rendered":"Av\u00eds legal"},"content":{"rendered":"<div data-elementor-type=\"wp-page\" data-elementor-id=\"286\" class=\"elementor elementor-286\" data-elementor-post-type=\"page\">\n\t\t\t\t<div class=\"elementor-element elementor-element-31bf9ec e-flex e-con-boxed e-con e-parent\" data-id=\"31bf9ec\" data-element_type=\"container\" data-e-type=\"container\">\n\t\t\t\t\t<div class=\"e-con-inner\">\n\t\t\t\t<div class=\"elementor-element elementor-element-18eef50 elementor-widget elementor-widget-spacer\" data-id=\"18eef50\" data-element_type=\"widget\" data-e-type=\"widget\" data-widget_type=\"spacer.default\">\n\t\t\t\t\t\t\t<div class=\"elementor-spacer\">\n\t\t\t<div class=\"elementor-spacer-inner\"><\/div>\n\t\t<\/div>\n\t\t\t\t\t\t<\/div>\n\t\t\t\t<div class=\"elementor-element elementor-element-f3ee1a0 elementor-widget elementor-widget-heading\" data-id=\"f3ee1a0\" data-element_type=\"widget\" data-e-type=\"widget\" data-widget_type=\"heading.default\">\n\t\t\t\t\t<h2 class=\"elementor-heading-title elementor-size-default\">\nAv\u00eds legal\n<\/h2>\t\t\t\t<\/div>\n\t\t\t\t<div class=\"elementor-element elementor-element-403beaf elementor-widget elementor-widget-text-editor\" data-id=\"403beaf\" data-element_type=\"widget\" data-e-type=\"widget\" data-widget_type=\"text-editor.default\">\n\t\t\t\t\t\t\t\t\t<p>Mosaic Torra, es reserva el dret de fer, en qualsevol moment i sense av\u00eds previ, modificacions dels continguts i presentaci\u00f3 del seu lloc web.<\/p><p><strong>Limitaci\u00f3 de la responsabilitat:<\/strong><br \/>Excepte en aquells casos expressament descrits a l&#039;Av\u00eds Legal i la resta del marc normatiu del lloc web, Mosaic Torra no es responsabilitza dels danys i perjudicis de tota naturalesa que poguessin derivar-se de la manca d&#039;exactitud, exhaustivitat, actualitat, aix\u00ed com d&#039;errors o omissions dels que poguessin patir els continguts d&#039;aquest lloc web.<\/p><p><strong>Comunicaci\u00f3 i notificacions:<\/strong><br \/>Totes les comunicacions i notificacions realitzades es consideraran eficaces amb car\u00e0cter general quan es realitzin a trav\u00e9s de correu electr\u00f2nic a l&#039;e-mail que hagi pogut subministrar l&#039;Usuari. L&#039;Usuari s&#039;obliga a mantenir informat Mosaic Torra dels canvis que es produeixin a les dades personals ia l&#039;adre\u00e7a de correu electr\u00f2nic que el responsable posseeix per informar-lo dels successos que consideri oportuns. L&#039;usuari reconeix expressament que aquestes dades han estat subministrades per ell mateix i s\u00f3n del tot veraces.<\/p><p>Les dades d&#039;usuaris no seran transmeses a tercers, s&#039;inclouran en un fitxer propietat de Mosaic Torra i utilitzar\u00e0 per realitzar comunicacions sobre els productes en qu\u00e8 s&#039;ha mostrat inter\u00e8s, novetats i sobre el proc\u00e9s de compra.<br \/>Les dades de clients que realitzin una compra, s&#039;emmagatzemaran indeterminadament per poder fer-ne \u00fas en cas de necessitat de reproducci\u00f3 de rajoles o altres (els productes aqu\u00ed venuts s\u00f3n usats d\u00e8cades). Els clients tenen dret d&#039;oblit de les dades enviant un email a\u00a0<u>info@mosaicstorra.com<\/u>\u00a0demanant l&#039;oblit o eliminaci\u00f3 de totes les dades de car\u00e0cter personal relacionades amb la comanda (perdent avantatges de reproducci\u00f3 o ajuda a consultes futures).<\/p><p><strong>Propietat intel\u00b7lectual i Industrial:<\/strong><br \/>Mosaic Torra \u00e9s titular (o els seus llicenciadors, si n&#039;hi ha) dels drets de Propietat Intel\u00b7lectual i Industrial dels continguts d&#039;aquesta web.<\/p><p>Queda terminantment prohibida la reproducci\u00f3, la posada a disposici\u00f3 del p\u00fablic i en general qualsevol altra forma d&#039;explotaci\u00f3 de tots o part dels continguts d&#039;aquesta web, aix\u00ed com el disseny. Aquests actes dexplotaci\u00f3 nom\u00e9s podran ser realitzats mitjan\u00e7ant lautoritzaci\u00f3 expressa i per escrit de Mosaic Torra.<\/p><p><strong>Protecci\u00f3 de dades personals:<\/strong><br \/>Mosaic Torra adoptar\u00e0 les mesures de seguretat adequades a les dades personals que els usuaris facilitin (es guardaran dades de contacte email i postals, nom i tel\u00e8fon) i posar\u00e0 els mitjans i mesures t\u00e8cniques per evitar la p\u00e8rdua, mal \u00fas, alteraci\u00f3, acc\u00e9s no autoritzat i robatori dels mateixos.<\/p><p>Els usuaris i clients podran exercitar en tot moment els drets d&#039;acc\u00e9s, rectificaci\u00f3, cancel\u00b7laci\u00f3 i oposici\u00f3 (ARCO) de les vostres dades personals, de conformitat amb el que estableix la normativa vigent a trav\u00e9s del correu electr\u00f2nic\u00a0<u>info@mosaicstorra.com<\/u><\/p><p>En el cas que en el futur no vulgui rebre informaci\u00f3 comercial de Mosaic Torra o de les empreses del grup, podr\u00e0 indicar-ho donant-se de baixa (enlla\u00e7 a la part inferior de qualsevol comunicaci\u00f3 comercial), o b\u00e9 enviant un email a\u00a0<u>info@mosaicstorra.com<\/u>\u00a0indicant \u201cBAIXA\u201d com a assumpte.<\/p><table border=\"0\" width=\"100%\" cellspacing=\"0\" cellpadding=\"0\"><tbody><tr><td>Responsable de les vostres dades<\/td><td>Mosaic Torra. \u2013\u00a0<u>info@mosaicstorra.com<\/u><\/td><\/tr><tr><td>A qui comuniquem les teves dades<\/td><td>Facilitarem les dades a les autoritats que ho requereixin ia les empreses del grup MOSAICS TORRA.<\/td><\/tr><tr><td>D&#039;on obtenim les dades<\/td><td>Quan ens facilita les seves dades en interessar-se pels nostres productes o donar-te d&#039;alta com a client.<\/td><\/tr><tr><td>Quins s\u00f3n els teus drets i com exercir-los<\/td><td>Teniu el dret de rectificaci\u00f3, cancel\u00b7laci\u00f3 i eliminaci\u00f3 de les vostres dades. Podeu posar-vos en contacte amb nosaltres a trav\u00e9s de info@mosaicstorra.com<\/td><\/tr><\/tbody><\/table>\t\t\t\t\t\t\t\t<\/div>\n\t\t\t\t\t<\/div>\n\t\t\t\t<\/div>\n\t\t\t\t<\/div>","protected":false},"excerpt":{"rendered":"<p>Aviso legal Mosaic Torra, se reserva el derecho a hacer, en cualquier momento y sin aviso previo, modificaciones de los contenidos y presentaci\u00f3n de su sitio web. Limitaci\u00f3n de la responsabilidad:Salvo en aquellos casos expresamente descritos en el Aviso Legal y el resto del marco normativo del sitio web, Mosaic Torra no se responsabiliza de [&hellip;]<\/p>\n","protected":false},"author":2,"featured_media":0,"parent":0,"menu_order":0,"comment_status":"closed","ping_status":"closed","template":"","meta":{"_acf_changed":false,"footnotes":""},"class_list":["post-286","page","type-page","status-publish","hentry"],"acf":[],"yoast_head":"<!-- This site is optimized with the Yoast SEO plugin v27.3 - https:\/\/yoast.com\/product\/yoast-seo-wordpress\/ -->\n<title>Aviso legal - Mosaics Torra - Suelos Hidr\u00e1ulicos<\/title>\n<meta name=\"robots\" content=\"index, follow, max-snippet:-1, max-image-preview:large, max-video-preview:-1\" \/>\n<link rel=\"canonical\" href=\"https:\/\/mosaicstorra.com\/ca\/avisos-legals\/\" \/>\n<meta property=\"og:locale\" content=\"ca_ES\" \/>\n<meta property=\"og:type\" content=\"article\" \/>\n<meta property=\"og:title\" content=\"Aviso legal - Mosaics Torra - Suelos Hidr\u00e1ulicos\" \/>\n<meta property=\"og:description\" content=\"Aviso legal Mosaic Torra, se reserva el derecho a hacer, en cualquier momento y sin aviso previo, modificaciones de los contenidos y presentaci\u00f3n de su sitio web. Limitaci\u00f3n de la responsabilidad:Salvo en aquellos casos expresamente descritos en el Aviso Legal y el resto del marco normativo del sitio web, Mosaic Torra no se responsabiliza de [&hellip;]\" \/>\n<meta property=\"og:url\" content=\"https:\/\/mosaicstorra.com\/ca\/avisos-legals\/\" \/>\n<meta property=\"og:site_name\" content=\"Mosaics Torra - Suelos Hidr\u00e1ulicos\" \/>\n<meta property=\"article:modified_time\" content=\"2025-07-03T07:24:58+00:00\" \/>\n<meta name=\"twitter:card\" content=\"summary_large_image\" \/>\n<meta name=\"twitter:label1\" content=\"Temps estimat de lectura\" \/>\n\t<meta name=\"twitter:data1\" content=\"3 minuts\" \/>\n<script type=\"application\/ld+json\" class=\"yoast-schema-graph\">{\"@context\":\"https:\\\/\\\/schema.org\",\"@graph\":[{\"@type\":\"WebPage\",\"@id\":\"https:\\\/\\\/mosaicstorra.com\\\/aviso-legal\\\/\",\"url\":\"https:\\\/\\\/mosaicstorra.com\\\/aviso-legal\\\/\",\"name\":\"Aviso legal - Mosaics Torra - Suelos Hidr\u00e1ulicos\",\"isPartOf\":{\"@id\":\"https:\\\/\\\/mosaicstorra.com\\\/#website\"},\"datePublished\":\"2022-01-10T16:14:44+00:00\",\"dateModified\":\"2025-07-03T07:24:58+00:00\",\"breadcrumb\":{\"@id\":\"https:\\\/\\\/mosaicstorra.com\\\/aviso-legal\\\/#breadcrumb\"},\"inLanguage\":\"ca\",\"potentialAction\":[{\"@type\":\"ReadAction\",\"target\":[\"https:\\\/\\\/mosaicstorra.com\\\/aviso-legal\\\/\"]}]},{\"@type\":\"BreadcrumbList\",\"@id\":\"https:\\\/\\\/mosaicstorra.com\\\/aviso-legal\\\/#breadcrumb\",\"itemListElement\":[{\"@type\":\"ListItem\",\"position\":1,\"name\":\"Portada\",\"item\":\"https:\\\/\\\/mosaicstorra.com\\\/\"},{\"@type\":\"ListItem\",\"position\":2,\"name\":\"Aviso legal\"}]},{\"@type\":\"WebSite\",\"@id\":\"https:\\\/\\\/mosaicstorra.com\\\/#website\",\"url\":\"https:\\\/\\\/mosaicstorra.com\\\/\",\"name\":\"Mosaics Torra - Suelos Hidr\u00e1ulicos\",\"description\":\"Baldosas que cuentan historias\",\"publisher\":{\"@id\":\"https:\\\/\\\/mosaicstorra.com\\\/#organization\"},\"potentialAction\":[{\"@type\":\"SearchAction\",\"target\":{\"@type\":\"EntryPoint\",\"urlTemplate\":\"https:\\\/\\\/mosaicstorra.com\\\/?s={search_term_string}\"},\"query-input\":{\"@type\":\"PropertyValueSpecification\",\"valueRequired\":true,\"valueName\":\"search_term_string\"}}],\"inLanguage\":\"ca\"},{\"@type\":\"Organization\",\"@id\":\"https:\\\/\\\/mosaicstorra.com\\\/#organization\",\"name\":\"Mosaics Torra - Suelos Hidr\u00e1ulicos\",\"url\":\"https:\\\/\\\/mosaicstorra.com\\\/\",\"logo\":{\"@type\":\"ImageObject\",\"inLanguage\":\"ca\",\"@id\":\"https:\\\/\\\/mosaicstorra.com\\\/#\\\/schema\\\/logo\\\/image\\\/\",\"url\":\"https:\\\/\\\/mosaicstorra.com\\\/wp-content\\\/uploads\\\/2024\\\/11\\\/cropped-logo_wo_bcn.png\",\"contentUrl\":\"https:\\\/\\\/mosaicstorra.com\\\/wp-content\\\/uploads\\\/2024\\\/11\\\/cropped-logo_wo_bcn.png\",\"width\":205,\"height\":77,\"caption\":\"Mosaics Torra - Suelos Hidr\u00e1ulicos\"},\"image\":{\"@id\":\"https:\\\/\\\/mosaicstorra.com\\\/#\\\/schema\\\/logo\\\/image\\\/\"}}]}<\/script>\n<!-- \/ Yoast SEO plugin. -->","yoast_head_json":{"title":"Av\u00eds legal - Mosaics Torra - S\u00f2ls Hidr\u00e0ulics","robots":{"index":"index","follow":"follow","max-snippet":"max-snippet:-1","max-image-preview":"max-image-preview:large","max-video-preview":"max-video-preview:-1"},"canonical":"https:\/\/mosaicstorra.com\/ca\/avisos-legals\/","og_locale":"ca_ES","og_type":"article","og_title":"Aviso legal - Mosaics Torra - Suelos Hidr\u00e1ulicos","og_description":"Aviso legal Mosaic Torra, se reserva el derecho a hacer, en cualquier momento y sin aviso previo, modificaciones de los contenidos y presentaci\u00f3n de su sitio web. Limitaci\u00f3n de la responsabilidad:Salvo en aquellos casos expresamente descritos en el Aviso Legal y el resto del marco normativo del sitio web, Mosaic Torra no se responsabiliza de [&hellip;]","og_url":"https:\/\/mosaicstorra.com\/ca\/avisos-legals\/","og_site_name":"Mosaics Torra - Suelos Hidr\u00e1ulicos","article_modified_time":"2025-07-03T07:24:58+00:00","twitter_card":"summary_large_image","twitter_misc":{"Temps estimat de lectura":"3 minuts"},"schema":{"@context":"https:\/\/schema.org","@graph":[{"@type":"WebPage","@id":"https:\/\/mosaicstorra.com\/aviso-legal\/","url":"https:\/\/mosaicstorra.com\/aviso-legal\/","name":"Av\u00eds legal - Mosaics Torra - S\u00f2ls Hidr\u00e0ulics","isPartOf":{"@id":"https:\/\/mosaicstorra.com\/#website"},"datePublished":"2022-01-10T16:14:44+00:00","dateModified":"2025-07-03T07:24:58+00:00","breadcrumb":{"@id":"https:\/\/mosaicstorra.com\/aviso-legal\/#breadcrumb"},"inLanguage":"ca","potentialAction":[{"@type":"ReadAction","target":["https:\/\/mosaicstorra.com\/aviso-legal\/"]}]},{"@type":"BreadcrumbList","@id":"https:\/\/mosaicstorra.com\/aviso-legal\/#breadcrumb","itemListElement":[{"@type":"ListItem","position":1,"name":"Portada","item":"https:\/\/mosaicstorra.com\/"},{"@type":"ListItem","position":2,"name":"Aviso legal"}]},{"@type":"WebSite","@id":"https:\/\/mosaicstorra.com\/#website","url":"https:\/\/mosaicstorra.com\/","name":"Mosaics Torra - Mosaics Hidr\u00e0ulics","description":"Rajoles que expliquen hist\u00f2ries","publisher":{"@id":"https:\/\/mosaicstorra.com\/#organization"},"potentialAction":[{"@type":"SearchAction","target":{"@type":"EntryPoint","urlTemplate":"https:\/\/mosaicstorra.com\/?s={search_term_string}"},"query-input":{"@type":"PropertyValueSpecification","valueRequired":true,"valueName":"search_term_string"}}],"inLanguage":"ca"},{"@type":"Organization","@id":"https:\/\/mosaicstorra.com\/#organization","name":"Mosaics Torra - Mosaics Hidr\u00e0ulics","url":"https:\/\/mosaicstorra.com\/","logo":{"@type":"ImageObject","inLanguage":"ca","@id":"https:\/\/mosaicstorra.com\/#\/schema\/logo\/image\/","url":"https:\/\/mosaicstorra.com\/wp-content\/uploads\/2024\/11\/cropped-logo_wo_bcn.png","contentUrl":"https:\/\/mosaicstorra.com\/wp-content\/uploads\/2024\/11\/cropped-logo_wo_bcn.png","width":205,"height":77,"caption":"Mosaics Torra - Suelos Hidr\u00e1ulicos"},"image":{"@id":"https:\/\/mosaicstorra.com\/#\/schema\/logo\/image\/"}}]}},"_links":{"self":[{"href":"https:\/\/mosaicstorra.com\/ca\/wp-json\/wp\/v2\/pages\/286","targetHints":{"allow":["GET"]}}],"collection":[{"href":"https:\/\/mosaicstorra.com\/ca\/wp-json\/wp\/v2\/pages"}],"about":[{"href":"https:\/\/mosaicstorra.com\/ca\/wp-json\/wp\/v2\/types\/page"}],"author":[{"embeddable":true,"href":"https:\/\/mosaicstorra.com\/ca\/wp-json\/wp\/v2\/users\/2"}],"replies":[{"embeddable":true,"href":"https:\/\/mosaicstorra.com\/ca\/wp-json\/wp\/v2\/comments?post=286"}],"version-history":[{"count":9,"href":"https:\/\/mosaicstorra.com\/ca\/wp-json\/wp\/v2\/pages\/286\/revisions"}],"predecessor-version":[{"id":31163,"href":"https:\/\/mosaicstorra.com\/ca\/wp-json\/wp\/v2\/pages\/286\/revisions\/31163"}],"wp:attachment":[{"href":"https:\/\/mosaicstorra.com\/ca\/wp-json\/wp\/v2\/media?parent=286"}],"curies":[{"name":"wp","href":"https:\/\/api.w.org\/{rel}","templated":true}]}}