{"id":11725,"date":"2024-08-13T22:02:32","date_gmt":"2024-08-13T21:02:32","guid":{"rendered":"https:\/\/mosaicstorra.com\/?post_type=product&#038;p=11725"},"modified":"2025-11-20T08:34:20","modified_gmt":"2025-11-20T07:34:20","slug":"terra-hidraulic-cera-wax-tile","status":"publish","type":"product","link":"https:\/\/mosaicstorra.com\/ca\/productos\/suelo-hidraulico-cera-wax-tile\/","title":{"rendered":"S\u00f2l hidr\u00e0ulic Cera Wax Tile"},"content":{"rendered":"<p>\u00c9s el producte idoni per aconseguir un acabat m\u00e9s brillant als nostres s\u00f2ls hidr\u00e0ulics.<\/p>\n<p>\u00c9s molt important seguir les instruccions d&#039;aplicaci\u00f3 d&#039;aquest producte que v\u00e9nen degudament indicades a cada env\u00e0s per aconseguir una efectivitat \u00f2ptima en el tractament de les nostres rajoles hidr\u00e0uliques.<\/p>","protected":false},"excerpt":{"rendered":"<p>\u00c9s el producte idoni per aconseguir un acabat m\u00e9s brillant als nostres s\u00f2ls hidr\u00e0ulics. \u00c9s molt important seguir les instruccions d&#039;aplicaci\u00f3 d&#039;aquest producte que v\u00e9nen degudament indicades a cada env\u00e0s per aconseguir una efectivitat \u00f2ptima en el tractament de les nostres rajoles hidr\u00e0uliques.<\/p>","protected":false},"featured_media":28940,"comment_status":"closed","ping_status":"closed","template":"","meta":{"_acf_changed":false},"product_brand":[],"product_cat":[726],"product_tag":[],"class_list":{"0":"post-11725","1":"product","2":"type-product","3":"status-publish","4":"has-post-thumbnail","6":"product_cat-productos-mantenimiento-y-cuidado","8":"first","9":"instock","10":"taxable","11":"shipping-taxable","12":"purchasable","13":"product-type-simple"},"acf":[],"yoast_head":"<!-- This site is optimized with the Yoast SEO plugin v27.5 - https:\/\/yoast.com\/product\/yoast-seo-wordpress\/ -->\n<title>Suelo hidr\u00e1ulico Cera Wax Tile - Mosaics Torra - Suelos Hidr\u00e1ulicos<\/title>\n<meta name=\"robots\" content=\"index, follow, max-snippet:-1, max-image-preview:large, max-video-preview:-1\" \/>\n<link rel=\"canonical\" href=\"http:\/\/mosaicstorra.com\/ca\/productes\/terra-hidraulic-cera-wax-tile\/\" \/>\n<meta property=\"og:locale\" content=\"ca_ES\" \/>\n<meta property=\"og:type\" content=\"article\" \/>\n<meta property=\"og:title\" content=\"Suelo hidr\u00e1ulico Cera Wax Tile - Mosaics Torra - Suelos Hidr\u00e1ulicos\" \/>\n<meta property=\"og:description\" content=\"Es el producto id\u00f3neo para conseguir un acabado mas brillante en nuestros suelos hidr\u00e1ulicos. Es muy importante seguir las instrucciones de aplicaci\u00f3n de este producto que vienen debidamente indicadas en cada envase para as\u00ed conseguir una efectividad optima en el tratamiento de nuestras baldosas hidr\u00e1ulicas.\" \/>\n<meta property=\"og:url\" content=\"http:\/\/mosaicstorra.com\/ca\/productes\/terra-hidraulic-cera-wax-tile\/\" \/>\n<meta property=\"og:site_name\" content=\"Mosaics Torra - Suelos Hidr\u00e1ulicos\" \/>\n<meta property=\"article:modified_time\" content=\"2025-11-20T07:34:20+00:00\" \/>\n<meta property=\"og:image\" content=\"https:\/\/mosaicstorra.com\/wp-content\/uploads\/2024\/08\/mantenimiento-baldosa-hidraulica-torra-wax-tile.webp\" \/>\n\t<meta property=\"og:image:width\" content=\"800\" \/>\n\t<meta property=\"og:image:height\" content=\"800\" \/>\n\t<meta property=\"og:image:type\" content=\"image\/webp\" \/>\n<meta name=\"twitter:card\" content=\"summary_large_image\" \/>\n<meta name=\"twitter:label1\" content=\"Temps estimat de lectura\" \/>\n\t<meta name=\"twitter:data1\" content=\"1 minut\" \/>\n<script type=\"application\/ld+json\" class=\"yoast-schema-graph\">{\"@context\":\"https:\\\/\\\/schema.org\",\"@graph\":[{\"@type\":\"WebPage\",\"@id\":\"http:\\\/\\\/mosaicstorra.com\\\/ca\\\/productes\\\/terra-hidraulic-cera-wax-tile\\\/\",\"url\":\"http:\\\/\\\/mosaicstorra.com\\\/ca\\\/productes\\\/terra-hidraulic-cera-wax-tile\\\/\",\"name\":\"Suelo hidr\u00e1ulico Cera Wax Tile - Mosaics Torra - Suelos Hidr\u00e1ulicos\",\"isPartOf\":{\"@id\":\"https:\\\/\\\/mosaicstorra.com\\\/#website\"},\"primaryImageOfPage\":{\"@id\":\"http:\\\/\\\/mosaicstorra.com\\\/ca\\\/productes\\\/terra-hidraulic-cera-wax-tile\\\/#primaryimage\"},\"image\":{\"@id\":\"http:\\\/\\\/mosaicstorra.com\\\/ca\\\/productes\\\/terra-hidraulic-cera-wax-tile\\\/#primaryimage\"},\"thumbnailUrl\":\"https:\\\/\\\/mosaicstorra.com\\\/wp-content\\\/uploads\\\/2024\\\/08\\\/mantenimiento-baldosa-hidraulica-torra-wax-tile.webp\",\"datePublished\":\"2024-08-13T21:02:32+00:00\",\"dateModified\":\"2025-11-20T07:34:20+00:00\",\"breadcrumb\":{\"@id\":\"http:\\\/\\\/mosaicstorra.com\\\/ca\\\/productes\\\/terra-hidraulic-cera-wax-tile\\\/#breadcrumb\"},\"inLanguage\":\"ca\",\"potentialAction\":[{\"@type\":\"ReadAction\",\"target\":[\"http:\\\/\\\/mosaicstorra.com\\\/ca\\\/productes\\\/terra-hidraulic-cera-wax-tile\\\/\"]}]},{\"@type\":\"ImageObject\",\"inLanguage\":\"ca\",\"@id\":\"http:\\\/\\\/mosaicstorra.com\\\/ca\\\/productes\\\/terra-hidraulic-cera-wax-tile\\\/#primaryimage\",\"url\":\"https:\\\/\\\/mosaicstorra.com\\\/wp-content\\\/uploads\\\/2024\\\/08\\\/mantenimiento-baldosa-hidraulica-torra-wax-tile.webp\",\"contentUrl\":\"https:\\\/\\\/mosaicstorra.com\\\/wp-content\\\/uploads\\\/2024\\\/08\\\/mantenimiento-baldosa-hidraulica-torra-wax-tile.webp\",\"width\":800,\"height\":800},{\"@type\":\"BreadcrumbList\",\"@id\":\"http:\\\/\\\/mosaicstorra.com\\\/ca\\\/productes\\\/terra-hidraulic-cera-wax-tile\\\/#breadcrumb\",\"itemListElement\":[{\"@type\":\"ListItem\",\"position\":1,\"name\":\"Portada\",\"item\":\"https:\\\/\\\/mosaicstorra.com\\\/\"},{\"@type\":\"ListItem\",\"position\":2,\"name\":\"Products\",\"item\":\"https:\\\/\\\/mosaicstorra.com\\\/shop\\\/\"},{\"@type\":\"ListItem\",\"position\":3,\"name\":\"Suelo hidr\u00e1ulico Cera Wax Tile\"}]},{\"@type\":\"WebSite\",\"@id\":\"https:\\\/\\\/mosaicstorra.com\\\/#website\",\"url\":\"https:\\\/\\\/mosaicstorra.com\\\/\",\"name\":\"Mosaics Torra - Suelos Hidr\u00e1ulicos\",\"description\":\"Baldosas que cuentan historias\",\"publisher\":{\"@id\":\"https:\\\/\\\/mosaicstorra.com\\\/#organization\"},\"potentialAction\":[{\"@type\":\"SearchAction\",\"target\":{\"@type\":\"EntryPoint\",\"urlTemplate\":\"https:\\\/\\\/mosaicstorra.com\\\/?s={search_term_string}\"},\"query-input\":{\"@type\":\"PropertyValueSpecification\",\"valueRequired\":true,\"valueName\":\"search_term_string\"}}],\"inLanguage\":\"ca\"},{\"@type\":\"Organization\",\"@id\":\"https:\\\/\\\/mosaicstorra.com\\\/#organization\",\"name\":\"Mosaics Torra - Suelos Hidr\u00e1ulicos\",\"url\":\"https:\\\/\\\/mosaicstorra.com\\\/\",\"logo\":{\"@type\":\"ImageObject\",\"inLanguage\":\"ca\",\"@id\":\"https:\\\/\\\/mosaicstorra.com\\\/#\\\/schema\\\/logo\\\/image\\\/\",\"url\":\"https:\\\/\\\/mosaicstorra.com\\\/wp-content\\\/uploads\\\/2024\\\/11\\\/cropped-logo_wo_bcn.png\",\"contentUrl\":\"https:\\\/\\\/mosaicstorra.com\\\/wp-content\\\/uploads\\\/2024\\\/11\\\/cropped-logo_wo_bcn.png\",\"width\":205,\"height\":77,\"caption\":\"Mosaics Torra - Suelos Hidr\u00e1ulicos\"},\"image\":{\"@id\":\"https:\\\/\\\/mosaicstorra.com\\\/#\\\/schema\\\/logo\\\/image\\\/\"}}]}<\/script>\n<!-- \/ Yoast SEO plugin. -->","yoast_head_json":{"title":"S\u00f2l hidr\u00e0ulic Cera Wax Tile - Mosaics Torra - S\u00f2ls Hidr\u00e0ulics","robots":{"index":"index","follow":"follow","max-snippet":"max-snippet:-1","max-image-preview":"max-image-preview:large","max-video-preview":"max-video-preview:-1"},"canonical":"http:\/\/mosaicstorra.com\/ca\/productes\/terra-hidraulic-cera-wax-tile\/","og_locale":"ca_ES","og_type":"article","og_title":"Suelo hidr\u00e1ulico Cera Wax Tile - Mosaics Torra - Suelos Hidr\u00e1ulicos","og_description":"Es el producto id\u00f3neo para conseguir un acabado mas brillante en nuestros suelos hidr\u00e1ulicos. Es muy importante seguir las instrucciones de aplicaci\u00f3n de este producto que vienen debidamente indicadas en cada envase para as\u00ed conseguir una efectividad optima en el tratamiento de nuestras baldosas hidr\u00e1ulicas.","og_url":"http:\/\/mosaicstorra.com\/ca\/productes\/terra-hidraulic-cera-wax-tile\/","og_site_name":"Mosaics Torra - Suelos Hidr\u00e1ulicos","article_modified_time":"2025-11-20T07:34:20+00:00","og_image":[{"width":800,"height":800,"url":"https:\/\/mosaicstorra.com\/wp-content\/uploads\/2024\/08\/mantenimiento-baldosa-hidraulica-torra-wax-tile.webp","type":"image\/webp"}],"twitter_card":"summary_large_image","twitter_misc":{"Temps estimat de lectura":"1 minut"},"schema":{"@context":"https:\/\/schema.org","@graph":[{"@type":"WebPage","@id":"http:\/\/mosaicstorra.com\/ca\/productes\/terra-hidraulic-cera-wax-tile\/","url":"http:\/\/mosaicstorra.com\/ca\/productes\/terra-hidraulic-cera-wax-tile\/","name":"S\u00f2l hidr\u00e0ulic Cera Wax Tile - Mosaics Torra - S\u00f2ls Hidr\u00e0ulics","isPartOf":{"@id":"https:\/\/mosaicstorra.com\/#website"},"primaryImageOfPage":{"@id":"http:\/\/mosaicstorra.com\/ca\/productes\/terra-hidraulic-cera-wax-tile\/#primaryimage"},"image":{"@id":"http:\/\/mosaicstorra.com\/ca\/productes\/terra-hidraulic-cera-wax-tile\/#primaryimage"},"thumbnailUrl":"https:\/\/mosaicstorra.com\/wp-content\/uploads\/2024\/08\/mantenimiento-baldosa-hidraulica-torra-wax-tile.webp","datePublished":"2024-08-13T21:02:32+00:00","dateModified":"2025-11-20T07:34:20+00:00","breadcrumb":{"@id":"http:\/\/mosaicstorra.com\/ca\/productes\/terra-hidraulic-cera-wax-tile\/#breadcrumb"},"inLanguage":"ca","potentialAction":[{"@type":"ReadAction","target":["http:\/\/mosaicstorra.com\/ca\/productes\/terra-hidraulic-cera-wax-tile\/"]}]},{"@type":"ImageObject","inLanguage":"ca","@id":"http:\/\/mosaicstorra.com\/ca\/productes\/terra-hidraulic-cera-wax-tile\/#primaryimage","url":"https:\/\/mosaicstorra.com\/wp-content\/uploads\/2024\/08\/mantenimiento-baldosa-hidraulica-torra-wax-tile.webp","contentUrl":"https:\/\/mosaicstorra.com\/wp-content\/uploads\/2024\/08\/mantenimiento-baldosa-hidraulica-torra-wax-tile.webp","width":800,"height":800},{"@type":"BreadcrumbList","@id":"http:\/\/mosaicstorra.com\/ca\/productes\/terra-hidraulic-cera-wax-tile\/#breadcrumb","itemListElement":[{"@type":"ListItem","position":1,"name":"Portada","item":"https:\/\/mosaicstorra.com\/"},{"@type":"ListItem","position":2,"name":"Products","item":"https:\/\/mosaicstorra.com\/shop\/"},{"@type":"ListItem","position":3,"name":"Suelo hidr\u00e1ulico Cera Wax Tile"}]},{"@type":"WebSite","@id":"https:\/\/mosaicstorra.com\/#website","url":"https:\/\/mosaicstorra.com\/","name":"Mosaics Torra - Mosaics Hidr\u00e0ulics","description":"Rajoles que expliquen hist\u00f2ries","publisher":{"@id":"https:\/\/mosaicstorra.com\/#organization"},"potentialAction":[{"@type":"SearchAction","target":{"@type":"EntryPoint","urlTemplate":"https:\/\/mosaicstorra.com\/?s={search_term_string}"},"query-input":{"@type":"PropertyValueSpecification","valueRequired":true,"valueName":"search_term_string"}}],"inLanguage":"ca"},{"@type":"Organization","@id":"https:\/\/mosaicstorra.com\/#organization","name":"Mosaics Torra - Mosaics Hidr\u00e0ulics","url":"https:\/\/mosaicstorra.com\/","logo":{"@type":"ImageObject","inLanguage":"ca","@id":"https:\/\/mosaicstorra.com\/#\/schema\/logo\/image\/","url":"https:\/\/mosaicstorra.com\/wp-content\/uploads\/2024\/11\/cropped-logo_wo_bcn.png","contentUrl":"https:\/\/mosaicstorra.com\/wp-content\/uploads\/2024\/11\/cropped-logo_wo_bcn.png","width":205,"height":77,"caption":"Mosaics Torra - Suelos Hidr\u00e1ulicos"},"image":{"@id":"https:\/\/mosaicstorra.com\/#\/schema\/logo\/image\/"}}]}},"_links":{"self":[{"href":"https:\/\/mosaicstorra.com\/ca\/wp-json\/wp\/v2\/product\/11725","targetHints":{"allow":["GET"]}}],"collection":[{"href":"https:\/\/mosaicstorra.com\/ca\/wp-json\/wp\/v2\/product"}],"about":[{"href":"https:\/\/mosaicstorra.com\/ca\/wp-json\/wp\/v2\/types\/product"}],"replies":[{"embeddable":true,"href":"https:\/\/mosaicstorra.com\/ca\/wp-json\/wp\/v2\/comments?post=11725"}],"wp:featuredmedia":[{"embeddable":true,"href":"https:\/\/mosaicstorra.com\/ca\/wp-json\/wp\/v2\/media\/28940"}],"wp:attachment":[{"href":"https:\/\/mosaicstorra.com\/ca\/wp-json\/wp\/v2\/media?parent=11725"}],"wp:term":[{"taxonomy":"product_brand","embeddable":true,"href":"https:\/\/mosaicstorra.com\/ca\/wp-json\/wp\/v2\/product_brand?post=11725"},{"taxonomy":"product_cat","embeddable":true,"href":"https:\/\/mosaicstorra.com\/ca\/wp-json\/wp\/v2\/product_cat?post=11725"},{"taxonomy":"product_tag","embeddable":true,"href":"https:\/\/mosaicstorra.com\/ca\/wp-json\/wp\/v2\/product_tag?post=11725"}],"curies":[{"name":"wp","href":"https:\/\/api.w.org\/{rel}","templated":true}]}}