{"id":30246,"date":"2025-06-11T14:59:47","date_gmt":"2025-06-11T13:59:47","guid":{"rendered":"https:\/\/mosaicstorra.com\/?page_id=30246"},"modified":"2025-12-04T11:46:05","modified_gmt":"2025-12-04T10:46:05","slug":"we","status":"publish","type":"page","link":"https:\/\/mosaicstorra.com\/en\/we\/","title":{"rendered":"About us"},"content":{"rendered":"","protected":false},"excerpt":{"rendered":"","protected":false},"author":6,"featured_media":0,"parent":0,"menu_order":0,"comment_status":"closed","ping_status":"closed","template":"","meta":{"_acf_changed":false,"footnotes":""},"class_list":["post-30246","page","type-page","status-publish","hentry"],"acf":[],"yoast_head":"<!-- This site is optimized with the Yoast SEO plugin v26.9 - https:\/\/yoast.com\/product\/yoast-seo-wordpress\/ -->\n<title>Sobre nosotros - Mosaics Torra - Suelos Hidr\u00e1ulicos<\/title>\n<meta name=\"description\" content=\"Conoce Mosaics Torra: artesanos especializados en baldosas hidr\u00e1ulicas y terrazzo. Tradici\u00f3n, calidad y dise\u00f1o para proyectos con identidad.\" \/>\n<meta name=\"robots\" content=\"index, follow, max-snippet:-1, max-image-preview:large, max-video-preview:-1\" \/>\n<link rel=\"canonical\" href=\"https:\/\/mosaicstorra.com\/en\/we\/\" \/>\n<meta property=\"og:locale\" content=\"en_GB\" \/>\n<meta property=\"og:type\" content=\"article\" \/>\n<meta property=\"og:title\" content=\"Sobre nosotros - Mosaics Torra - Suelos Hidr\u00e1ulicos\" \/>\n<meta property=\"og:description\" content=\"Conoce Mosaics Torra: artesanos especializados en baldosas hidr\u00e1ulicas y terrazzo. Tradici\u00f3n, calidad y dise\u00f1o para proyectos con identidad.\" \/>\n<meta property=\"og:url\" content=\"https:\/\/mosaicstorra.com\/en\/we\/\" \/>\n<meta property=\"og:site_name\" content=\"Mosaics Torra - Suelos Hidr\u00e1ulicos\" \/>\n<meta property=\"article:modified_time\" content=\"2025-12-04T10:46:05+00:00\" \/>\n<meta name=\"twitter:card\" content=\"summary_large_image\" \/>\n<script type=\"application\/ld+json\" class=\"yoast-schema-graph\">{\"@context\":\"https:\/\/schema.org\",\"@graph\":[{\"@type\":\"WebPage\",\"@id\":\"https:\/\/mosaicstorra.com\/nosotros\/\",\"url\":\"https:\/\/mosaicstorra.com\/nosotros\/\",\"name\":\"Sobre nosotros - Mosaics Torra - Suelos Hidr\u00e1ulicos\",\"isPartOf\":{\"@id\":\"https:\/\/mosaicstorra.com\/#website\"},\"datePublished\":\"2025-06-11T13:59:47+00:00\",\"dateModified\":\"2025-12-04T10:46:05+00:00\",\"description\":\"Conoce Mosaics Torra: artesanos especializados en baldosas hidr\u00e1ulicas y terrazzo. Tradici\u00f3n, calidad y dise\u00f1o para proyectos con identidad.\",\"breadcrumb\":{\"@id\":\"https:\/\/mosaicstorra.com\/nosotros\/#breadcrumb\"},\"inLanguage\":\"en-GB\",\"potentialAction\":[{\"@type\":\"ReadAction\",\"target\":[\"https:\/\/mosaicstorra.com\/nosotros\/\"]}]},{\"@type\":\"BreadcrumbList\",\"@id\":\"https:\/\/mosaicstorra.com\/nosotros\/#breadcrumb\",\"itemListElement\":[{\"@type\":\"ListItem\",\"position\":1,\"name\":\"Portada\",\"item\":\"https:\/\/mosaicstorra.com\/\"},{\"@type\":\"ListItem\",\"position\":2,\"name\":\"Sobre nosotros\"}]},{\"@type\":\"WebSite\",\"@id\":\"https:\/\/mosaicstorra.com\/#website\",\"url\":\"https:\/\/mosaicstorra.com\/\",\"name\":\"Mosaics Torra - Suelos Hidr\u00e1ulicos\",\"description\":\"Baldosas que cuentan historias\",\"publisher\":{\"@id\":\"https:\/\/mosaicstorra.com\/#organization\"},\"potentialAction\":[{\"@type\":\"SearchAction\",\"target\":{\"@type\":\"EntryPoint\",\"urlTemplate\":\"https:\/\/mosaicstorra.com\/?s={search_term_string}\"},\"query-input\":{\"@type\":\"PropertyValueSpecification\",\"valueRequired\":true,\"valueName\":\"search_term_string\"}}],\"inLanguage\":\"en-GB\"},{\"@type\":\"Organization\",\"@id\":\"https:\/\/mosaicstorra.com\/#organization\",\"name\":\"Mosaics Torra - Suelos Hidr\u00e1ulicos\",\"url\":\"https:\/\/mosaicstorra.com\/\",\"logo\":{\"@type\":\"ImageObject\",\"inLanguage\":\"en-GB\",\"@id\":\"https:\/\/mosaicstorra.com\/#\/schema\/logo\/image\/\",\"url\":\"https:\/\/mosaicstorra.com\/wp-content\/uploads\/2024\/11\/cropped-logo_wo_bcn.png\",\"contentUrl\":\"https:\/\/mosaicstorra.com\/wp-content\/uploads\/2024\/11\/cropped-logo_wo_bcn.png\",\"width\":205,\"height\":77,\"caption\":\"Mosaics Torra - Suelos Hidr\u00e1ulicos\"},\"image\":{\"@id\":\"https:\/\/mosaicstorra.com\/#\/schema\/logo\/image\/\"}}]}<\/script>\n<!-- \/ Yoast SEO plugin. -->","yoast_head_json":{"title":"About us - Mosaics Torra - encaustic cement tiles","description":"Meet Mosaics Torra: craftsmen specialising in hydraulic tiles and terrazzo. Tradition, quality and design for projects with identity.","robots":{"index":"index","follow":"follow","max-snippet":"max-snippet:-1","max-image-preview":"max-image-preview:large","max-video-preview":"max-video-preview:-1"},"canonical":"https:\/\/mosaicstorra.com\/en\/we\/","og_locale":"en_GB","og_type":"article","og_title":"Sobre nosotros - Mosaics Torra - Suelos Hidr\u00e1ulicos","og_description":"Conoce Mosaics Torra: artesanos especializados en baldosas hidr\u00e1ulicas y terrazzo. Tradici\u00f3n, calidad y dise\u00f1o para proyectos con identidad.","og_url":"https:\/\/mosaicstorra.com\/en\/we\/","og_site_name":"Mosaics Torra - Suelos Hidr\u00e1ulicos","article_modified_time":"2025-12-04T10:46:05+00:00","twitter_card":"summary_large_image","schema":{"@context":"https:\/\/schema.org","@graph":[{"@type":"WebPage","@id":"https:\/\/mosaicstorra.com\/nosotros\/","url":"https:\/\/mosaicstorra.com\/nosotros\/","name":"About us - Mosaics Torra - encaustic cement tiles","isPartOf":{"@id":"https:\/\/mosaicstorra.com\/#website"},"datePublished":"2025-06-11T13:59:47+00:00","dateModified":"2025-12-04T10:46:05+00:00","description":"Meet Mosaics Torra: craftsmen specialising in hydraulic tiles and terrazzo. Tradition, quality and design for projects with identity.","breadcrumb":{"@id":"https:\/\/mosaicstorra.com\/nosotros\/#breadcrumb"},"inLanguage":"en-GB","potentialAction":[{"@type":"ReadAction","target":["https:\/\/mosaicstorra.com\/nosotros\/"]}]},{"@type":"BreadcrumbList","@id":"https:\/\/mosaicstorra.com\/nosotros\/#breadcrumb","itemListElement":[{"@type":"ListItem","position":1,"name":"Portada","item":"https:\/\/mosaicstorra.com\/"},{"@type":"ListItem","position":2,"name":"Sobre nosotros"}]},{"@type":"WebSite","@id":"https:\/\/mosaicstorra.com\/#website","url":"https:\/\/mosaicstorra.com\/","name":"Mosaics Torra - Cement Tiles","description":"Tiles that tell stories","publisher":{"@id":"https:\/\/mosaicstorra.com\/#organization"},"potentialAction":[{"@type":"SearchAction","target":{"@type":"EntryPoint","urlTemplate":"https:\/\/mosaicstorra.com\/?s={search_term_string}"},"query-input":{"@type":"PropertyValueSpecification","valueRequired":true,"valueName":"search_term_string"}}],"inLanguage":"en-GB"},{"@type":"Organization","@id":"https:\/\/mosaicstorra.com\/#organization","name":"Mosaics Torra - Cement Tiles","url":"https:\/\/mosaicstorra.com\/","logo":{"@type":"ImageObject","inLanguage":"en-GB","@id":"https:\/\/mosaicstorra.com\/#\/schema\/logo\/image\/","url":"https:\/\/mosaicstorra.com\/wp-content\/uploads\/2024\/11\/cropped-logo_wo_bcn.png","contentUrl":"https:\/\/mosaicstorra.com\/wp-content\/uploads\/2024\/11\/cropped-logo_wo_bcn.png","width":205,"height":77,"caption":"Mosaics Torra - Suelos Hidr\u00e1ulicos"},"image":{"@id":"https:\/\/mosaicstorra.com\/#\/schema\/logo\/image\/"}}]}},"_links":{"self":[{"href":"https:\/\/mosaicstorra.com\/en\/wp-json\/wp\/v2\/pages\/30246","targetHints":{"allow":["GET"]}}],"collection":[{"href":"https:\/\/mosaicstorra.com\/en\/wp-json\/wp\/v2\/pages"}],"about":[{"href":"https:\/\/mosaicstorra.com\/en\/wp-json\/wp\/v2\/types\/page"}],"author":[{"embeddable":true,"href":"https:\/\/mosaicstorra.com\/en\/wp-json\/wp\/v2\/users\/6"}],"replies":[{"embeddable":true,"href":"https:\/\/mosaicstorra.com\/en\/wp-json\/wp\/v2\/comments?post=30246"}],"version-history":[{"count":1,"href":"https:\/\/mosaicstorra.com\/en\/wp-json\/wp\/v2\/pages\/30246\/revisions"}],"predecessor-version":[{"id":30247,"href":"https:\/\/mosaicstorra.com\/en\/wp-json\/wp\/v2\/pages\/30246\/revisions\/30247"}],"wp:attachment":[{"href":"https:\/\/mosaicstorra.com\/en\/wp-json\/wp\/v2\/media?parent=30246"}],"curies":[{"name":"wp","href":"https:\/\/api.w.org\/{rel}","templated":true}]}}