{"id":31259,"date":"2025-07-04T10:53:31","date_gmt":"2025-07-04T09:53:31","guid":{"rendered":"https:\/\/mosaicstorra.com\/?page_id=31259"},"modified":"2026-03-03T10:40:51","modified_gmt":"2026-03-03T09:40:51","slug":"bathroom-cement-tiles","status":"publish","type":"page","link":"https:\/\/mosaicstorra.com\/en\/baldosas-hidraulicas-para-bano\/","title":{"rendered":"Bathroom Tiles"},"content":{"rendered":"","protected":false},"excerpt":{"rendered":"","protected":false},"author":6,"featured_media":0,"parent":0,"menu_order":0,"comment_status":"closed","ping_status":"closed","template":"","meta":{"_acf_changed":false,"footnotes":""},"class_list":["post-31259","page","type-page","status-publish","hentry"],"acf":[],"yoast_head":"<!-- This site is optimized with the Yoast SEO plugin v27.3 - https:\/\/yoast.com\/product\/yoast-seo-wordpress\/ -->\n<title>Suelo hidr\u00e1ulico para ba\u00f1o - Mosaics Torra - Suelos Hidr\u00e1ulicos<\/title>\n<meta name=\"description\" content=\"Baldosas hidr\u00e1ulicas para ba\u00f1o con dise\u00f1os artesanales. Insp\u00edrate con opciones \u00fanicas para renovar tu espacio.\" \/>\n<meta name=\"robots\" content=\"index, follow, max-snippet:-1, max-image-preview:large, max-video-preview:-1\" \/>\n<link rel=\"canonical\" href=\"https:\/\/mosaicstorra.com\/en\/bathroom-cement-tiles\/\" \/>\n<meta property=\"og:locale\" content=\"en_GB\" \/>\n<meta property=\"og:type\" content=\"article\" \/>\n<meta property=\"og:title\" content=\"Suelo hidr\u00e1ulico para ba\u00f1o - Mosaics Torra - Suelos Hidr\u00e1ulicos\" \/>\n<meta property=\"og:description\" content=\"Baldosas hidr\u00e1ulicas para ba\u00f1o con dise\u00f1os artesanales. Insp\u00edrate con opciones \u00fanicas para renovar tu espacio.\" \/>\n<meta property=\"og:url\" content=\"https:\/\/mosaicstorra.com\/en\/bathroom-cement-tiles\/\" \/>\n<meta property=\"og:site_name\" content=\"Mosaics Torra - Suelos Hidr\u00e1ulicos\" \/>\n<meta property=\"article:modified_time\" content=\"2026-03-03T09:40:51+00:00\" \/>\n<meta name=\"twitter:card\" content=\"summary_large_image\" \/>\n<script type=\"application\/ld+json\" class=\"yoast-schema-graph\">{\"@context\":\"https:\\\/\\\/schema.org\",\"@graph\":[{\"@type\":\"WebPage\",\"@id\":\"https:\\\/\\\/mosaicstorra.com\\\/baldosas-hidraulicas-para-bano\\\/\",\"url\":\"https:\\\/\\\/mosaicstorra.com\\\/baldosas-hidraulicas-para-bano\\\/\",\"name\":\"Suelo hidr\u00e1ulico para ba\u00f1o - Mosaics Torra - Suelos Hidr\u00e1ulicos\",\"isPartOf\":{\"@id\":\"https:\\\/\\\/mosaicstorra.com\\\/#website\"},\"datePublished\":\"2025-07-04T09:53:31+00:00\",\"dateModified\":\"2026-03-03T09:40:51+00:00\",\"description\":\"Baldosas hidr\u00e1ulicas para ba\u00f1o con dise\u00f1os artesanales. Insp\u00edrate con opciones \u00fanicas para renovar tu espacio.\",\"breadcrumb\":{\"@id\":\"https:\\\/\\\/mosaicstorra.com\\\/baldosas-hidraulicas-para-bano\\\/#breadcrumb\"},\"inLanguage\":\"en-GB\",\"potentialAction\":[{\"@type\":\"ReadAction\",\"target\":[\"https:\\\/\\\/mosaicstorra.com\\\/baldosas-hidraulicas-para-bano\\\/\"]}]},{\"@type\":\"BreadcrumbList\",\"@id\":\"https:\\\/\\\/mosaicstorra.com\\\/baldosas-hidraulicas-para-bano\\\/#breadcrumb\",\"itemListElement\":[{\"@type\":\"ListItem\",\"position\":1,\"name\":\"Portada\",\"item\":\"https:\\\/\\\/mosaicstorra.com\\\/\"},{\"@type\":\"ListItem\",\"position\":2,\"name\":\"Para ba\u00f1o\"}]},{\"@type\":\"WebSite\",\"@id\":\"https:\\\/\\\/mosaicstorra.com\\\/#website\",\"url\":\"https:\\\/\\\/mosaicstorra.com\\\/\",\"name\":\"Mosaics Torra - Suelos Hidr\u00e1ulicos\",\"description\":\"Baldosas que cuentan historias\",\"publisher\":{\"@id\":\"https:\\\/\\\/mosaicstorra.com\\\/#organization\"},\"potentialAction\":[{\"@type\":\"SearchAction\",\"target\":{\"@type\":\"EntryPoint\",\"urlTemplate\":\"https:\\\/\\\/mosaicstorra.com\\\/?s={search_term_string}\"},\"query-input\":{\"@type\":\"PropertyValueSpecification\",\"valueRequired\":true,\"valueName\":\"search_term_string\"}}],\"inLanguage\":\"en-GB\"},{\"@type\":\"Organization\",\"@id\":\"https:\\\/\\\/mosaicstorra.com\\\/#organization\",\"name\":\"Mosaics Torra - Suelos Hidr\u00e1ulicos\",\"url\":\"https:\\\/\\\/mosaicstorra.com\\\/\",\"logo\":{\"@type\":\"ImageObject\",\"inLanguage\":\"en-GB\",\"@id\":\"https:\\\/\\\/mosaicstorra.com\\\/#\\\/schema\\\/logo\\\/image\\\/\",\"url\":\"https:\\\/\\\/mosaicstorra.com\\\/wp-content\\\/uploads\\\/2024\\\/11\\\/cropped-logo_wo_bcn.png\",\"contentUrl\":\"https:\\\/\\\/mosaicstorra.com\\\/wp-content\\\/uploads\\\/2024\\\/11\\\/cropped-logo_wo_bcn.png\",\"width\":205,\"height\":77,\"caption\":\"Mosaics Torra - Suelos Hidr\u00e1ulicos\"},\"image\":{\"@id\":\"https:\\\/\\\/mosaicstorra.com\\\/#\\\/schema\\\/logo\\\/image\\\/\"}}]}<\/script>\n<!-- \/ Yoast SEO plugin. -->","yoast_head_json":{"title":"Cement tiles for bathroom - Mosaics Torra","description":"Cement tiles for bathrooms with handcrafted designs. Discover unique options to transform your space.","robots":{"index":"index","follow":"follow","max-snippet":"max-snippet:-1","max-image-preview":"max-image-preview:large","max-video-preview":"max-video-preview:-1"},"canonical":"https:\/\/mosaicstorra.com\/en\/bathroom-cement-tiles\/","og_locale":"en_GB","og_type":"article","og_title":"Suelo hidr\u00e1ulico para ba\u00f1o - Mosaics Torra - Suelos Hidr\u00e1ulicos","og_description":"Baldosas hidr\u00e1ulicas para ba\u00f1o con dise\u00f1os artesanales. Insp\u00edrate con opciones \u00fanicas para renovar tu espacio.","og_url":"https:\/\/mosaicstorra.com\/en\/bathroom-cement-tiles\/","og_site_name":"Mosaics Torra - Suelos Hidr\u00e1ulicos","article_modified_time":"2026-03-03T09:40:51+00:00","twitter_card":"summary_large_image","schema":{"@context":"https:\/\/schema.org","@graph":[{"@type":"WebPage","@id":"https:\/\/mosaicstorra.com\/baldosas-hidraulicas-para-bano\/","url":"https:\/\/mosaicstorra.com\/baldosas-hidraulicas-para-bano\/","name":"Cement tiles for bathroom - Mosaics Torra","isPartOf":{"@id":"https:\/\/mosaicstorra.com\/#website"},"datePublished":"2025-07-04T09:53:31+00:00","dateModified":"2026-03-03T09:40:51+00:00","description":"Cement tiles for bathrooms with handcrafted designs. Discover unique options to transform your space.","breadcrumb":{"@id":"https:\/\/mosaicstorra.com\/baldosas-hidraulicas-para-bano\/#breadcrumb"},"inLanguage":"en-GB","potentialAction":[{"@type":"ReadAction","target":["https:\/\/mosaicstorra.com\/baldosas-hidraulicas-para-bano\/"]}]},{"@type":"BreadcrumbList","@id":"https:\/\/mosaicstorra.com\/baldosas-hidraulicas-para-bano\/#breadcrumb","itemListElement":[{"@type":"ListItem","position":1,"name":"Portada","item":"https:\/\/mosaicstorra.com\/"},{"@type":"ListItem","position":2,"name":"Para ba\u00f1o"}]},{"@type":"WebSite","@id":"https:\/\/mosaicstorra.com\/#website","url":"https:\/\/mosaicstorra.com\/","name":"Mosaics Torra - Cement Tiles","description":"Tiles that tell stories","publisher":{"@id":"https:\/\/mosaicstorra.com\/#organization"},"potentialAction":[{"@type":"SearchAction","target":{"@type":"EntryPoint","urlTemplate":"https:\/\/mosaicstorra.com\/?s={search_term_string}"},"query-input":{"@type":"PropertyValueSpecification","valueRequired":true,"valueName":"search_term_string"}}],"inLanguage":"en-GB"},{"@type":"Organization","@id":"https:\/\/mosaicstorra.com\/#organization","name":"Mosaics Torra - Cement Tiles","url":"https:\/\/mosaicstorra.com\/","logo":{"@type":"ImageObject","inLanguage":"en-GB","@id":"https:\/\/mosaicstorra.com\/#\/schema\/logo\/image\/","url":"https:\/\/mosaicstorra.com\/wp-content\/uploads\/2024\/11\/cropped-logo_wo_bcn.png","contentUrl":"https:\/\/mosaicstorra.com\/wp-content\/uploads\/2024\/11\/cropped-logo_wo_bcn.png","width":205,"height":77,"caption":"Mosaics Torra - Suelos Hidr\u00e1ulicos"},"image":{"@id":"https:\/\/mosaicstorra.com\/#\/schema\/logo\/image\/"}}]}},"_links":{"self":[{"href":"https:\/\/mosaicstorra.com\/en\/wp-json\/wp\/v2\/pages\/31259","targetHints":{"allow":["GET"]}}],"collection":[{"href":"https:\/\/mosaicstorra.com\/en\/wp-json\/wp\/v2\/pages"}],"about":[{"href":"https:\/\/mosaicstorra.com\/en\/wp-json\/wp\/v2\/types\/page"}],"author":[{"embeddable":true,"href":"https:\/\/mosaicstorra.com\/en\/wp-json\/wp\/v2\/users\/6"}],"replies":[{"embeddable":true,"href":"https:\/\/mosaicstorra.com\/en\/wp-json\/wp\/v2\/comments?post=31259"}],"version-history":[{"count":1,"href":"https:\/\/mosaicstorra.com\/en\/wp-json\/wp\/v2\/pages\/31259\/revisions"}],"predecessor-version":[{"id":31260,"href":"https:\/\/mosaicstorra.com\/en\/wp-json\/wp\/v2\/pages\/31259\/revisions\/31260"}],"wp:attachment":[{"href":"https:\/\/mosaicstorra.com\/en\/wp-json\/wp\/v2\/media?parent=31259"}],"curies":[{"name":"wp","href":"https:\/\/api.w.org\/{rel}","templated":true}]}}