{"id":770,"date":"2013-12-26T10:24:15","date_gmt":"2013-12-26T09:24:15","guid":{"rendered":"https:\/\/nueva.torramosaicoshidraulicos.es\/baldosa-hidraulica\/baldosa-hidraulica-ref-1-a-yc\/"},"modified":"2025-11-14T09:28:05","modified_gmt":"2025-11-14T08:28:05","slug":"cement-tile-ref-1","status":"publish","type":"product","link":"https:\/\/mosaicstorra.com\/en\/products\/cement-tile-ref-1\/","title":{"rendered":"Cement Tile 1 (A-Y-C)"},"content":{"rendered":"<p><strong>Line: <\/strong>Hydraulic Tile Stock line<\/p>\r\n<p><strong>Collection: <\/strong>Classic Victorian Ref 1 (A,Y,C)<\/p>\r\n\r\n<p>&nbsp;<\/p>","protected":false},"excerpt":{"rendered":"<p>Classic Victorian collection - Cement tile 1 &nbsp;<\/p>","protected":false},"featured_media":28765,"comment_status":"closed","ping_status":"closed","template":"","meta":{"_acf_changed":false},"product_brand":[],"product_cat":[677,1542,1550],"product_tag":[],"class_list":{"0":"post-770","1":"product","2":"type-product","3":"status-publish","4":"has-post-thumbnail","6":"product_cat-coleccion-classic-victorian","7":"product_cat-color-gris","8":"product_cat-colores","10":"first","11":"instock","12":"taxable","13":"shipping-taxable","14":"purchasable","15":"product-type-simple"},"acf":[],"yoast_head":"<!-- This site is optimized with the Yoast SEO plugin v26.9 - https:\/\/yoast.com\/product\/yoast-seo-wordpress\/ -->\n<title>Baldosa Hidr\u00e1ulica 1 (A-Y-C) - Mosaics Torra - Suelos Hidr\u00e1ulicos<\/title>\n<meta name=\"robots\" content=\"index, follow, max-snippet:-1, max-image-preview:large, max-video-preview:-1\" \/>\n<link rel=\"canonical\" href=\"https:\/\/mosaicstorra.com\/en\/products\/cement-tile-ref-1\/\" \/>\n<meta property=\"og:locale\" content=\"en_GB\" \/>\n<meta property=\"og:type\" content=\"article\" \/>\n<meta property=\"og:title\" content=\"Baldosa Hidr\u00e1ulica 1 (A-Y-C) - Mosaics Torra - Suelos Hidr\u00e1ulicos\" \/>\n<meta property=\"og:description\" content=\"L\u00ednea: Baldosa Hidr\u00e1ulica l\u00ednia Stock Colecci\u00f3n: Classic Victorian Ref 1 (A,Y,C) &nbsp;\" \/>\n<meta property=\"og:url\" content=\"https:\/\/mosaicstorra.com\/en\/products\/cement-tile-ref-1\/\" \/>\n<meta property=\"og:site_name\" content=\"Mosaics Torra - Suelos Hidr\u00e1ulicos\" \/>\n<meta property=\"article:modified_time\" content=\"2025-11-14T08:28:05+00:00\" \/>\n<meta property=\"og:image\" content=\"https:\/\/mosaicstorra.com\/wp-content\/uploads\/2013\/12\/baldosa-hidraulica-detalle-1.webp\" \/>\n\t<meta property=\"og:image:width\" content=\"2480\" \/>\n\t<meta property=\"og:image:height\" content=\"2480\" \/>\n\t<meta property=\"og:image:type\" content=\"image\/webp\" \/>\n<meta name=\"twitter:card\" content=\"summary_large_image\" \/>\n<meta name=\"twitter:label1\" content=\"Estimated reading time\" \/>\n\t<meta name=\"twitter:data1\" content=\"1 minute\" \/>\n<script type=\"application\/ld+json\" class=\"yoast-schema-graph\">{\"@context\":\"https:\/\/schema.org\",\"@graph\":[{\"@type\":\"WebPage\",\"@id\":\"https:\/\/mosaicstorra.com\/productos\/baldosa-hidraulica-ref-1\/\",\"url\":\"https:\/\/mosaicstorra.com\/productos\/baldosa-hidraulica-ref-1\/\",\"name\":\"Baldosa Hidr\u00e1ulica 1 (A-Y-C) - Mosaics Torra - Suelos Hidr\u00e1ulicos\",\"isPartOf\":{\"@id\":\"https:\/\/mosaicstorra.com\/#website\"},\"primaryImageOfPage\":{\"@id\":\"https:\/\/mosaicstorra.com\/productos\/baldosa-hidraulica-ref-1\/#primaryimage\"},\"image\":{\"@id\":\"https:\/\/mosaicstorra.com\/productos\/baldosa-hidraulica-ref-1\/#primaryimage\"},\"thumbnailUrl\":\"https:\/\/mosaicstorra.com\/wp-content\/uploads\/2013\/12\/baldosa-hidraulica-detalle-1.webp\",\"datePublished\":\"2013-12-26T09:24:15+00:00\",\"dateModified\":\"2025-11-14T08:28:05+00:00\",\"breadcrumb\":{\"@id\":\"https:\/\/mosaicstorra.com\/productos\/baldosa-hidraulica-ref-1\/#breadcrumb\"},\"inLanguage\":\"en-GB\",\"potentialAction\":[{\"@type\":\"ReadAction\",\"target\":[\"https:\/\/mosaicstorra.com\/productos\/baldosa-hidraulica-ref-1\/\"]}]},{\"@type\":\"ImageObject\",\"inLanguage\":\"en-GB\",\"@id\":\"https:\/\/mosaicstorra.com\/productos\/baldosa-hidraulica-ref-1\/#primaryimage\",\"url\":\"https:\/\/mosaicstorra.com\/wp-content\/uploads\/2013\/12\/baldosa-hidraulica-detalle-1.webp\",\"contentUrl\":\"https:\/\/mosaicstorra.com\/wp-content\/uploads\/2013\/12\/baldosa-hidraulica-detalle-1.webp\",\"width\":2480,\"height\":2480},{\"@type\":\"BreadcrumbList\",\"@id\":\"https:\/\/mosaicstorra.com\/productos\/baldosa-hidraulica-ref-1\/#breadcrumb\",\"itemListElement\":[{\"@type\":\"ListItem\",\"position\":1,\"name\":\"Portada\",\"item\":\"https:\/\/mosaicstorra.com\/\"},{\"@type\":\"ListItem\",\"position\":2,\"name\":\"Products\",\"item\":\"https:\/\/mosaicstorra.com\/shop\/\"},{\"@type\":\"ListItem\",\"position\":3,\"name\":\"Baldosa Hidr\u00e1ulica 1 (A-Y-C)\"}]},{\"@type\":\"WebSite\",\"@id\":\"https:\/\/mosaicstorra.com\/#website\",\"url\":\"https:\/\/mosaicstorra.com\/\",\"name\":\"Mosaics Torra - Suelos Hidr\u00e1ulicos\",\"description\":\"Baldosas que cuentan historias\",\"publisher\":{\"@id\":\"https:\/\/mosaicstorra.com\/#organization\"},\"potentialAction\":[{\"@type\":\"SearchAction\",\"target\":{\"@type\":\"EntryPoint\",\"urlTemplate\":\"https:\/\/mosaicstorra.com\/?s={search_term_string}\"},\"query-input\":{\"@type\":\"PropertyValueSpecification\",\"valueRequired\":true,\"valueName\":\"search_term_string\"}}],\"inLanguage\":\"en-GB\"},{\"@type\":\"Organization\",\"@id\":\"https:\/\/mosaicstorra.com\/#organization\",\"name\":\"Mosaics Torra - Suelos Hidr\u00e1ulicos\",\"url\":\"https:\/\/mosaicstorra.com\/\",\"logo\":{\"@type\":\"ImageObject\",\"inLanguage\":\"en-GB\",\"@id\":\"https:\/\/mosaicstorra.com\/#\/schema\/logo\/image\/\",\"url\":\"https:\/\/mosaicstorra.com\/wp-content\/uploads\/2024\/11\/cropped-logo_wo_bcn.png\",\"contentUrl\":\"https:\/\/mosaicstorra.com\/wp-content\/uploads\/2024\/11\/cropped-logo_wo_bcn.png\",\"width\":205,\"height\":77,\"caption\":\"Mosaics Torra - Suelos Hidr\u00e1ulicos\"},\"image\":{\"@id\":\"https:\/\/mosaicstorra.com\/#\/schema\/logo\/image\/\"}}]}<\/script>\n<!-- \/ Yoast SEO plugin. -->","yoast_head_json":{"title":"Cement Tile 1 (A-Y-C)","robots":{"index":"index","follow":"follow","max-snippet":"max-snippet:-1","max-image-preview":"max-image-preview:large","max-video-preview":"max-video-preview:-1"},"canonical":"https:\/\/mosaicstorra.com\/en\/products\/cement-tile-ref-1\/","og_locale":"en_GB","og_type":"article","og_title":"Baldosa Hidr\u00e1ulica 1 (A-Y-C) - Mosaics Torra - Suelos Hidr\u00e1ulicos","og_description":"L\u00ednea: Baldosa Hidr\u00e1ulica l\u00ednia Stock Colecci\u00f3n: Classic Victorian Ref 1 (A,Y,C) &nbsp;","og_url":"https:\/\/mosaicstorra.com\/en\/products\/cement-tile-ref-1\/","og_site_name":"Mosaics Torra - Suelos Hidr\u00e1ulicos","article_modified_time":"2025-11-14T08:28:05+00:00","og_image":[{"width":2480,"height":2480,"url":"https:\/\/mosaicstorra.com\/wp-content\/uploads\/2013\/12\/baldosa-hidraulica-detalle-1.webp","type":"image\/webp"}],"twitter_card":"summary_large_image","twitter_misc":{"Estimated reading time":"1 minute"},"schema":{"@context":"https:\/\/schema.org","@graph":[{"@type":"WebPage","@id":"https:\/\/mosaicstorra.com\/productos\/baldosa-hidraulica-ref-1\/","url":"https:\/\/mosaicstorra.com\/productos\/baldosa-hidraulica-ref-1\/","name":"Cement Tile 1 (A-Y-C)","isPartOf":{"@id":"https:\/\/mosaicstorra.com\/#website"},"primaryImageOfPage":{"@id":"https:\/\/mosaicstorra.com\/productos\/baldosa-hidraulica-ref-1\/#primaryimage"},"image":{"@id":"https:\/\/mosaicstorra.com\/productos\/baldosa-hidraulica-ref-1\/#primaryimage"},"thumbnailUrl":"https:\/\/mosaicstorra.com\/wp-content\/uploads\/2013\/12\/baldosa-hidraulica-detalle-1.webp","datePublished":"2013-12-26T09:24:15+00:00","dateModified":"2025-11-14T08:28:05+00:00","breadcrumb":{"@id":"https:\/\/mosaicstorra.com\/productos\/baldosa-hidraulica-ref-1\/#breadcrumb"},"inLanguage":"en-GB","potentialAction":[{"@type":"ReadAction","target":["https:\/\/mosaicstorra.com\/productos\/baldosa-hidraulica-ref-1\/"]}]},{"@type":"ImageObject","inLanguage":"en-GB","@id":"https:\/\/mosaicstorra.com\/productos\/baldosa-hidraulica-ref-1\/#primaryimage","url":"https:\/\/mosaicstorra.com\/wp-content\/uploads\/2013\/12\/baldosa-hidraulica-detalle-1.webp","contentUrl":"https:\/\/mosaicstorra.com\/wp-content\/uploads\/2013\/12\/baldosa-hidraulica-detalle-1.webp","width":2480,"height":2480},{"@type":"BreadcrumbList","@id":"https:\/\/mosaicstorra.com\/productos\/baldosa-hidraulica-ref-1\/#breadcrumb","itemListElement":[{"@type":"ListItem","position":1,"name":"Portada","item":"https:\/\/mosaicstorra.com\/"},{"@type":"ListItem","position":2,"name":"Products","item":"https:\/\/mosaicstorra.com\/shop\/"},{"@type":"ListItem","position":3,"name":"Baldosa Hidr\u00e1ulica 1 (A-Y-C)"}]},{"@type":"WebSite","@id":"https:\/\/mosaicstorra.com\/#website","url":"https:\/\/mosaicstorra.com\/","name":"Mosaics Torra - Cement Tiles","description":"Tiles that tell stories","publisher":{"@id":"https:\/\/mosaicstorra.com\/#organization"},"potentialAction":[{"@type":"SearchAction","target":{"@type":"EntryPoint","urlTemplate":"https:\/\/mosaicstorra.com\/?s={search_term_string}"},"query-input":{"@type":"PropertyValueSpecification","valueRequired":true,"valueName":"search_term_string"}}],"inLanguage":"en-GB"},{"@type":"Organization","@id":"https:\/\/mosaicstorra.com\/#organization","name":"Mosaics Torra - Cement Tiles","url":"https:\/\/mosaicstorra.com\/","logo":{"@type":"ImageObject","inLanguage":"en-GB","@id":"https:\/\/mosaicstorra.com\/#\/schema\/logo\/image\/","url":"https:\/\/mosaicstorra.com\/wp-content\/uploads\/2024\/11\/cropped-logo_wo_bcn.png","contentUrl":"https:\/\/mosaicstorra.com\/wp-content\/uploads\/2024\/11\/cropped-logo_wo_bcn.png","width":205,"height":77,"caption":"Mosaics Torra - Suelos Hidr\u00e1ulicos"},"image":{"@id":"https:\/\/mosaicstorra.com\/#\/schema\/logo\/image\/"}}]}},"_links":{"self":[{"href":"https:\/\/mosaicstorra.com\/en\/wp-json\/wp\/v2\/product\/770","targetHints":{"allow":["GET"]}}],"collection":[{"href":"https:\/\/mosaicstorra.com\/en\/wp-json\/wp\/v2\/product"}],"about":[{"href":"https:\/\/mosaicstorra.com\/en\/wp-json\/wp\/v2\/types\/product"}],"replies":[{"embeddable":true,"href":"https:\/\/mosaicstorra.com\/en\/wp-json\/wp\/v2\/comments?post=770"}],"wp:featuredmedia":[{"embeddable":true,"href":"https:\/\/mosaicstorra.com\/en\/wp-json\/wp\/v2\/media\/28765"}],"wp:attachment":[{"href":"https:\/\/mosaicstorra.com\/en\/wp-json\/wp\/v2\/media?parent=770"}],"wp:term":[{"taxonomy":"product_brand","embeddable":true,"href":"https:\/\/mosaicstorra.com\/en\/wp-json\/wp\/v2\/product_brand?post=770"},{"taxonomy":"product_cat","embeddable":true,"href":"https:\/\/mosaicstorra.com\/en\/wp-json\/wp\/v2\/product_cat?post=770"},{"taxonomy":"product_tag","embeddable":true,"href":"https:\/\/mosaicstorra.com\/en\/wp-json\/wp\/v2\/product_tag?post=770"}],"curies":[{"name":"wp","href":"https:\/\/api.w.org\/{rel}","templated":true}]}}