{"id":836,"date":"2016-04-08T10:54:30","date_gmt":"2016-04-08T09:54:30","guid":{"rendered":"https:\/\/nueva.torramosaicoshidraulicos.es\/baldosa-hidraulica\/baldosa-hidraulica-sarria-abc\/"},"modified":"2025-11-11T10:43:53","modified_gmt":"2025-11-11T09:43:53","slug":"cement-tile-ref-sarria-grey","status":"publish","type":"product","link":"https:\/\/mosaicstorra.com\/en\/products\/cement-tile-ref-sarria-grey\/","title":{"rendered":"Cement Tile Sarri\u00e0 (A-B-C)"},"content":{"rendered":"<p><strong>Line: <\/strong>Linia Stock Hydraulic Tile<\/p>\n<p><strong>Collection\/Reference <\/strong>Barcelona - Sarria ABC<\/p>","protected":false},"excerpt":{"rendered":"<p>Line: Hydraulic Tile Linia Stock Collection\/Reference Barcelona - Sarria ABC<\/p>","protected":false},"featured_media":28661,"comment_status":"closed","ping_status":"closed","template":"","meta":{"_acf_changed":false},"product_brand":[],"product_cat":[676,1542],"product_tag":[],"class_list":{"0":"post-836","1":"product","2":"type-product","3":"status-publish","4":"has-post-thumbnail","6":"product_cat-coleccion-barcelona","7":"product_cat-color-gris","9":"first","10":"instock","11":"taxable","12":"shipping-taxable","13":"purchasable","14":"product-type-simple"},"acf":[],"yoast_head":"<!-- This site is optimized with the Yoast SEO plugin v26.9 - https:\/\/yoast.com\/product\/yoast-seo-wordpress\/ -->\n<title>Baldosa Hidr\u00e1ulica Sarri\u00e0 (A-B-C) - Mosaics Torra - Suelos Hidr\u00e1ulicos<\/title>\n<meta name=\"robots\" content=\"index, follow, max-snippet:-1, max-image-preview:large, max-video-preview:-1\" \/>\n<link rel=\"canonical\" href=\"https:\/\/mosaicstorra.com\/en\/products\/cement-tile-ref-sarria-grey\/\" \/>\n<meta property=\"og:locale\" content=\"en_GB\" \/>\n<meta property=\"og:type\" content=\"article\" \/>\n<meta property=\"og:title\" content=\"Baldosa Hidr\u00e1ulica Sarri\u00e0 (A-B-C) - Mosaics Torra - Suelos Hidr\u00e1ulicos\" \/>\n<meta property=\"og:description\" content=\"L\u00ednea: Baldosa Hidr\u00e1ulica Linia Stock Coleccion\/Referencia Barcelona &#8211; Sarria ABC\" \/>\n<meta property=\"og:url\" content=\"https:\/\/mosaicstorra.com\/en\/products\/cement-tile-ref-sarria-grey\/\" \/>\n<meta property=\"og:site_name\" content=\"Mosaics Torra - Suelos Hidr\u00e1ulicos\" \/>\n<meta property=\"article:modified_time\" content=\"2025-11-11T09:43:53+00:00\" \/>\n<meta property=\"og:image\" content=\"https:\/\/mosaicstorra.com\/wp-content\/uploads\/2016\/04\/baldosa-hidraulica-detalle-Sarria-ABC.webp\" \/>\n\t<meta property=\"og:image:width\" content=\"1240\" \/>\n\t<meta property=\"og:image:height\" content=\"1240\" \/>\n\t<meta property=\"og:image:type\" content=\"image\/webp\" \/>\n<meta name=\"twitter:card\" content=\"summary_large_image\" \/>\n<meta name=\"twitter:label1\" content=\"Estimated reading time\" \/>\n\t<meta name=\"twitter:data1\" content=\"1 minute\" \/>\n<script type=\"application\/ld+json\" class=\"yoast-schema-graph\">{\"@context\":\"https:\/\/schema.org\",\"@graph\":[{\"@type\":\"WebPage\",\"@id\":\"https:\/\/mosaicstorra.com\/ca\/productes\/baldosa-hidraulica-sarria-blanco-grises\/\",\"url\":\"https:\/\/mosaicstorra.com\/ca\/productes\/baldosa-hidraulica-sarria-blanco-grises\/\",\"name\":\"Baldosa Hidr\u00e1ulica Sarri\u00e0 (A-B-C) - Mosaics Torra - Suelos Hidr\u00e1ulicos\",\"isPartOf\":{\"@id\":\"https:\/\/mosaicstorra.com\/#website\"},\"primaryImageOfPage\":{\"@id\":\"https:\/\/mosaicstorra.com\/ca\/productes\/baldosa-hidraulica-sarria-blanco-grises\/#primaryimage\"},\"image\":{\"@id\":\"https:\/\/mosaicstorra.com\/ca\/productes\/baldosa-hidraulica-sarria-blanco-grises\/#primaryimage\"},\"thumbnailUrl\":\"https:\/\/mosaicstorra.com\/wp-content\/uploads\/2016\/04\/baldosa-hidraulica-detalle-Sarria-ABC.webp\",\"datePublished\":\"2016-04-08T09:54:30+00:00\",\"dateModified\":\"2025-11-11T09:43:53+00:00\",\"breadcrumb\":{\"@id\":\"https:\/\/mosaicstorra.com\/ca\/productes\/baldosa-hidraulica-sarria-blanco-grises\/#breadcrumb\"},\"inLanguage\":\"en-GB\",\"potentialAction\":[{\"@type\":\"ReadAction\",\"target\":[\"https:\/\/mosaicstorra.com\/ca\/productes\/baldosa-hidraulica-sarria-blanco-grises\/\"]}]},{\"@type\":\"ImageObject\",\"inLanguage\":\"en-GB\",\"@id\":\"https:\/\/mosaicstorra.com\/ca\/productes\/baldosa-hidraulica-sarria-blanco-grises\/#primaryimage\",\"url\":\"https:\/\/mosaicstorra.com\/wp-content\/uploads\/2016\/04\/baldosa-hidraulica-detalle-Sarria-ABC.webp\",\"contentUrl\":\"https:\/\/mosaicstorra.com\/wp-content\/uploads\/2016\/04\/baldosa-hidraulica-detalle-Sarria-ABC.webp\",\"width\":1240,\"height\":1240},{\"@type\":\"BreadcrumbList\",\"@id\":\"https:\/\/mosaicstorra.com\/ca\/productes\/baldosa-hidraulica-sarria-blanco-grises\/#breadcrumb\",\"itemListElement\":[{\"@type\":\"ListItem\",\"position\":1,\"name\":\"Portada\",\"item\":\"https:\/\/mosaicstorra.com\/\"},{\"@type\":\"ListItem\",\"position\":2,\"name\":\"Products\",\"item\":\"https:\/\/mosaicstorra.com\/shop\/\"},{\"@type\":\"ListItem\",\"position\":3,\"name\":\"Baldosa Hidr\u00e1ulica Sarri\u00e0 (A-B-C)\"}]},{\"@type\":\"WebSite\",\"@id\":\"https:\/\/mosaicstorra.com\/#website\",\"url\":\"https:\/\/mosaicstorra.com\/\",\"name\":\"Mosaics Torra - Suelos Hidr\u00e1ulicos\",\"description\":\"Baldosas que cuentan historias\",\"publisher\":{\"@id\":\"https:\/\/mosaicstorra.com\/#organization\"},\"potentialAction\":[{\"@type\":\"SearchAction\",\"target\":{\"@type\":\"EntryPoint\",\"urlTemplate\":\"https:\/\/mosaicstorra.com\/?s={search_term_string}\"},\"query-input\":{\"@type\":\"PropertyValueSpecification\",\"valueRequired\":true,\"valueName\":\"search_term_string\"}}],\"inLanguage\":\"en-GB\"},{\"@type\":\"Organization\",\"@id\":\"https:\/\/mosaicstorra.com\/#organization\",\"name\":\"Mosaics Torra - Suelos Hidr\u00e1ulicos\",\"url\":\"https:\/\/mosaicstorra.com\/\",\"logo\":{\"@type\":\"ImageObject\",\"inLanguage\":\"en-GB\",\"@id\":\"https:\/\/mosaicstorra.com\/#\/schema\/logo\/image\/\",\"url\":\"https:\/\/mosaicstorra.com\/wp-content\/uploads\/2024\/11\/cropped-logo_wo_bcn.png\",\"contentUrl\":\"https:\/\/mosaicstorra.com\/wp-content\/uploads\/2024\/11\/cropped-logo_wo_bcn.png\",\"width\":205,\"height\":77,\"caption\":\"Mosaics Torra - Suelos Hidr\u00e1ulicos\"},\"image\":{\"@id\":\"https:\/\/mosaicstorra.com\/#\/schema\/logo\/image\/\"}}]}<\/script>\n<!-- \/ Yoast SEO plugin. -->","yoast_head_json":{"title":"Cement tile Sarri\u00e0 grey - Mosaics Torra","robots":{"index":"index","follow":"follow","max-snippet":"max-snippet:-1","max-image-preview":"max-image-preview:large","max-video-preview":"max-video-preview:-1"},"canonical":"https:\/\/mosaicstorra.com\/en\/products\/cement-tile-ref-sarria-grey\/","og_locale":"en_GB","og_type":"article","og_title":"Baldosa Hidr\u00e1ulica Sarri\u00e0 (A-B-C) - Mosaics Torra - Suelos Hidr\u00e1ulicos","og_description":"L\u00ednea: Baldosa Hidr\u00e1ulica Linia Stock Coleccion\/Referencia Barcelona &#8211; Sarria ABC","og_url":"https:\/\/mosaicstorra.com\/en\/products\/cement-tile-ref-sarria-grey\/","og_site_name":"Mosaics Torra - Suelos Hidr\u00e1ulicos","article_modified_time":"2025-11-11T09:43:53+00:00","og_image":[{"width":1240,"height":1240,"url":"https:\/\/mosaicstorra.com\/wp-content\/uploads\/2016\/04\/baldosa-hidraulica-detalle-Sarria-ABC.webp","type":"image\/webp"}],"twitter_card":"summary_large_image","twitter_misc":{"Estimated reading time":"1 minute"},"schema":{"@context":"https:\/\/schema.org","@graph":[{"@type":"WebPage","@id":"https:\/\/mosaicstorra.com\/ca\/productes\/baldosa-hidraulica-sarria-blanco-grises\/","url":"https:\/\/mosaicstorra.com\/ca\/productes\/baldosa-hidraulica-sarria-blanco-grises\/","name":"Cement tile Sarri\u00e0 grey - Mosaics Torra","isPartOf":{"@id":"https:\/\/mosaicstorra.com\/#website"},"primaryImageOfPage":{"@id":"https:\/\/mosaicstorra.com\/ca\/productes\/baldosa-hidraulica-sarria-blanco-grises\/#primaryimage"},"image":{"@id":"https:\/\/mosaicstorra.com\/ca\/productes\/baldosa-hidraulica-sarria-blanco-grises\/#primaryimage"},"thumbnailUrl":"https:\/\/mosaicstorra.com\/wp-content\/uploads\/2016\/04\/baldosa-hidraulica-detalle-Sarria-ABC.webp","datePublished":"2016-04-08T09:54:30+00:00","dateModified":"2025-11-11T09:43:53+00:00","breadcrumb":{"@id":"https:\/\/mosaicstorra.com\/ca\/productes\/baldosa-hidraulica-sarria-blanco-grises\/#breadcrumb"},"inLanguage":"en-GB","potentialAction":[{"@type":"ReadAction","target":["https:\/\/mosaicstorra.com\/ca\/productes\/baldosa-hidraulica-sarria-blanco-grises\/"]}]},{"@type":"ImageObject","inLanguage":"en-GB","@id":"https:\/\/mosaicstorra.com\/ca\/productes\/baldosa-hidraulica-sarria-blanco-grises\/#primaryimage","url":"https:\/\/mosaicstorra.com\/wp-content\/uploads\/2016\/04\/baldosa-hidraulica-detalle-Sarria-ABC.webp","contentUrl":"https:\/\/mosaicstorra.com\/wp-content\/uploads\/2016\/04\/baldosa-hidraulica-detalle-Sarria-ABC.webp","width":1240,"height":1240},{"@type":"BreadcrumbList","@id":"https:\/\/mosaicstorra.com\/ca\/productes\/baldosa-hidraulica-sarria-blanco-grises\/#breadcrumb","itemListElement":[{"@type":"ListItem","position":1,"name":"Portada","item":"https:\/\/mosaicstorra.com\/"},{"@type":"ListItem","position":2,"name":"Products","item":"https:\/\/mosaicstorra.com\/shop\/"},{"@type":"ListItem","position":3,"name":"Baldosa Hidr\u00e1ulica Sarri\u00e0 (A-B-C)"}]},{"@type":"WebSite","@id":"https:\/\/mosaicstorra.com\/#website","url":"https:\/\/mosaicstorra.com\/","name":"Mosaics Torra - Cement Tiles","description":"Tiles that tell stories","publisher":{"@id":"https:\/\/mosaicstorra.com\/#organization"},"potentialAction":[{"@type":"SearchAction","target":{"@type":"EntryPoint","urlTemplate":"https:\/\/mosaicstorra.com\/?s={search_term_string}"},"query-input":{"@type":"PropertyValueSpecification","valueRequired":true,"valueName":"search_term_string"}}],"inLanguage":"en-GB"},{"@type":"Organization","@id":"https:\/\/mosaicstorra.com\/#organization","name":"Mosaics Torra - Cement Tiles","url":"https:\/\/mosaicstorra.com\/","logo":{"@type":"ImageObject","inLanguage":"en-GB","@id":"https:\/\/mosaicstorra.com\/#\/schema\/logo\/image\/","url":"https:\/\/mosaicstorra.com\/wp-content\/uploads\/2024\/11\/cropped-logo_wo_bcn.png","contentUrl":"https:\/\/mosaicstorra.com\/wp-content\/uploads\/2024\/11\/cropped-logo_wo_bcn.png","width":205,"height":77,"caption":"Mosaics Torra - Suelos Hidr\u00e1ulicos"},"image":{"@id":"https:\/\/mosaicstorra.com\/#\/schema\/logo\/image\/"}}]}},"_links":{"self":[{"href":"https:\/\/mosaicstorra.com\/en\/wp-json\/wp\/v2\/product\/836","targetHints":{"allow":["GET"]}}],"collection":[{"href":"https:\/\/mosaicstorra.com\/en\/wp-json\/wp\/v2\/product"}],"about":[{"href":"https:\/\/mosaicstorra.com\/en\/wp-json\/wp\/v2\/types\/product"}],"replies":[{"embeddable":true,"href":"https:\/\/mosaicstorra.com\/en\/wp-json\/wp\/v2\/comments?post=836"}],"wp:featuredmedia":[{"embeddable":true,"href":"https:\/\/mosaicstorra.com\/en\/wp-json\/wp\/v2\/media\/28661"}],"wp:attachment":[{"href":"https:\/\/mosaicstorra.com\/en\/wp-json\/wp\/v2\/media?parent=836"}],"wp:term":[{"taxonomy":"product_brand","embeddable":true,"href":"https:\/\/mosaicstorra.com\/en\/wp-json\/wp\/v2\/product_brand?post=836"},{"taxonomy":"product_cat","embeddable":true,"href":"https:\/\/mosaicstorra.com\/en\/wp-json\/wp\/v2\/product_cat?post=836"},{"taxonomy":"product_tag","embeddable":true,"href":"https:\/\/mosaicstorra.com\/en\/wp-json\/wp\/v2\/product_tag?post=836"}],"curies":[{"name":"wp","href":"https:\/\/api.w.org\/{rel}","templated":true}]}}