{"id":12323,"date":"2024-10-30T12:57:01","date_gmt":"2024-10-30T11:57:01","guid":{"rendered":"https:\/\/stage.mosaicstorra.com\/?page_id=12323"},"modified":"2025-07-27T09:54:02","modified_gmt":"2025-07-27T08:54:02","slug":"carreaux-ciment-exterieurs","status":"publish","type":"page","link":"https:\/\/mosaicstorra.com\/fr\/carreaux-ciment-exterieurs\/","title":{"rendered":"TorraStone\u00ae"},"content":{"rendered":"","protected":false},"excerpt":{"rendered":"","protected":false},"author":6,"featured_media":0,"parent":0,"menu_order":0,"comment_status":"closed","ping_status":"closed","template":"","meta":{"_acf_changed":false,"footnotes":""},"class_list":["post-12323","page","type-page","status-publish","hentry"],"acf":[],"yoast_head":"<!-- This site is optimized with the Yoast SEO plugin v26.9 - https:\/\/yoast.com\/product\/yoast-seo-wordpress\/ -->\n<title>Baldosas hidr\u00e1ulicas antideslizantes para exterior\u200b | TorraStone\u00ae<\/title>\n<meta name=\"description\" content=\"La baldosa hidr\u00e1ulica nunca hab\u00eda sido tan vers\u00e1til: combina su estilo contempor\u00e1neo a la vez que aporta seguridad en zonas exteriores.\" \/>\n<meta name=\"robots\" content=\"index, follow, max-snippet:-1, max-image-preview:large, max-video-preview:-1\" \/>\n<link rel=\"canonical\" href=\"https:\/\/mosaicstorra.com\/fr\/carreaux-ciment-exterieurs\/\" \/>\n<meta property=\"og:locale\" content=\"fr_FR\" \/>\n<meta property=\"og:type\" content=\"article\" \/>\n<meta property=\"og:title\" content=\"Baldosas hidr\u00e1ulicas antideslizantes para exterior\u200b | TorraStone\u00ae\" \/>\n<meta property=\"og:description\" content=\"La baldosa hidr\u00e1ulica nunca hab\u00eda sido tan vers\u00e1til: combina su estilo contempor\u00e1neo a la vez que aporta seguridad en zonas exteriores.\" \/>\n<meta property=\"og:url\" content=\"https:\/\/mosaicstorra.com\/fr\/carreaux-ciment-exterieurs\/\" \/>\n<meta property=\"og:site_name\" content=\"Mosaics Torra - Suelos Hidr\u00e1ulicos\" \/>\n<meta property=\"article:modified_time\" content=\"2025-07-27T08:54:02+00:00\" \/>\n<meta name=\"twitter:card\" content=\"summary_large_image\" \/>\n<script type=\"application\/ld+json\" class=\"yoast-schema-graph\">{\"@context\":\"https:\/\/schema.org\",\"@graph\":[{\"@type\":\"WebPage\",\"@id\":\"https:\/\/mosaicstorra.com\/baldosa-hidraulica-exterior\/\",\"url\":\"https:\/\/mosaicstorra.com\/baldosa-hidraulica-exterior\/\",\"name\":\"Baldosas hidr\u00e1ulicas antideslizantes para exterior\u200b | TorraStone\u00ae\",\"isPartOf\":{\"@id\":\"https:\/\/mosaicstorra.com\/#website\"},\"datePublished\":\"2024-10-30T11:57:01+00:00\",\"dateModified\":\"2025-07-27T08:54:02+00:00\",\"description\":\"La baldosa hidr\u00e1ulica nunca hab\u00eda sido tan vers\u00e1til: combina su estilo contempor\u00e1neo a la vez que aporta seguridad en zonas exteriores.\",\"breadcrumb\":{\"@id\":\"https:\/\/mosaicstorra.com\/baldosa-hidraulica-exterior\/#breadcrumb\"},\"inLanguage\":\"fr-FR\",\"potentialAction\":[{\"@type\":\"ReadAction\",\"target\":[\"https:\/\/mosaicstorra.com\/baldosa-hidraulica-exterior\/\"]}]},{\"@type\":\"BreadcrumbList\",\"@id\":\"https:\/\/mosaicstorra.com\/baldosa-hidraulica-exterior\/#breadcrumb\",\"itemListElement\":[{\"@type\":\"ListItem\",\"position\":1,\"name\":\"Portada\",\"item\":\"https:\/\/mosaicstorra.com\/\"},{\"@type\":\"ListItem\",\"position\":2,\"name\":\"TorraStone\u00ae\"}]},{\"@type\":\"WebSite\",\"@id\":\"https:\/\/mosaicstorra.com\/#website\",\"url\":\"https:\/\/mosaicstorra.com\/\",\"name\":\"Mosaics Torra - Suelos Hidr\u00e1ulicos\",\"description\":\"Baldosas que cuentan historias\",\"publisher\":{\"@id\":\"https:\/\/mosaicstorra.com\/#organization\"},\"potentialAction\":[{\"@type\":\"SearchAction\",\"target\":{\"@type\":\"EntryPoint\",\"urlTemplate\":\"https:\/\/mosaicstorra.com\/?s={search_term_string}\"},\"query-input\":{\"@type\":\"PropertyValueSpecification\",\"valueRequired\":true,\"valueName\":\"search_term_string\"}}],\"inLanguage\":\"fr-FR\"},{\"@type\":\"Organization\",\"@id\":\"https:\/\/mosaicstorra.com\/#organization\",\"name\":\"Mosaics Torra - Suelos Hidr\u00e1ulicos\",\"url\":\"https:\/\/mosaicstorra.com\/\",\"logo\":{\"@type\":\"ImageObject\",\"inLanguage\":\"fr-FR\",\"@id\":\"https:\/\/mosaicstorra.com\/#\/schema\/logo\/image\/\",\"url\":\"https:\/\/mosaicstorra.com\/wp-content\/uploads\/2024\/11\/cropped-logo_wo_bcn.png\",\"contentUrl\":\"https:\/\/mosaicstorra.com\/wp-content\/uploads\/2024\/11\/cropped-logo_wo_bcn.png\",\"width\":205,\"height\":77,\"caption\":\"Mosaics Torra - Suelos Hidr\u00e1ulicos\"},\"image\":{\"@id\":\"https:\/\/mosaicstorra.com\/#\/schema\/logo\/image\/\"}}]}<\/script>\n<!-- \/ Yoast SEO plugin. -->","yoast_head_json":{"title":"Carreaux de ciment antid\u00e9rapantes TorraStone\u00ae pour l'ext\u00e9rieur","description":"Les carreaux de ciment n'a jamais \u00e9t\u00e9 aussi polyvalente : elle allie style contemporain et s\u00e9curit\u00e9 dans les espaces ext\u00e9rieurs.","robots":{"index":"index","follow":"follow","max-snippet":"max-snippet:-1","max-image-preview":"max-image-preview:large","max-video-preview":"max-video-preview:-1"},"canonical":"https:\/\/mosaicstorra.com\/fr\/carreaux-ciment-exterieurs\/","og_locale":"fr_FR","og_type":"article","og_title":"Baldosas hidr\u00e1ulicas antideslizantes para exterior\u200b | TorraStone\u00ae","og_description":"La baldosa hidr\u00e1ulica nunca hab\u00eda sido tan vers\u00e1til: combina su estilo contempor\u00e1neo a la vez que aporta seguridad en zonas exteriores.","og_url":"https:\/\/mosaicstorra.com\/fr\/carreaux-ciment-exterieurs\/","og_site_name":"Mosaics Torra - Suelos Hidr\u00e1ulicos","article_modified_time":"2025-07-27T08:54:02+00:00","twitter_card":"summary_large_image","schema":{"@context":"https:\/\/schema.org","@graph":[{"@type":"WebPage","@id":"https:\/\/mosaicstorra.com\/baldosa-hidraulica-exterior\/","url":"https:\/\/mosaicstorra.com\/baldosa-hidraulica-exterior\/","name":"Carreaux de ciment antid\u00e9rapantes TorraStone\u00ae pour l'ext\u00e9rieur","isPartOf":{"@id":"https:\/\/mosaicstorra.com\/#website"},"datePublished":"2024-10-30T11:57:01+00:00","dateModified":"2025-07-27T08:54:02+00:00","description":"Les carreaux de ciment n'a jamais \u00e9t\u00e9 aussi polyvalente : elle allie style contemporain et s\u00e9curit\u00e9 dans les espaces ext\u00e9rieurs.","breadcrumb":{"@id":"https:\/\/mosaicstorra.com\/baldosa-hidraulica-exterior\/#breadcrumb"},"inLanguage":"fr-FR","potentialAction":[{"@type":"ReadAction","target":["https:\/\/mosaicstorra.com\/baldosa-hidraulica-exterior\/"]}]},{"@type":"BreadcrumbList","@id":"https:\/\/mosaicstorra.com\/baldosa-hidraulica-exterior\/#breadcrumb","itemListElement":[{"@type":"ListItem","position":1,"name":"Portada","item":"https:\/\/mosaicstorra.com\/"},{"@type":"ListItem","position":2,"name":"TorraStone\u00ae"}]},{"@type":"WebSite","@id":"https:\/\/mosaicstorra.com\/#website","url":"https:\/\/mosaicstorra.com\/","name":"Mosaics Torra \u2013 Carreaux de ciment","description":"Des carreaux qui racontent des histoires","publisher":{"@id":"https:\/\/mosaicstorra.com\/#organization"},"potentialAction":[{"@type":"SearchAction","target":{"@type":"EntryPoint","urlTemplate":"https:\/\/mosaicstorra.com\/?s={search_term_string}"},"query-input":{"@type":"PropertyValueSpecification","valueRequired":true,"valueName":"search_term_string"}}],"inLanguage":"fr-FR"},{"@type":"Organization","@id":"https:\/\/mosaicstorra.com\/#organization","name":"Mosaics Torra \u2013 Carreaux de ciment","url":"https:\/\/mosaicstorra.com\/","logo":{"@type":"ImageObject","inLanguage":"fr-FR","@id":"https:\/\/mosaicstorra.com\/#\/schema\/logo\/image\/","url":"https:\/\/mosaicstorra.com\/wp-content\/uploads\/2024\/11\/cropped-logo_wo_bcn.png","contentUrl":"https:\/\/mosaicstorra.com\/wp-content\/uploads\/2024\/11\/cropped-logo_wo_bcn.png","width":205,"height":77,"caption":"Mosaics Torra - Suelos Hidr\u00e1ulicos"},"image":{"@id":"https:\/\/mosaicstorra.com\/#\/schema\/logo\/image\/"}}]}},"_links":{"self":[{"href":"https:\/\/mosaicstorra.com\/fr\/wp-json\/wp\/v2\/pages\/12323","targetHints":{"allow":["GET"]}}],"collection":[{"href":"https:\/\/mosaicstorra.com\/fr\/wp-json\/wp\/v2\/pages"}],"about":[{"href":"https:\/\/mosaicstorra.com\/fr\/wp-json\/wp\/v2\/types\/page"}],"author":[{"embeddable":true,"href":"https:\/\/mosaicstorra.com\/fr\/wp-json\/wp\/v2\/users\/6"}],"replies":[{"embeddable":true,"href":"https:\/\/mosaicstorra.com\/fr\/wp-json\/wp\/v2\/comments?post=12323"}],"version-history":[{"count":4,"href":"https:\/\/mosaicstorra.com\/fr\/wp-json\/wp\/v2\/pages\/12323\/revisions"}],"predecessor-version":[{"id":12388,"href":"https:\/\/mosaicstorra.com\/fr\/wp-json\/wp\/v2\/pages\/12323\/revisions\/12388"}],"wp:attachment":[{"href":"https:\/\/mosaicstorra.com\/fr\/wp-json\/wp\/v2\/media?parent=12323"}],"curies":[{"name":"wp","href":"https:\/\/api.w.org\/{rel}","templated":true}]}}