{"id":286,"date":"2022-01-10T17:14:44","date_gmt":"2022-01-10T16:14:44","guid":{"rendered":"http:\/\/nueva.torramosaicoshidraulicos.es\/aviso-legal-2\/"},"modified":"2025-07-03T08:24:58","modified_gmt":"2025-07-03T07:24:58","slug":"mentions-legales","status":"publish","type":"page","link":"https:\/\/mosaicstorra.com\/fr\/mentions-legales\/","title":{"rendered":"Mentions l\u00e9gales"},"content":{"rendered":"<div data-elementor-type=\"wp-page\" data-elementor-id=\"286\" class=\"elementor elementor-286\" data-elementor-post-type=\"page\">\n\t\t\t\t<div class=\"elementor-element elementor-element-31bf9ec e-flex e-con-boxed e-con e-parent\" data-id=\"31bf9ec\" data-element_type=\"container\" data-e-type=\"container\">\n\t\t\t\t\t<div class=\"e-con-inner\">\n\t\t\t\t<div class=\"elementor-element elementor-element-18eef50 elementor-widget elementor-widget-spacer\" data-id=\"18eef50\" data-element_type=\"widget\" data-e-type=\"widget\" data-widget_type=\"spacer.default\">\n\t\t\t\t\t\t\t<div class=\"elementor-spacer\">\n\t\t\t<div class=\"elementor-spacer-inner\"><\/div>\n\t\t<\/div>\n\t\t\t\t\t\t<\/div>\n\t\t\t\t<div class=\"elementor-element elementor-element-f3ee1a0 elementor-widget elementor-widget-heading\" data-id=\"f3ee1a0\" data-element_type=\"widget\" data-e-type=\"widget\" data-widget_type=\"heading.default\">\n\t\t\t\t\t<h2 class=\"elementor-heading-title elementor-size-default\">\nMentions l\u00e9gales\n<\/h2>\t\t\t\t<\/div>\n\t\t\t\t<div class=\"elementor-element elementor-element-403beaf elementor-widget elementor-widget-text-editor\" data-id=\"403beaf\" data-element_type=\"widget\" data-e-type=\"widget\" data-widget_type=\"text-editor.default\">\n\t\t\t\t\t\t\t\t\t<p>Mosaic Torra se r\u00e9serve le droit d'apporter, \u00e0 tout moment et sans pr\u00e9avis, des modifications au contenu et \u00e0 la pr\u00e9sentation de son site.<\/p><p><strong>Limitation de responsabilit\u00e9:<\/strong><br \/>Sauf dans les cas express\u00e9ment pr\u00e9vus dans les mentions l\u00e9gales et dans le reste du cadre r\u00e9glementaire du site, Mosaics Torra ne saurait \u00eatre tenue responsable des dommages de toute nature pouvant d\u00e9couler du manque d\u2019exactitude, d\u2019exhaustivit\u00e9, d\u2019actualit\u00e9, ainsi que des erreurs ou omissions que pourraient contenir les contenus de ce site web.<\/p><p><strong>Communication et notifications:<\/strong><br \/>Toutes les communications et notifications seront consid\u00e9r\u00e9es comme effectives \u00e0 tous les effets lorsqu\u2019elles seront effectu\u00e9es par e-mail \u00e0 l\u2019adresse \u00e9lectronique fournie par l\u2019Utilisateur.\nL\u2019Utilisateur s\u2019engage \u00e0 informer Mosaic Torra de toute modification pouvant survenir dans ses donn\u00e9es personnelles ainsi que dans l\u2019adresse e-mail que le responsable d\u00e9tient, afin que celui-ci puisse lui communiquer toute information qu\u2019il juge pertinente. L\u2019Utilisateur reconna\u00eet express\u00e9ment que ces donn\u00e9es ont \u00e9t\u00e9 fournies par lui-m\u00eame et qu\u2019elles sont enti\u00e8rement v\u00e9ridiques.<\/p><p>Les donn\u00e9es de l'utilisateur ne seront pas transmises \u00e0 des tiers. Elles seront int\u00e9gr\u00e9es dans un fichier appartenant \u00e0 Mosaics Torra et utilis\u00e9es pour envoyer des communications concernant les produits pour lesquels vous avez manifest\u00e9 de l\u2019int\u00e9r\u00eat, les nouveaut\u00e9s, ainsi que le suivi de votre processus d\u2019achat.<br \/>Les donn\u00e9es des clients ayant effectu\u00e9 un achat seront conserv\u00e9es ind\u00e9finiment afin de pouvoir les utiliser en cas de besoin de reproduction de carreaux ou autres produits (les articles vendus ici \u00e9tant destin\u00e9s \u00e0 durer plusieurs d\u00e9cennies).\nLes clients ont le droit de demander la suppression de leurs donn\u00e9es en envoyant un e-mail \u00e0 l\u2019adresse suivante:\u00a0<u>info@mosaicstorra.com<\/u>\u00a0Les clients ont le droit de demander la suppression de leurs donn\u00e9es en envoyant un e-mail \u00e0 l\u2019adresse suivante : [adresse e-mail], en demandant la suppression de toutes les donn\u00e9es personnelles li\u00e9es \u00e0 la commande (ce qui entra\u00eenera la perte des avantages li\u00e9s \u00e0 la reproduction ou \u00e0 l\u2019assistance lors de consultations futures).<\/p><p><strong>Propri\u00e9t\u00e9 intellectuelle et industrielle:<\/strong><br \/>Mosaics Torra est titulaire (ou ses conc\u00e9dants, le cas \u00e9ch\u00e9ant) des droits de propri\u00e9t\u00e9 intellectuelle et industrielle sur les contenus de ce site web.<\/p><p>Il est strictement interdit de reproduire, de rendre accessibles au public, et plus g\u00e9n\u00e9ralement, d\u2019exploiter de quelque mani\u00e8re que ce soit tout ou partie des contenus de ce site web, y compris son design. Ces actes d\u2019exploitation ne peuvent \u00eatre r\u00e9alis\u00e9s qu\u2019avec l\u2019autorisation \u00e9crite expresse de Mosaics Torra.<\/p><p><strong>Protection des donn\u00e9es personnelles:<\/strong><br \/>Mosaics Torra adoptera les mesures de s\u00e9curit\u00e9 appropri\u00e9es pour prot\u00e9ger les donn\u00e9es personnelles fournies par les utilisateurs (coordonn\u00e9es e-mail et postales, nom et num\u00e9ro de t\u00e9l\u00e9phone), et mettra en \u0153uvre les moyens techniques n\u00e9cessaires afin de pr\u00e9venir leur perte, usage abusif, alt\u00e9ration, acc\u00e8s non autoris\u00e9 ou vol.<\/p><p>Les utilisateurs et clients peuvent, \u00e0 tout moment, exercer leurs droits d\u2019acc\u00e8s, de rectification, de suppression et d\u2019opposition (droits ARCO) concernant leurs donn\u00e9es personnelles, conform\u00e9ment aux dispositions de la l\u00e9gislation en vigueur, en envoyant un e-mail \u00e0 l\u2019adresse suivante:\u00a0<u>info@mosaicstorra.com<\/u><\/p><p>Dans le cas o\u00f9 vous ne souhaiteriez plus recevoir d\u2019informations commerciales de la part de Mosaics Torra ou des soci\u00e9t\u00e9s du groupe, vous pouvez le signaler en vous d\u00e9sabonnant (lien en bas de toute communication commerciale), ou en envoyant un e-mail \u00e0 l\u2019adresse suivante:\u00a0<u>info@mosaicstorra.com<\/u>\u00a0en indiquant \u00ab D\u00e9sabonnement \u00bb comme objet du message.<\/p><table border=\"0\" width=\"100%\" cellspacing=\"0\" cellpadding=\"0\"><tbody><tr><td>Responsable du traitement de vos donn\u00e9es<\/td><td>Mosaics Torra. -\u00a0<u>info@mosaicstorra.com<\/u><\/td><\/tr><tr><td>Destinataires de vos donn\u00e9es personnelles<\/td><td>Nous fournirons les donn\u00e9es aux autorit\u00e9s qui en font la demande, ainsi qu\u2019aux soci\u00e9t\u00e9s du groupe MOSAICS TORRA.<\/td><\/tr><tr><td>Origine de vos donn\u00e9es personnelles<\/td><td>Lorsque vous nous communiquez vos donn\u00e9es dans le cadre de votre int\u00e9r\u00eat pour nos produits ou lors de votre inscription en tant que client.<\/td><\/tr><tr><td>Quels sont vos droits et comment les exercer<\/td><td>Vous pouvez nous contacter \u00e0 l\u2019adresse suivante: info@mosaicstorra.com<\/td><\/tr><\/tbody><\/table>\t\t\t\t\t\t\t\t<\/div>\n\t\t\t\t\t<\/div>\n\t\t\t\t<\/div>\n\t\t\t\t<\/div>","protected":false},"excerpt":{"rendered":"<p>Avis l\u00e9gal Mosaic Torra se r\u00e9serve le droit d'apporter, \u00e0 tout moment et sans pr\u00e9avis, des modifications au contenu et \u00e0 la pr\u00e9sentation de son site web. Limitation de responsabilit\u00e9 : Sauf dans les cas express\u00e9ment d\u00e9crits dans les mentions l\u00e9gales et le reste du cadre r\u00e9glementaire du site web, Mosaic Torra n'est pas responsable [...]<\/p>","protected":false},"author":2,"featured_media":0,"parent":0,"menu_order":0,"comment_status":"closed","ping_status":"closed","template":"","meta":{"_acf_changed":false,"footnotes":""},"class_list":["post-286","page","type-page","status-publish","hentry"],"acf":[],"yoast_head":"<!-- This site is optimized with the Yoast SEO plugin v26.9 - https:\/\/yoast.com\/product\/yoast-seo-wordpress\/ -->\n<title>Aviso legal - Mosaics Torra - Suelos Hidr\u00e1ulicos<\/title>\n<meta name=\"robots\" content=\"index, follow, max-snippet:-1, max-image-preview:large, max-video-preview:-1\" \/>\n<link rel=\"canonical\" href=\"https:\/\/mosaicstorra.com\/fr\/mentions-legales\/\" \/>\n<meta property=\"og:locale\" content=\"fr_FR\" \/>\n<meta property=\"og:type\" content=\"article\" \/>\n<meta property=\"og:title\" content=\"Aviso legal - Mosaics Torra - Suelos Hidr\u00e1ulicos\" \/>\n<meta property=\"og:description\" content=\"Aviso legal Mosaic Torra, se reserva el derecho a hacer, en cualquier momento y sin aviso previo, modificaciones de los contenidos y presentaci\u00f3n de su sitio web. Limitaci\u00f3n de la responsabilidad:Salvo en aquellos casos expresamente descritos en el Aviso Legal y el resto del marco normativo del sitio web, Mosaic Torra no se responsabiliza de [&hellip;]\" \/>\n<meta property=\"og:url\" content=\"https:\/\/mosaicstorra.com\/fr\/mentions-legales\/\" \/>\n<meta property=\"og:site_name\" content=\"Mosaics Torra - Suelos Hidr\u00e1ulicos\" \/>\n<meta property=\"article:modified_time\" content=\"2025-07-03T07:24:58+00:00\" \/>\n<meta name=\"twitter:card\" content=\"summary_large_image\" \/>\n<meta name=\"twitter:label1\" content=\"Dur\u00e9e de lecture estim\u00e9e\" \/>\n\t<meta name=\"twitter:data1\" content=\"3 minutes\" \/>\n<script type=\"application\/ld+json\" class=\"yoast-schema-graph\">{\"@context\":\"https:\/\/schema.org\",\"@graph\":[{\"@type\":\"WebPage\",\"@id\":\"https:\/\/mosaicstorra.com\/aviso-legal\/\",\"url\":\"https:\/\/mosaicstorra.com\/aviso-legal\/\",\"name\":\"Aviso legal - Mosaics Torra - Suelos Hidr\u00e1ulicos\",\"isPartOf\":{\"@id\":\"https:\/\/mosaicstorra.com\/#website\"},\"datePublished\":\"2022-01-10T16:14:44+00:00\",\"dateModified\":\"2025-07-03T07:24:58+00:00\",\"breadcrumb\":{\"@id\":\"https:\/\/mosaicstorra.com\/aviso-legal\/#breadcrumb\"},\"inLanguage\":\"fr-FR\",\"potentialAction\":[{\"@type\":\"ReadAction\",\"target\":[\"https:\/\/mosaicstorra.com\/aviso-legal\/\"]}]},{\"@type\":\"BreadcrumbList\",\"@id\":\"https:\/\/mosaicstorra.com\/aviso-legal\/#breadcrumb\",\"itemListElement\":[{\"@type\":\"ListItem\",\"position\":1,\"name\":\"Portada\",\"item\":\"https:\/\/mosaicstorra.com\/\"},{\"@type\":\"ListItem\",\"position\":2,\"name\":\"Aviso legal\"}]},{\"@type\":\"WebSite\",\"@id\":\"https:\/\/mosaicstorra.com\/#website\",\"url\":\"https:\/\/mosaicstorra.com\/\",\"name\":\"Mosaics Torra - Suelos Hidr\u00e1ulicos\",\"description\":\"Baldosas que cuentan historias\",\"publisher\":{\"@id\":\"https:\/\/mosaicstorra.com\/#organization\"},\"potentialAction\":[{\"@type\":\"SearchAction\",\"target\":{\"@type\":\"EntryPoint\",\"urlTemplate\":\"https:\/\/mosaicstorra.com\/?s={search_term_string}\"},\"query-input\":{\"@type\":\"PropertyValueSpecification\",\"valueRequired\":true,\"valueName\":\"search_term_string\"}}],\"inLanguage\":\"fr-FR\"},{\"@type\":\"Organization\",\"@id\":\"https:\/\/mosaicstorra.com\/#organization\",\"name\":\"Mosaics Torra - Suelos Hidr\u00e1ulicos\",\"url\":\"https:\/\/mosaicstorra.com\/\",\"logo\":{\"@type\":\"ImageObject\",\"inLanguage\":\"fr-FR\",\"@id\":\"https:\/\/mosaicstorra.com\/#\/schema\/logo\/image\/\",\"url\":\"https:\/\/mosaicstorra.com\/wp-content\/uploads\/2024\/11\/cropped-logo_wo_bcn.png\",\"contentUrl\":\"https:\/\/mosaicstorra.com\/wp-content\/uploads\/2024\/11\/cropped-logo_wo_bcn.png\",\"width\":205,\"height\":77,\"caption\":\"Mosaics Torra - Suelos Hidr\u00e1ulicos\"},\"image\":{\"@id\":\"https:\/\/mosaicstorra.com\/#\/schema\/logo\/image\/\"}}]}<\/script>\n<!-- \/ Yoast SEO plugin. -->","yoast_head_json":{"title":"Mentions l\u00e9gales - Mosa\u00efques Torra - Rev\u00eatements de sol hydrauliques","robots":{"index":"index","follow":"follow","max-snippet":"max-snippet:-1","max-image-preview":"max-image-preview:large","max-video-preview":"max-video-preview:-1"},"canonical":"https:\/\/mosaicstorra.com\/fr\/mentions-legales\/","og_locale":"fr_FR","og_type":"article","og_title":"Aviso legal - Mosaics Torra - Suelos Hidr\u00e1ulicos","og_description":"Aviso legal Mosaic Torra, se reserva el derecho a hacer, en cualquier momento y sin aviso previo, modificaciones de los contenidos y presentaci\u00f3n de su sitio web. Limitaci\u00f3n de la responsabilidad:Salvo en aquellos casos expresamente descritos en el Aviso Legal y el resto del marco normativo del sitio web, Mosaic Torra no se responsabiliza de [&hellip;]","og_url":"https:\/\/mosaicstorra.com\/fr\/mentions-legales\/","og_site_name":"Mosaics Torra - Suelos Hidr\u00e1ulicos","article_modified_time":"2025-07-03T07:24:58+00:00","twitter_card":"summary_large_image","twitter_misc":{"Dur\u00e9e de lecture estim\u00e9e":"3 minutes"},"schema":{"@context":"https:\/\/schema.org","@graph":[{"@type":"WebPage","@id":"https:\/\/mosaicstorra.com\/aviso-legal\/","url":"https:\/\/mosaicstorra.com\/aviso-legal\/","name":"Mentions l\u00e9gales - Mosa\u00efques Torra - Rev\u00eatements de sol hydrauliques","isPartOf":{"@id":"https:\/\/mosaicstorra.com\/#website"},"datePublished":"2022-01-10T16:14:44+00:00","dateModified":"2025-07-03T07:24:58+00:00","breadcrumb":{"@id":"https:\/\/mosaicstorra.com\/aviso-legal\/#breadcrumb"},"inLanguage":"fr-FR","potentialAction":[{"@type":"ReadAction","target":["https:\/\/mosaicstorra.com\/aviso-legal\/"]}]},{"@type":"BreadcrumbList","@id":"https:\/\/mosaicstorra.com\/aviso-legal\/#breadcrumb","itemListElement":[{"@type":"ListItem","position":1,"name":"Portada","item":"https:\/\/mosaicstorra.com\/"},{"@type":"ListItem","position":2,"name":"Aviso legal"}]},{"@type":"WebSite","@id":"https:\/\/mosaicstorra.com\/#website","url":"https:\/\/mosaicstorra.com\/","name":"Mosaics Torra \u2013 Carreaux de ciment","description":"Des carreaux qui racontent des histoires","publisher":{"@id":"https:\/\/mosaicstorra.com\/#organization"},"potentialAction":[{"@type":"SearchAction","target":{"@type":"EntryPoint","urlTemplate":"https:\/\/mosaicstorra.com\/?s={search_term_string}"},"query-input":{"@type":"PropertyValueSpecification","valueRequired":true,"valueName":"search_term_string"}}],"inLanguage":"fr-FR"},{"@type":"Organization","@id":"https:\/\/mosaicstorra.com\/#organization","name":"Mosaics Torra \u2013 Carreaux de ciment","url":"https:\/\/mosaicstorra.com\/","logo":{"@type":"ImageObject","inLanguage":"fr-FR","@id":"https:\/\/mosaicstorra.com\/#\/schema\/logo\/image\/","url":"https:\/\/mosaicstorra.com\/wp-content\/uploads\/2024\/11\/cropped-logo_wo_bcn.png","contentUrl":"https:\/\/mosaicstorra.com\/wp-content\/uploads\/2024\/11\/cropped-logo_wo_bcn.png","width":205,"height":77,"caption":"Mosaics Torra - Suelos Hidr\u00e1ulicos"},"image":{"@id":"https:\/\/mosaicstorra.com\/#\/schema\/logo\/image\/"}}]}},"_links":{"self":[{"href":"https:\/\/mosaicstorra.com\/fr\/wp-json\/wp\/v2\/pages\/286","targetHints":{"allow":["GET"]}}],"collection":[{"href":"https:\/\/mosaicstorra.com\/fr\/wp-json\/wp\/v2\/pages"}],"about":[{"href":"https:\/\/mosaicstorra.com\/fr\/wp-json\/wp\/v2\/types\/page"}],"author":[{"embeddable":true,"href":"https:\/\/mosaicstorra.com\/fr\/wp-json\/wp\/v2\/users\/2"}],"replies":[{"embeddable":true,"href":"https:\/\/mosaicstorra.com\/fr\/wp-json\/wp\/v2\/comments?post=286"}],"version-history":[{"count":9,"href":"https:\/\/mosaicstorra.com\/fr\/wp-json\/wp\/v2\/pages\/286\/revisions"}],"predecessor-version":[{"id":31163,"href":"https:\/\/mosaicstorra.com\/fr\/wp-json\/wp\/v2\/pages\/286\/revisions\/31163"}],"wp:attachment":[{"href":"https:\/\/mosaicstorra.com\/fr\/wp-json\/wp\/v2\/media?parent=286"}],"curies":[{"name":"wp","href":"https:\/\/api.w.org\/{rel}","templated":true}]}}