{"id":33010,"date":"2025-10-29T16:02:15","date_gmt":"2025-10-29T15:02:15","guid":{"rendered":"https:\/\/mosaicstorra.com\/?page_id=33010"},"modified":"2026-03-06T08:42:45","modified_gmt":"2026-03-06T07:42:45","slug":"sols-en-carreaux-de-ciment-artisanaux","status":"publish","type":"page","link":"https:\/\/mosaicstorra.com\/fr\/sols-en-carreaux-de-ciment-artisanaux\/","title":{"rendered":"Planchers hydrauliques artisanaux"},"content":{"rendered":"","protected":false},"excerpt":{"rendered":"","protected":false},"author":6,"featured_media":0,"parent":0,"menu_order":0,"comment_status":"closed","ping_status":"closed","template":"","meta":{"_acf_changed":false,"footnotes":""},"class_list":["post-33010","page","type-page","status-publish","hentry"],"acf":[],"yoast_head":"<!-- This site is optimized with the Yoast SEO plugin v26.9 - https:\/\/yoast.com\/product\/yoast-seo-wordpress\/ -->\n<title>Suelos Hidr\u00e1ulicos Artesanales - Mosaics Torra - Suelos Hidr\u00e1ulicos<\/title>\n<meta name=\"description\" content=\"Suelos hidr\u00e1ulicos artesanales hechos a mano con dise\u00f1os \u00fanicos y gran resistencia. M\u00e1xima calidad para proyectos con estilo y autenticidad.\" \/>\n<meta name=\"robots\" content=\"index, follow, max-snippet:-1, max-image-preview:large, max-video-preview:-1\" \/>\n<link rel=\"canonical\" href=\"https:\/\/mosaicstorra.com\/fr\/sols-en-carreaux-de-ciment-artisanaux\/\" \/>\n<meta property=\"og:locale\" content=\"fr_FR\" \/>\n<meta property=\"og:type\" content=\"article\" \/>\n<meta property=\"og:title\" content=\"Suelos Hidr\u00e1ulicos Artesanales - Mosaics Torra - Suelos Hidr\u00e1ulicos\" \/>\n<meta property=\"og:description\" content=\"Suelos hidr\u00e1ulicos artesanales hechos a mano con dise\u00f1os \u00fanicos y gran resistencia. M\u00e1xima calidad para proyectos con estilo y autenticidad.\" \/>\n<meta property=\"og:url\" content=\"https:\/\/mosaicstorra.com\/fr\/sols-en-carreaux-de-ciment-artisanaux\/\" \/>\n<meta property=\"og:site_name\" content=\"Mosaics Torra - Suelos Hidr\u00e1ulicos\" \/>\n<meta property=\"article:modified_time\" content=\"2026-03-06T07:42:45+00:00\" \/>\n<meta name=\"twitter:card\" content=\"summary_large_image\" \/>\n<script type=\"application\/ld+json\" class=\"yoast-schema-graph\">{\"@context\":\"https:\/\/schema.org\",\"@graph\":[{\"@type\":\"WebPage\",\"@id\":\"https:\/\/mosaicstorra.com\/suelos-hidraulicos-artesanales\/\",\"url\":\"https:\/\/mosaicstorra.com\/suelos-hidraulicos-artesanales\/\",\"name\":\"Suelos Hidr\u00e1ulicos Artesanales - Mosaics Torra - Suelos Hidr\u00e1ulicos\",\"isPartOf\":{\"@id\":\"https:\/\/mosaicstorra.com\/#website\"},\"datePublished\":\"2025-10-29T15:02:15+00:00\",\"dateModified\":\"2026-03-06T07:42:45+00:00\",\"description\":\"Suelos hidr\u00e1ulicos artesanales hechos a mano con dise\u00f1os \u00fanicos y gran resistencia. M\u00e1xima calidad para proyectos con estilo y autenticidad.\",\"breadcrumb\":{\"@id\":\"https:\/\/mosaicstorra.com\/suelos-hidraulicos-artesanales\/#breadcrumb\"},\"inLanguage\":\"fr-FR\",\"potentialAction\":[{\"@type\":\"ReadAction\",\"target\":[\"https:\/\/mosaicstorra.com\/suelos-hidraulicos-artesanales\/\"]}]},{\"@type\":\"BreadcrumbList\",\"@id\":\"https:\/\/mosaicstorra.com\/suelos-hidraulicos-artesanales\/#breadcrumb\",\"itemListElement\":[{\"@type\":\"ListItem\",\"position\":1,\"name\":\"Portada\",\"item\":\"https:\/\/mosaicstorra.com\/\"},{\"@type\":\"ListItem\",\"position\":2,\"name\":\"Suelos Hidr\u00e1ulicos Artesanales\"}]},{\"@type\":\"WebSite\",\"@id\":\"https:\/\/mosaicstorra.com\/#website\",\"url\":\"https:\/\/mosaicstorra.com\/\",\"name\":\"Mosaics Torra - Suelos Hidr\u00e1ulicos\",\"description\":\"Baldosas que cuentan historias\",\"publisher\":{\"@id\":\"https:\/\/mosaicstorra.com\/#organization\"},\"potentialAction\":[{\"@type\":\"SearchAction\",\"target\":{\"@type\":\"EntryPoint\",\"urlTemplate\":\"https:\/\/mosaicstorra.com\/?s={search_term_string}\"},\"query-input\":{\"@type\":\"PropertyValueSpecification\",\"valueRequired\":true,\"valueName\":\"search_term_string\"}}],\"inLanguage\":\"fr-FR\"},{\"@type\":\"Organization\",\"@id\":\"https:\/\/mosaicstorra.com\/#organization\",\"name\":\"Mosaics Torra - Suelos Hidr\u00e1ulicos\",\"url\":\"https:\/\/mosaicstorra.com\/\",\"logo\":{\"@type\":\"ImageObject\",\"inLanguage\":\"fr-FR\",\"@id\":\"https:\/\/mosaicstorra.com\/#\/schema\/logo\/image\/\",\"url\":\"https:\/\/mosaicstorra.com\/wp-content\/uploads\/2024\/11\/cropped-logo_wo_bcn.png\",\"contentUrl\":\"https:\/\/mosaicstorra.com\/wp-content\/uploads\/2024\/11\/cropped-logo_wo_bcn.png\",\"width\":205,\"height\":77,\"caption\":\"Mosaics Torra - Suelos Hidr\u00e1ulicos\"},\"image\":{\"@id\":\"https:\/\/mosaicstorra.com\/#\/schema\/logo\/image\/\"}}]}<\/script>\n<!-- \/ Yoast SEO plugin. -->","yoast_head_json":{"title":"Sols hydrauliques faits main - Mosa\u00efques Torra - Sols hydrauliques","description":"Sols hydrauliques artisanaux fabriqu\u00e9s \u00e0 la main avec des designs uniques et une grande r\u00e9sistance. Qualit\u00e9 sup\u00e9rieure pour les projets de style et d'authenticit\u00e9.","robots":{"index":"index","follow":"follow","max-snippet":"max-snippet:-1","max-image-preview":"max-image-preview:large","max-video-preview":"max-video-preview:-1"},"canonical":"https:\/\/mosaicstorra.com\/fr\/sols-en-carreaux-de-ciment-artisanaux\/","og_locale":"fr_FR","og_type":"article","og_title":"Suelos Hidr\u00e1ulicos Artesanales - Mosaics Torra - Suelos Hidr\u00e1ulicos","og_description":"Suelos hidr\u00e1ulicos artesanales hechos a mano con dise\u00f1os \u00fanicos y gran resistencia. M\u00e1xima calidad para proyectos con estilo y autenticidad.","og_url":"https:\/\/mosaicstorra.com\/fr\/sols-en-carreaux-de-ciment-artisanaux\/","og_site_name":"Mosaics Torra - Suelos Hidr\u00e1ulicos","article_modified_time":"2026-03-06T07:42:45+00:00","twitter_card":"summary_large_image","schema":{"@context":"https:\/\/schema.org","@graph":[{"@type":"WebPage","@id":"https:\/\/mosaicstorra.com\/suelos-hidraulicos-artesanales\/","url":"https:\/\/mosaicstorra.com\/suelos-hidraulicos-artesanales\/","name":"Sols hydrauliques faits main - Mosa\u00efques Torra - Sols hydrauliques","isPartOf":{"@id":"https:\/\/mosaicstorra.com\/#website"},"datePublished":"2025-10-29T15:02:15+00:00","dateModified":"2026-03-06T07:42:45+00:00","description":"Sols hydrauliques artisanaux fabriqu\u00e9s \u00e0 la main avec des designs uniques et une grande r\u00e9sistance. Qualit\u00e9 sup\u00e9rieure pour les projets de style et d'authenticit\u00e9.","breadcrumb":{"@id":"https:\/\/mosaicstorra.com\/suelos-hidraulicos-artesanales\/#breadcrumb"},"inLanguage":"fr-FR","potentialAction":[{"@type":"ReadAction","target":["https:\/\/mosaicstorra.com\/suelos-hidraulicos-artesanales\/"]}]},{"@type":"BreadcrumbList","@id":"https:\/\/mosaicstorra.com\/suelos-hidraulicos-artesanales\/#breadcrumb","itemListElement":[{"@type":"ListItem","position":1,"name":"Portada","item":"https:\/\/mosaicstorra.com\/"},{"@type":"ListItem","position":2,"name":"Suelos Hidr\u00e1ulicos Artesanales"}]},{"@type":"WebSite","@id":"https:\/\/mosaicstorra.com\/#website","url":"https:\/\/mosaicstorra.com\/","name":"Mosaics Torra \u2013 Carreaux de ciment","description":"Des carreaux qui racontent des histoires","publisher":{"@id":"https:\/\/mosaicstorra.com\/#organization"},"potentialAction":[{"@type":"SearchAction","target":{"@type":"EntryPoint","urlTemplate":"https:\/\/mosaicstorra.com\/?s={search_term_string}"},"query-input":{"@type":"PropertyValueSpecification","valueRequired":true,"valueName":"search_term_string"}}],"inLanguage":"fr-FR"},{"@type":"Organization","@id":"https:\/\/mosaicstorra.com\/#organization","name":"Mosaics Torra \u2013 Carreaux de ciment","url":"https:\/\/mosaicstorra.com\/","logo":{"@type":"ImageObject","inLanguage":"fr-FR","@id":"https:\/\/mosaicstorra.com\/#\/schema\/logo\/image\/","url":"https:\/\/mosaicstorra.com\/wp-content\/uploads\/2024\/11\/cropped-logo_wo_bcn.png","contentUrl":"https:\/\/mosaicstorra.com\/wp-content\/uploads\/2024\/11\/cropped-logo_wo_bcn.png","width":205,"height":77,"caption":"Mosaics Torra - Suelos Hidr\u00e1ulicos"},"image":{"@id":"https:\/\/mosaicstorra.com\/#\/schema\/logo\/image\/"}}]}},"_links":{"self":[{"href":"https:\/\/mosaicstorra.com\/fr\/wp-json\/wp\/v2\/pages\/33010","targetHints":{"allow":["GET"]}}],"collection":[{"href":"https:\/\/mosaicstorra.com\/fr\/wp-json\/wp\/v2\/pages"}],"about":[{"href":"https:\/\/mosaicstorra.com\/fr\/wp-json\/wp\/v2\/types\/page"}],"author":[{"embeddable":true,"href":"https:\/\/mosaicstorra.com\/fr\/wp-json\/wp\/v2\/users\/6"}],"replies":[{"embeddable":true,"href":"https:\/\/mosaicstorra.com\/fr\/wp-json\/wp\/v2\/comments?post=33010"}],"version-history":[{"count":1,"href":"https:\/\/mosaicstorra.com\/fr\/wp-json\/wp\/v2\/pages\/33010\/revisions"}],"predecessor-version":[{"id":33011,"href":"https:\/\/mosaicstorra.com\/fr\/wp-json\/wp\/v2\/pages\/33010\/revisions\/33011"}],"wp:attachment":[{"href":"https:\/\/mosaicstorra.com\/fr\/wp-json\/wp\/v2\/media?parent=33010"}],"curies":[{"name":"wp","href":"https:\/\/api.w.org\/{rel}","templated":true}]}}