{"id":11333,"date":"2024-07-01T11:15:28","date_gmt":"2024-07-01T10:15:28","guid":{"rendered":"https:\/\/mosaicstorra.com\/?post_type=product&#038;p=11333"},"modified":"2025-11-20T08:36:59","modified_gmt":"2025-11-20T07:36:59","slug":"impermeabilisation-du-carreaux-de-ciment-torra-sealer","status":"publish","type":"product","link":"https:\/\/mosaicstorra.com\/fr\/productos\/suelo-hidraulico-impermeabilizante-torra-sealer\/","title":{"rendered":"Torra Sealer Imperm\u00e9abilisation des sols en carreaux de ciment Torra Sealer"},"content":{"rendered":"<p>Torra Sealer est l'imperm\u00e9abilisant recommand\u00e9 pour traiter toutes nos collections d'int\u00e9rieur, pour garantir et prot\u00e9ger les carreaux hydrauliques contre les taches futures, en cr\u00e9ant une barri\u00e8re tr\u00e8s r\u00e9sistante et en scellant les pores des sols hydrauliques. Il n'alt\u00e8re pas le ton de la tuile hydraulique.<\/p>\n<p>Il est tr\u00e8s important de suivre les instructions d'application de ce produit, d\u00fbment indiqu\u00e9es sur chaque contenant, afin d'obtenir une efficacit\u00e9 optimale dans le traitement de nos carreaux de ciment.<\/p>","protected":false},"excerpt":{"rendered":"<p>Torra Sealer es el Impermeabilizante recomendado para tratar todas nuestras colecciones de uso interior, para garantizar y proteger las baldosas hidr\u00e1ulicas de futuras manchas creando una barrera muy resistente y sellando los poros propios de los suelos hidr\u00e1ulicos. No altera el tono de la baldosa hidr\u00e1ulica. Es muy importante seguir las instrucciones de aplicaci\u00f3n de [&hellip;]<\/p>\n","protected":false},"featured_media":28944,"comment_status":"closed","ping_status":"closed","template":"","meta":{"_acf_changed":false},"product_brand":[],"product_cat":[726],"product_tag":[],"class_list":{"0":"post-11333","1":"product","2":"type-product","3":"status-publish","4":"has-post-thumbnail","6":"product_cat-productos-mantenimiento-y-cuidado","8":"first","9":"instock","10":"taxable","11":"shipping-taxable","12":"purchasable","13":"product-type-simple"},"acf":[],"yoast_head":"<!-- This site is optimized with the Yoast SEO plugin v27.3 - https:\/\/yoast.com\/product\/yoast-seo-wordpress\/ -->\n<title>Suelo hidr\u00e1ulico Impermeabilizante Torra Sealer - Mosaics Torra - Suelos Hidr\u00e1ulicos<\/title>\n<meta name=\"robots\" content=\"index, follow, max-snippet:-1, max-image-preview:large, max-video-preview:-1\" \/>\n<link rel=\"canonical\" href=\"http:\/\/mosaicstorra.com\/fr\/products-2\/waterproofing-hydraulic-floor-torra-sealer\/\" \/>\n<meta property=\"og:locale\" content=\"fr_FR\" \/>\n<meta property=\"og:type\" content=\"article\" \/>\n<meta property=\"og:title\" content=\"Suelo hidr\u00e1ulico Impermeabilizante Torra Sealer - Mosaics Torra - Suelos Hidr\u00e1ulicos\" \/>\n<meta property=\"og:description\" content=\"Torra Sealer es el Impermeabilizante recomendado para tratar todas nuestras colecciones de uso interior, para garantizar y proteger las baldosas hidr\u00e1ulicas de futuras manchas creando una barrera muy resistente y sellando los poros propios de los suelos hidr\u00e1ulicos. No altera el tono de la baldosa hidr\u00e1ulica. Es muy importante seguir las instrucciones de aplicaci\u00f3n de [&hellip;]\" \/>\n<meta property=\"og:url\" content=\"http:\/\/mosaicstorra.com\/fr\/products-2\/waterproofing-hydraulic-floor-torra-sealer\/\" \/>\n<meta property=\"og:site_name\" content=\"Mosaics Torra - Suelos Hidr\u00e1ulicos\" \/>\n<meta property=\"article:modified_time\" content=\"2025-11-20T07:36:59+00:00\" \/>\n<meta property=\"og:image\" content=\"https:\/\/mosaicstorra.com\/wp-content\/uploads\/2024\/07\/mantenimiento-baldosa-hidraulica-torra-sealer.webp\" \/>\n\t<meta property=\"og:image:width\" content=\"800\" \/>\n\t<meta property=\"og:image:height\" content=\"800\" \/>\n\t<meta property=\"og:image:type\" content=\"image\/webp\" \/>\n<meta name=\"twitter:card\" content=\"summary_large_image\" \/>\n<meta name=\"twitter:label1\" content=\"Dur\u00e9e de lecture estim\u00e9e\" \/>\n\t<meta name=\"twitter:data1\" content=\"1 minute\" \/>\n<script type=\"application\/ld+json\" class=\"yoast-schema-graph\">{\"@context\":\"https:\\\/\\\/schema.org\",\"@graph\":[{\"@type\":\"WebPage\",\"@id\":\"http:\\\/\\\/mosaicstorra.com\\\/en\\\/products-2\\\/waterproofing-hydraulic-floor-torra-sealer\\\/\",\"url\":\"http:\\\/\\\/mosaicstorra.com\\\/en\\\/products-2\\\/waterproofing-hydraulic-floor-torra-sealer\\\/\",\"name\":\"Suelo hidr\u00e1ulico Impermeabilizante Torra Sealer - Mosaics Torra - Suelos Hidr\u00e1ulicos\",\"isPartOf\":{\"@id\":\"https:\\\/\\\/mosaicstorra.com\\\/#website\"},\"primaryImageOfPage\":{\"@id\":\"http:\\\/\\\/mosaicstorra.com\\\/en\\\/products-2\\\/waterproofing-hydraulic-floor-torra-sealer\\\/#primaryimage\"},\"image\":{\"@id\":\"http:\\\/\\\/mosaicstorra.com\\\/en\\\/products-2\\\/waterproofing-hydraulic-floor-torra-sealer\\\/#primaryimage\"},\"thumbnailUrl\":\"https:\\\/\\\/mosaicstorra.com\\\/wp-content\\\/uploads\\\/2024\\\/07\\\/mantenimiento-baldosa-hidraulica-torra-sealer.webp\",\"datePublished\":\"2024-07-01T10:15:28+00:00\",\"dateModified\":\"2025-11-20T07:36:59+00:00\",\"breadcrumb\":{\"@id\":\"http:\\\/\\\/mosaicstorra.com\\\/en\\\/products-2\\\/waterproofing-hydraulic-floor-torra-sealer\\\/#breadcrumb\"},\"inLanguage\":\"fr-FR\",\"potentialAction\":[{\"@type\":\"ReadAction\",\"target\":[\"http:\\\/\\\/mosaicstorra.com\\\/en\\\/products-2\\\/waterproofing-hydraulic-floor-torra-sealer\\\/\"]}]},{\"@type\":\"ImageObject\",\"inLanguage\":\"fr-FR\",\"@id\":\"http:\\\/\\\/mosaicstorra.com\\\/en\\\/products-2\\\/waterproofing-hydraulic-floor-torra-sealer\\\/#primaryimage\",\"url\":\"https:\\\/\\\/mosaicstorra.com\\\/wp-content\\\/uploads\\\/2024\\\/07\\\/mantenimiento-baldosa-hidraulica-torra-sealer.webp\",\"contentUrl\":\"https:\\\/\\\/mosaicstorra.com\\\/wp-content\\\/uploads\\\/2024\\\/07\\\/mantenimiento-baldosa-hidraulica-torra-sealer.webp\",\"width\":800,\"height\":800},{\"@type\":\"BreadcrumbList\",\"@id\":\"http:\\\/\\\/mosaicstorra.com\\\/en\\\/products-2\\\/waterproofing-hydraulic-floor-torra-sealer\\\/#breadcrumb\",\"itemListElement\":[{\"@type\":\"ListItem\",\"position\":1,\"name\":\"Portada\",\"item\":\"https:\\\/\\\/mosaicstorra.com\\\/\"},{\"@type\":\"ListItem\",\"position\":2,\"name\":\"Products\",\"item\":\"https:\\\/\\\/mosaicstorra.com\\\/shop\\\/\"},{\"@type\":\"ListItem\",\"position\":3,\"name\":\"Suelo hidr\u00e1ulico Impermeabilizante Torra Sealer\"}]},{\"@type\":\"WebSite\",\"@id\":\"https:\\\/\\\/mosaicstorra.com\\\/#website\",\"url\":\"https:\\\/\\\/mosaicstorra.com\\\/\",\"name\":\"Mosaics Torra - Suelos Hidr\u00e1ulicos\",\"description\":\"Baldosas que cuentan historias\",\"publisher\":{\"@id\":\"https:\\\/\\\/mosaicstorra.com\\\/#organization\"},\"potentialAction\":[{\"@type\":\"SearchAction\",\"target\":{\"@type\":\"EntryPoint\",\"urlTemplate\":\"https:\\\/\\\/mosaicstorra.com\\\/?s={search_term_string}\"},\"query-input\":{\"@type\":\"PropertyValueSpecification\",\"valueRequired\":true,\"valueName\":\"search_term_string\"}}],\"inLanguage\":\"fr-FR\"},{\"@type\":\"Organization\",\"@id\":\"https:\\\/\\\/mosaicstorra.com\\\/#organization\",\"name\":\"Mosaics Torra - Suelos Hidr\u00e1ulicos\",\"url\":\"https:\\\/\\\/mosaicstorra.com\\\/\",\"logo\":{\"@type\":\"ImageObject\",\"inLanguage\":\"fr-FR\",\"@id\":\"https:\\\/\\\/mosaicstorra.com\\\/#\\\/schema\\\/logo\\\/image\\\/\",\"url\":\"https:\\\/\\\/mosaicstorra.com\\\/wp-content\\\/uploads\\\/2024\\\/11\\\/cropped-logo_wo_bcn.png\",\"contentUrl\":\"https:\\\/\\\/mosaicstorra.com\\\/wp-content\\\/uploads\\\/2024\\\/11\\\/cropped-logo_wo_bcn.png\",\"width\":205,\"height\":77,\"caption\":\"Mosaics Torra - Suelos Hidr\u00e1ulicos\"},\"image\":{\"@id\":\"https:\\\/\\\/mosaicstorra.com\\\/#\\\/schema\\\/logo\\\/image\\\/\"}}]}<\/script>\n<!-- \/ Yoast SEO plugin. -->","yoast_head_json":{"title":"Imperm\u00e9abilisation hydraulique des sols Torra Sealer - Mosa\u00efques Torra - Sols hydrauliques","robots":{"index":"index","follow":"follow","max-snippet":"max-snippet:-1","max-image-preview":"max-image-preview:large","max-video-preview":"max-video-preview:-1"},"canonical":"http:\/\/mosaicstorra.com\/fr\/products-2\/waterproofing-hydraulic-floor-torra-sealer\/","og_locale":"fr_FR","og_type":"article","og_title":"Suelo hidr\u00e1ulico Impermeabilizante Torra Sealer - Mosaics Torra - Suelos Hidr\u00e1ulicos","og_description":"Torra Sealer es el Impermeabilizante recomendado para tratar todas nuestras colecciones de uso interior, para garantizar y proteger las baldosas hidr\u00e1ulicas de futuras manchas creando una barrera muy resistente y sellando los poros propios de los suelos hidr\u00e1ulicos. No altera el tono de la baldosa hidr\u00e1ulica. Es muy importante seguir las instrucciones de aplicaci\u00f3n de [&hellip;]","og_url":"http:\/\/mosaicstorra.com\/fr\/products-2\/waterproofing-hydraulic-floor-torra-sealer\/","og_site_name":"Mosaics Torra - Suelos Hidr\u00e1ulicos","article_modified_time":"2025-11-20T07:36:59+00:00","og_image":[{"width":800,"height":800,"url":"https:\/\/mosaicstorra.com\/wp-content\/uploads\/2024\/07\/mantenimiento-baldosa-hidraulica-torra-sealer.webp","type":"image\/webp"}],"twitter_card":"summary_large_image","twitter_misc":{"Dur\u00e9e de lecture estim\u00e9e":"1 minute"},"schema":{"@context":"https:\/\/schema.org","@graph":[{"@type":"WebPage","@id":"http:\/\/mosaicstorra.com\/en\/products-2\/waterproofing-hydraulic-floor-torra-sealer\/","url":"http:\/\/mosaicstorra.com\/en\/products-2\/waterproofing-hydraulic-floor-torra-sealer\/","name":"Imperm\u00e9abilisation hydraulique des sols Torra Sealer - Mosa\u00efques Torra - Sols hydrauliques","isPartOf":{"@id":"https:\/\/mosaicstorra.com\/#website"},"primaryImageOfPage":{"@id":"http:\/\/mosaicstorra.com\/en\/products-2\/waterproofing-hydraulic-floor-torra-sealer\/#primaryimage"},"image":{"@id":"http:\/\/mosaicstorra.com\/en\/products-2\/waterproofing-hydraulic-floor-torra-sealer\/#primaryimage"},"thumbnailUrl":"https:\/\/mosaicstorra.com\/wp-content\/uploads\/2024\/07\/mantenimiento-baldosa-hidraulica-torra-sealer.webp","datePublished":"2024-07-01T10:15:28+00:00","dateModified":"2025-11-20T07:36:59+00:00","breadcrumb":{"@id":"http:\/\/mosaicstorra.com\/en\/products-2\/waterproofing-hydraulic-floor-torra-sealer\/#breadcrumb"},"inLanguage":"fr-FR","potentialAction":[{"@type":"ReadAction","target":["http:\/\/mosaicstorra.com\/en\/products-2\/waterproofing-hydraulic-floor-torra-sealer\/"]}]},{"@type":"ImageObject","inLanguage":"fr-FR","@id":"http:\/\/mosaicstorra.com\/en\/products-2\/waterproofing-hydraulic-floor-torra-sealer\/#primaryimage","url":"https:\/\/mosaicstorra.com\/wp-content\/uploads\/2024\/07\/mantenimiento-baldosa-hidraulica-torra-sealer.webp","contentUrl":"https:\/\/mosaicstorra.com\/wp-content\/uploads\/2024\/07\/mantenimiento-baldosa-hidraulica-torra-sealer.webp","width":800,"height":800},{"@type":"BreadcrumbList","@id":"http:\/\/mosaicstorra.com\/en\/products-2\/waterproofing-hydraulic-floor-torra-sealer\/#breadcrumb","itemListElement":[{"@type":"ListItem","position":1,"name":"Portada","item":"https:\/\/mosaicstorra.com\/"},{"@type":"ListItem","position":2,"name":"Products","item":"https:\/\/mosaicstorra.com\/shop\/"},{"@type":"ListItem","position":3,"name":"Suelo hidr\u00e1ulico Impermeabilizante Torra Sealer"}]},{"@type":"WebSite","@id":"https:\/\/mosaicstorra.com\/#website","url":"https:\/\/mosaicstorra.com\/","name":"Mosaics Torra \u2013 Carreaux de ciment","description":"Des carreaux qui racontent des histoires","publisher":{"@id":"https:\/\/mosaicstorra.com\/#organization"},"potentialAction":[{"@type":"SearchAction","target":{"@type":"EntryPoint","urlTemplate":"https:\/\/mosaicstorra.com\/?s={search_term_string}"},"query-input":{"@type":"PropertyValueSpecification","valueRequired":true,"valueName":"search_term_string"}}],"inLanguage":"fr-FR"},{"@type":"Organization","@id":"https:\/\/mosaicstorra.com\/#organization","name":"Mosaics Torra \u2013 Carreaux de ciment","url":"https:\/\/mosaicstorra.com\/","logo":{"@type":"ImageObject","inLanguage":"fr-FR","@id":"https:\/\/mosaicstorra.com\/#\/schema\/logo\/image\/","url":"https:\/\/mosaicstorra.com\/wp-content\/uploads\/2024\/11\/cropped-logo_wo_bcn.png","contentUrl":"https:\/\/mosaicstorra.com\/wp-content\/uploads\/2024\/11\/cropped-logo_wo_bcn.png","width":205,"height":77,"caption":"Mosaics Torra - Suelos Hidr\u00e1ulicos"},"image":{"@id":"https:\/\/mosaicstorra.com\/#\/schema\/logo\/image\/"}}]}},"_links":{"self":[{"href":"https:\/\/mosaicstorra.com\/fr\/wp-json\/wp\/v2\/product\/11333","targetHints":{"allow":["GET"]}}],"collection":[{"href":"https:\/\/mosaicstorra.com\/fr\/wp-json\/wp\/v2\/product"}],"about":[{"href":"https:\/\/mosaicstorra.com\/fr\/wp-json\/wp\/v2\/types\/product"}],"replies":[{"embeddable":true,"href":"https:\/\/mosaicstorra.com\/fr\/wp-json\/wp\/v2\/comments?post=11333"}],"wp:featuredmedia":[{"embeddable":true,"href":"https:\/\/mosaicstorra.com\/fr\/wp-json\/wp\/v2\/media\/28944"}],"wp:attachment":[{"href":"https:\/\/mosaicstorra.com\/fr\/wp-json\/wp\/v2\/media?parent=11333"}],"wp:term":[{"taxonomy":"product_brand","embeddable":true,"href":"https:\/\/mosaicstorra.com\/fr\/wp-json\/wp\/v2\/product_brand?post=11333"},{"taxonomy":"product_cat","embeddable":true,"href":"https:\/\/mosaicstorra.com\/fr\/wp-json\/wp\/v2\/product_cat?post=11333"},{"taxonomy":"product_tag","embeddable":true,"href":"https:\/\/mosaicstorra.com\/fr\/wp-json\/wp\/v2\/product_tag?post=11333"}],"curies":[{"name":"wp","href":"https:\/\/api.w.org\/{rel}","templated":true}]}}