{"id":28039,"date":"2022-01-14T13:21:01","date_gmt":"2022-01-14T12:21:01","guid":{"rendered":"https:\/\/stage.mosaicstorra.com\/shop\/cement-tile-patchwork-ref-solid-colors\/"},"modified":"2022-01-14T13:21:01","modified_gmt":"2022-01-14T12:21:01","slug":"carreaux-de-ciment-patchwork-ref-couleurs-unies","status":"publish","type":"product","link":"https:\/\/mosaicstorra.com\/fr\/productos\/cement-tile-patchwork-ref-solid-colors\/","title":{"rendered":"Carreaux de ciment Patchwork Ref Solid Colors"},"content":{"rendered":"<p><strong>Ligne<\/strong>Ligne de stockage de carreaux de ciment<\/p>\n<p><strong>Collection : <\/strong>Patchwork de couleurs<\/p>\n<p>Nous cr\u00e9ons des patchworks sur mesure et vous pouvez choisir votre combinaison pr\u00e9f\u00e9r\u00e9e dans notre stock ou nous laisser concevoir un sol en carreaux de ciment patchwork pour vous gr\u00e2ce \u00e0 notre expertise.<\/p>","protected":false},"excerpt":{"rendered":"<p>Ligne : Stock de carreaux de ciment Ligne Collection : Patchwork Colors Nous cr\u00e9ons des patchworks sur mesure. Vous pouvez choisir votre combinaison pr\u00e9f\u00e9r\u00e9e dans notre stock ou nous laisser concevoir un sol en carreaux de ciment patchwork pour vous gr\u00e2ce \u00e0 notre expertise.<\/p>","protected":false},"featured_media":14606,"comment_status":"closed","ping_status":"closed","template":"","meta":{"_acf_changed":false},"product_brand":[],"product_cat":[649],"product_tag":[],"class_list":{"0":"post-28039","1":"product","2":"type-product","3":"status-publish","4":"has-post-thumbnail","6":"product_cat-sin-categorizar","8":"first","9":"instock","10":"taxable","11":"shipping-taxable","12":"purchasable","13":"product-type-simple"},"acf":[],"yoast_head":"<!-- This site is optimized with the Yoast SEO plugin v27.3 - https:\/\/yoast.com\/product\/yoast-seo-wordpress\/ -->\n<title>Cement Tile Patchwork Ref Solid Colors - Mosaics Torra - Suelos Hidr\u00e1ulicos<\/title>\n<meta name=\"robots\" content=\"index, follow, max-snippet:-1, max-image-preview:large, max-video-preview:-1\" \/>\n<link rel=\"canonical\" href=\"https:\/\/mosaicstorra.com\/fr\/produits\/carreaux-de-ciment-patchwork-ref-couleurs-unies\/\" \/>\n<meta property=\"og:locale\" content=\"fr_FR\" \/>\n<meta property=\"og:type\" content=\"article\" \/>\n<meta property=\"og:title\" content=\"Cement Tile Patchwork Ref Solid Colors - Mosaics Torra - Suelos Hidr\u00e1ulicos\" \/>\n<meta property=\"og:description\" content=\"Line: Cement Tile Stock Line Collection: Patchwork Colors We create custom patchworks, and you can either choose your favorite combination from our stock or let us design a patchwork cement tile floor for you using our expertise.\" \/>\n<meta property=\"og:url\" content=\"https:\/\/mosaicstorra.com\/fr\/produits\/carreaux-de-ciment-patchwork-ref-couleurs-unies\/\" \/>\n<meta property=\"og:site_name\" content=\"Mosaics Torra - Suelos Hidr\u00e1ulicos\" \/>\n<meta property=\"og:image\" content=\"https:\/\/mosaicstorra.com\/wp-content\/uploads\/2023\/02\/baldosa-hidraulica-monocolor-color-cement-tile-patchwork-ref-solid-colors-detail.jpg\" \/>\n\t<meta property=\"og:image:width\" content=\"800\" \/>\n\t<meta property=\"og:image:height\" content=\"600\" \/>\n\t<meta property=\"og:image:type\" content=\"image\/jpeg\" \/>\n<meta name=\"twitter:card\" content=\"summary_large_image\" \/>\n<script type=\"application\/ld+json\" class=\"yoast-schema-graph\">{\"@context\":\"https:\\\/\\\/schema.org\",\"@graph\":[{\"@type\":\"WebPage\",\"@id\":\"https:\\\/\\\/mosaicstorra.com\\\/productos\\\/cement-tile-patchwork-ref-solid-colors\\\/\",\"url\":\"https:\\\/\\\/mosaicstorra.com\\\/productos\\\/cement-tile-patchwork-ref-solid-colors\\\/\",\"name\":\"Cement Tile Patchwork Ref Solid Colors - Mosaics Torra - Suelos Hidr\u00e1ulicos\",\"isPartOf\":{\"@id\":\"https:\\\/\\\/mosaicstorra.com\\\/#website\"},\"primaryImageOfPage\":{\"@id\":\"https:\\\/\\\/mosaicstorra.com\\\/productos\\\/cement-tile-patchwork-ref-solid-colors\\\/#primaryimage\"},\"image\":{\"@id\":\"https:\\\/\\\/mosaicstorra.com\\\/productos\\\/cement-tile-patchwork-ref-solid-colors\\\/#primaryimage\"},\"thumbnailUrl\":\"https:\\\/\\\/mosaicstorra.com\\\/wp-content\\\/uploads\\\/2023\\\/02\\\/baldosa-hidraulica-monocolor-color-cement-tile-patchwork-ref-solid-colors-detail.jpg\",\"datePublished\":\"2022-01-14T12:21:01+00:00\",\"breadcrumb\":{\"@id\":\"https:\\\/\\\/mosaicstorra.com\\\/productos\\\/cement-tile-patchwork-ref-solid-colors\\\/#breadcrumb\"},\"inLanguage\":\"fr-FR\",\"potentialAction\":[{\"@type\":\"ReadAction\",\"target\":[\"https:\\\/\\\/mosaicstorra.com\\\/productos\\\/cement-tile-patchwork-ref-solid-colors\\\/\"]}]},{\"@type\":\"ImageObject\",\"inLanguage\":\"fr-FR\",\"@id\":\"https:\\\/\\\/mosaicstorra.com\\\/productos\\\/cement-tile-patchwork-ref-solid-colors\\\/#primaryimage\",\"url\":\"https:\\\/\\\/mosaicstorra.com\\\/wp-content\\\/uploads\\\/2023\\\/02\\\/baldosa-hidraulica-monocolor-color-cement-tile-patchwork-ref-solid-colors-detail.jpg\",\"contentUrl\":\"https:\\\/\\\/mosaicstorra.com\\\/wp-content\\\/uploads\\\/2023\\\/02\\\/baldosa-hidraulica-monocolor-color-cement-tile-patchwork-ref-solid-colors-detail.jpg\",\"width\":800,\"height\":600,\"caption\":\"Patchwork Cement Tile Patchwork Ref Solid Colors detalle\"},{\"@type\":\"BreadcrumbList\",\"@id\":\"https:\\\/\\\/mosaicstorra.com\\\/productos\\\/cement-tile-patchwork-ref-solid-colors\\\/#breadcrumb\",\"itemListElement\":[{\"@type\":\"ListItem\",\"position\":1,\"name\":\"Portada\",\"item\":\"https:\\\/\\\/mosaicstorra.com\\\/\"},{\"@type\":\"ListItem\",\"position\":2,\"name\":\"Products\",\"item\":\"https:\\\/\\\/mosaicstorra.com\\\/shop\\\/\"},{\"@type\":\"ListItem\",\"position\":3,\"name\":\"Cement Tile Patchwork Ref Solid Colors\"}]},{\"@type\":\"WebSite\",\"@id\":\"https:\\\/\\\/mosaicstorra.com\\\/#website\",\"url\":\"https:\\\/\\\/mosaicstorra.com\\\/\",\"name\":\"Mosaics Torra - Suelos Hidr\u00e1ulicos\",\"description\":\"Baldosas que cuentan historias\",\"publisher\":{\"@id\":\"https:\\\/\\\/mosaicstorra.com\\\/#organization\"},\"potentialAction\":[{\"@type\":\"SearchAction\",\"target\":{\"@type\":\"EntryPoint\",\"urlTemplate\":\"https:\\\/\\\/mosaicstorra.com\\\/?s={search_term_string}\"},\"query-input\":{\"@type\":\"PropertyValueSpecification\",\"valueRequired\":true,\"valueName\":\"search_term_string\"}}],\"inLanguage\":\"fr-FR\"},{\"@type\":\"Organization\",\"@id\":\"https:\\\/\\\/mosaicstorra.com\\\/#organization\",\"name\":\"Mosaics Torra - Suelos Hidr\u00e1ulicos\",\"url\":\"https:\\\/\\\/mosaicstorra.com\\\/\",\"logo\":{\"@type\":\"ImageObject\",\"inLanguage\":\"fr-FR\",\"@id\":\"https:\\\/\\\/mosaicstorra.com\\\/#\\\/schema\\\/logo\\\/image\\\/\",\"url\":\"https:\\\/\\\/mosaicstorra.com\\\/wp-content\\\/uploads\\\/2024\\\/11\\\/cropped-logo_wo_bcn.png\",\"contentUrl\":\"https:\\\/\\\/mosaicstorra.com\\\/wp-content\\\/uploads\\\/2024\\\/11\\\/cropped-logo_wo_bcn.png\",\"width\":205,\"height\":77,\"caption\":\"Mosaics Torra - Suelos Hidr\u00e1ulicos\"},\"image\":{\"@id\":\"https:\\\/\\\/mosaicstorra.com\\\/#\\\/schema\\\/logo\\\/image\\\/\"}}]}<\/script>\n<!-- \/ Yoast SEO plugin. -->","yoast_head_json":{"title":"Patchwork de carreaux de ciment Ref Solid Colors - Mosa\u00efques Torra - Sols hydrauliques","robots":{"index":"index","follow":"follow","max-snippet":"max-snippet:-1","max-image-preview":"max-image-preview:large","max-video-preview":"max-video-preview:-1"},"canonical":"https:\/\/mosaicstorra.com\/fr\/produits\/carreaux-de-ciment-patchwork-ref-couleurs-unies\/","og_locale":"fr_FR","og_type":"article","og_title":"Cement Tile Patchwork Ref Solid Colors - Mosaics Torra - Suelos Hidr\u00e1ulicos","og_description":"Line: Cement Tile Stock Line Collection: Patchwork Colors We create custom patchworks, and you can either choose your favorite combination from our stock or let us design a patchwork cement tile floor for you using our expertise.","og_url":"https:\/\/mosaicstorra.com\/fr\/produits\/carreaux-de-ciment-patchwork-ref-couleurs-unies\/","og_site_name":"Mosaics Torra - Suelos Hidr\u00e1ulicos","og_image":[{"width":800,"height":600,"url":"https:\/\/mosaicstorra.com\/wp-content\/uploads\/2023\/02\/baldosa-hidraulica-monocolor-color-cement-tile-patchwork-ref-solid-colors-detail.jpg","type":"image\/jpeg"}],"twitter_card":"summary_large_image","schema":{"@context":"https:\/\/schema.org","@graph":[{"@type":"WebPage","@id":"https:\/\/mosaicstorra.com\/productos\/cement-tile-patchwork-ref-solid-colors\/","url":"https:\/\/mosaicstorra.com\/productos\/cement-tile-patchwork-ref-solid-colors\/","name":"Patchwork de carreaux de ciment Ref Solid Colors - Mosa\u00efques Torra - Sols hydrauliques","isPartOf":{"@id":"https:\/\/mosaicstorra.com\/#website"},"primaryImageOfPage":{"@id":"https:\/\/mosaicstorra.com\/productos\/cement-tile-patchwork-ref-solid-colors\/#primaryimage"},"image":{"@id":"https:\/\/mosaicstorra.com\/productos\/cement-tile-patchwork-ref-solid-colors\/#primaryimage"},"thumbnailUrl":"https:\/\/mosaicstorra.com\/wp-content\/uploads\/2023\/02\/baldosa-hidraulica-monocolor-color-cement-tile-patchwork-ref-solid-colors-detail.jpg","datePublished":"2022-01-14T12:21:01+00:00","breadcrumb":{"@id":"https:\/\/mosaicstorra.com\/productos\/cement-tile-patchwork-ref-solid-colors\/#breadcrumb"},"inLanguage":"fr-FR","potentialAction":[{"@type":"ReadAction","target":["https:\/\/mosaicstorra.com\/productos\/cement-tile-patchwork-ref-solid-colors\/"]}]},{"@type":"ImageObject","inLanguage":"fr-FR","@id":"https:\/\/mosaicstorra.com\/productos\/cement-tile-patchwork-ref-solid-colors\/#primaryimage","url":"https:\/\/mosaicstorra.com\/wp-content\/uploads\/2023\/02\/baldosa-hidraulica-monocolor-color-cement-tile-patchwork-ref-solid-colors-detail.jpg","contentUrl":"https:\/\/mosaicstorra.com\/wp-content\/uploads\/2023\/02\/baldosa-hidraulica-monocolor-color-cement-tile-patchwork-ref-solid-colors-detail.jpg","width":800,"height":600,"caption":"Patchwork Cement Tile Patchwork Ref Solid Colors detalle"},{"@type":"BreadcrumbList","@id":"https:\/\/mosaicstorra.com\/productos\/cement-tile-patchwork-ref-solid-colors\/#breadcrumb","itemListElement":[{"@type":"ListItem","position":1,"name":"Portada","item":"https:\/\/mosaicstorra.com\/"},{"@type":"ListItem","position":2,"name":"Products","item":"https:\/\/mosaicstorra.com\/shop\/"},{"@type":"ListItem","position":3,"name":"Cement Tile Patchwork Ref Solid Colors"}]},{"@type":"WebSite","@id":"https:\/\/mosaicstorra.com\/#website","url":"https:\/\/mosaicstorra.com\/","name":"Mosaics Torra \u2013 Carreaux de ciment","description":"Des carreaux qui racontent des histoires","publisher":{"@id":"https:\/\/mosaicstorra.com\/#organization"},"potentialAction":[{"@type":"SearchAction","target":{"@type":"EntryPoint","urlTemplate":"https:\/\/mosaicstorra.com\/?s={search_term_string}"},"query-input":{"@type":"PropertyValueSpecification","valueRequired":true,"valueName":"search_term_string"}}],"inLanguage":"fr-FR"},{"@type":"Organization","@id":"https:\/\/mosaicstorra.com\/#organization","name":"Mosaics Torra \u2013 Carreaux de ciment","url":"https:\/\/mosaicstorra.com\/","logo":{"@type":"ImageObject","inLanguage":"fr-FR","@id":"https:\/\/mosaicstorra.com\/#\/schema\/logo\/image\/","url":"https:\/\/mosaicstorra.com\/wp-content\/uploads\/2024\/11\/cropped-logo_wo_bcn.png","contentUrl":"https:\/\/mosaicstorra.com\/wp-content\/uploads\/2024\/11\/cropped-logo_wo_bcn.png","width":205,"height":77,"caption":"Mosaics Torra - Suelos Hidr\u00e1ulicos"},"image":{"@id":"https:\/\/mosaicstorra.com\/#\/schema\/logo\/image\/"}}]}},"_links":{"self":[{"href":"https:\/\/mosaicstorra.com\/fr\/wp-json\/wp\/v2\/product\/28039","targetHints":{"allow":["GET"]}}],"collection":[{"href":"https:\/\/mosaicstorra.com\/fr\/wp-json\/wp\/v2\/product"}],"about":[{"href":"https:\/\/mosaicstorra.com\/fr\/wp-json\/wp\/v2\/types\/product"}],"replies":[{"embeddable":true,"href":"https:\/\/mosaicstorra.com\/fr\/wp-json\/wp\/v2\/comments?post=28039"}],"wp:featuredmedia":[{"embeddable":true,"href":"https:\/\/mosaicstorra.com\/fr\/wp-json\/wp\/v2\/media\/14606"}],"wp:attachment":[{"href":"https:\/\/mosaicstorra.com\/fr\/wp-json\/wp\/v2\/media?parent=28039"}],"wp:term":[{"taxonomy":"product_brand","embeddable":true,"href":"https:\/\/mosaicstorra.com\/fr\/wp-json\/wp\/v2\/product_brand?post=28039"},{"taxonomy":"product_cat","embeddable":true,"href":"https:\/\/mosaicstorra.com\/fr\/wp-json\/wp\/v2\/product_cat?post=28039"},{"taxonomy":"product_tag","embeddable":true,"href":"https:\/\/mosaicstorra.com\/fr\/wp-json\/wp\/v2\/product_tag?post=28039"}],"curies":[{"name":"wp","href":"https:\/\/api.w.org\/{rel}","templated":true}]}}