{"id":28040,"date":"2022-01-14T13:22:52","date_gmt":"2022-01-14T12:22:52","guid":{"rendered":"https:\/\/stage.mosaicstorra.com\/shop\/cement-tile-patchwork-ref-coctel\/"},"modified":"2022-01-14T13:22:52","modified_gmt":"2022-01-14T12:22:52","slug":"carreaux-de-ciment-patchwork-ref-cocktail","status":"publish","type":"product","link":"https:\/\/mosaicstorra.com\/fr\/productos\/cement-tile-patchwork-ref-coctel\/","title":{"rendered":"Patchwork de carreaux de ciment Ref C\u00f2ctel"},"content":{"rendered":"<p><strong>Ligne<\/strong>Ligne de stockage de carreaux de ciment<\/p>\n<p><strong>Collection : <\/strong>Cocktail patchwork<\/p>\n<p>Nous assemblons des patchworks sur mesure et vous pouvez choisir la combinaison qui vous convient dans notre stock ou nous pouvons pr\u00e9parer un plancher de patchwork hydraulique pour vous gr\u00e2ce \u00e0 notre exp\u00e9rience.<\/p>","protected":false},"excerpt":{"rendered":"<p>Ligne : Ligne de stock de carreaux de ciment Collection : Patchwork C\u00f2ctel Nous assemblons des patchworks sur mesure et vous pouvez choisir la combinaison qui vous pla\u00eet le plus dans notre stock ou nous pouvons pr\u00e9parer un sol hydraulique en patchwork pour vous gr\u00e2ce \u00e0 notre exp\u00e9rience.<\/p>","protected":false},"featured_media":14603,"comment_status":"closed","ping_status":"closed","template":"","meta":{"_acf_changed":false},"product_brand":[],"product_cat":[649],"product_tag":[],"class_list":{"0":"post-28040","1":"product","2":"type-product","3":"status-publish","4":"has-post-thumbnail","6":"product_cat-sin-categorizar","8":"first","9":"instock","10":"taxable","11":"shipping-taxable","12":"purchasable","13":"product-type-simple"},"acf":[],"yoast_head":"<!-- This site is optimized with the Yoast SEO plugin v27.3 - https:\/\/yoast.com\/product\/yoast-seo-wordpress\/ -->\n<title>Cement Tile Patchwork Ref C\u00f2ctel - Mosaics Torra - Suelos Hidr\u00e1ulicos<\/title>\n<meta name=\"robots\" content=\"index, follow, max-snippet:-1, max-image-preview:large, max-video-preview:-1\" \/>\n<link rel=\"canonical\" href=\"https:\/\/mosaicstorra.com\/fr\/produits\/carreaux-de-ciment-patchwork-ref-cocktail\/\" \/>\n<meta property=\"og:locale\" content=\"fr_FR\" \/>\n<meta property=\"og:type\" content=\"article\" \/>\n<meta property=\"og:title\" content=\"Cement Tile Patchwork Ref C\u00f2ctel - Mosaics Torra - Suelos Hidr\u00e1ulicos\" \/>\n<meta property=\"og:description\" content=\"Line: Cement Tile Stock Line Collection: Patchwork C\u00f2ctel Montamos patchworks a medida y se puede elegir la combinaci\u00f3n que m\u00e1s os guste de nuestro stock o bien nosotros os preparamos un suelo hidr\u00e1ulico de Patchwork con nuestra experiencia.\" \/>\n<meta property=\"og:url\" content=\"https:\/\/mosaicstorra.com\/fr\/produits\/carreaux-de-ciment-patchwork-ref-cocktail\/\" \/>\n<meta property=\"og:site_name\" content=\"Mosaics Torra - Suelos Hidr\u00e1ulicos\" \/>\n<meta property=\"og:image\" content=\"https:\/\/mosaicstorra.com\/wp-content\/uploads\/2023\/02\/baldosa-hidraulica-collection-cement-tile-patchwork-ref-c-ctel-detail.jpg\" \/>\n\t<meta property=\"og:image:width\" content=\"800\" \/>\n\t<meta property=\"og:image:height\" content=\"600\" \/>\n\t<meta property=\"og:image:type\" content=\"image\/jpeg\" \/>\n<meta name=\"twitter:card\" content=\"summary_large_image\" \/>\n<script type=\"application\/ld+json\" class=\"yoast-schema-graph\">{\"@context\":\"https:\\\/\\\/schema.org\",\"@graph\":[{\"@type\":\"WebPage\",\"@id\":\"https:\\\/\\\/mosaicstorra.com\\\/productos\\\/cement-tile-patchwork-ref-coctel\\\/\",\"url\":\"https:\\\/\\\/mosaicstorra.com\\\/productos\\\/cement-tile-patchwork-ref-coctel\\\/\",\"name\":\"Cement Tile Patchwork Ref C\u00f2ctel - Mosaics Torra - Suelos Hidr\u00e1ulicos\",\"isPartOf\":{\"@id\":\"https:\\\/\\\/mosaicstorra.com\\\/#website\"},\"primaryImageOfPage\":{\"@id\":\"https:\\\/\\\/mosaicstorra.com\\\/productos\\\/cement-tile-patchwork-ref-coctel\\\/#primaryimage\"},\"image\":{\"@id\":\"https:\\\/\\\/mosaicstorra.com\\\/productos\\\/cement-tile-patchwork-ref-coctel\\\/#primaryimage\"},\"thumbnailUrl\":\"https:\\\/\\\/mosaicstorra.com\\\/wp-content\\\/uploads\\\/2023\\\/02\\\/baldosa-hidraulica-collection-cement-tile-patchwork-ref-c-ctel-detail.jpg\",\"datePublished\":\"2022-01-14T12:22:52+00:00\",\"breadcrumb\":{\"@id\":\"https:\\\/\\\/mosaicstorra.com\\\/productos\\\/cement-tile-patchwork-ref-coctel\\\/#breadcrumb\"},\"inLanguage\":\"fr-FR\",\"potentialAction\":[{\"@type\":\"ReadAction\",\"target\":[\"https:\\\/\\\/mosaicstorra.com\\\/productos\\\/cement-tile-patchwork-ref-coctel\\\/\"]}]},{\"@type\":\"ImageObject\",\"inLanguage\":\"fr-FR\",\"@id\":\"https:\\\/\\\/mosaicstorra.com\\\/productos\\\/cement-tile-patchwork-ref-coctel\\\/#primaryimage\",\"url\":\"https:\\\/\\\/mosaicstorra.com\\\/wp-content\\\/uploads\\\/2023\\\/02\\\/baldosa-hidraulica-collection-cement-tile-patchwork-ref-c-ctel-detail.jpg\",\"contentUrl\":\"https:\\\/\\\/mosaicstorra.com\\\/wp-content\\\/uploads\\\/2023\\\/02\\\/baldosa-hidraulica-collection-cement-tile-patchwork-ref-c-ctel-detail.jpg\",\"width\":800,\"height\":600,\"caption\":\"Patchwork Cement Tile Patchwork Ref C\u00f2ctel detalle\"},{\"@type\":\"BreadcrumbList\",\"@id\":\"https:\\\/\\\/mosaicstorra.com\\\/productos\\\/cement-tile-patchwork-ref-coctel\\\/#breadcrumb\",\"itemListElement\":[{\"@type\":\"ListItem\",\"position\":1,\"name\":\"Portada\",\"item\":\"https:\\\/\\\/mosaicstorra.com\\\/\"},{\"@type\":\"ListItem\",\"position\":2,\"name\":\"Products\",\"item\":\"https:\\\/\\\/mosaicstorra.com\\\/shop\\\/\"},{\"@type\":\"ListItem\",\"position\":3,\"name\":\"Cement Tile Patchwork Ref C\u00f2ctel\"}]},{\"@type\":\"WebSite\",\"@id\":\"https:\\\/\\\/mosaicstorra.com\\\/#website\",\"url\":\"https:\\\/\\\/mosaicstorra.com\\\/\",\"name\":\"Mosaics Torra - Suelos Hidr\u00e1ulicos\",\"description\":\"Baldosas que cuentan historias\",\"publisher\":{\"@id\":\"https:\\\/\\\/mosaicstorra.com\\\/#organization\"},\"potentialAction\":[{\"@type\":\"SearchAction\",\"target\":{\"@type\":\"EntryPoint\",\"urlTemplate\":\"https:\\\/\\\/mosaicstorra.com\\\/?s={search_term_string}\"},\"query-input\":{\"@type\":\"PropertyValueSpecification\",\"valueRequired\":true,\"valueName\":\"search_term_string\"}}],\"inLanguage\":\"fr-FR\"},{\"@type\":\"Organization\",\"@id\":\"https:\\\/\\\/mosaicstorra.com\\\/#organization\",\"name\":\"Mosaics Torra - Suelos Hidr\u00e1ulicos\",\"url\":\"https:\\\/\\\/mosaicstorra.com\\\/\",\"logo\":{\"@type\":\"ImageObject\",\"inLanguage\":\"fr-FR\",\"@id\":\"https:\\\/\\\/mosaicstorra.com\\\/#\\\/schema\\\/logo\\\/image\\\/\",\"url\":\"https:\\\/\\\/mosaicstorra.com\\\/wp-content\\\/uploads\\\/2024\\\/11\\\/cropped-logo_wo_bcn.png\",\"contentUrl\":\"https:\\\/\\\/mosaicstorra.com\\\/wp-content\\\/uploads\\\/2024\\\/11\\\/cropped-logo_wo_bcn.png\",\"width\":205,\"height\":77,\"caption\":\"Mosaics Torra - Suelos Hidr\u00e1ulicos\"},\"image\":{\"@id\":\"https:\\\/\\\/mosaicstorra.com\\\/#\\\/schema\\\/logo\\\/image\\\/\"}}]}<\/script>\n<!-- \/ Yoast SEO plugin. -->","yoast_head_json":{"title":"Patchwork de carreaux de ciment Ref C\u00f2ctel - Mosa\u00efques Torra - Sols hydrauliques","robots":{"index":"index","follow":"follow","max-snippet":"max-snippet:-1","max-image-preview":"max-image-preview:large","max-video-preview":"max-video-preview:-1"},"canonical":"https:\/\/mosaicstorra.com\/fr\/produits\/carreaux-de-ciment-patchwork-ref-cocktail\/","og_locale":"fr_FR","og_type":"article","og_title":"Cement Tile Patchwork Ref C\u00f2ctel - Mosaics Torra - Suelos Hidr\u00e1ulicos","og_description":"Line: Cement Tile Stock Line Collection: Patchwork C\u00f2ctel Montamos patchworks a medida y se puede elegir la combinaci\u00f3n que m\u00e1s os guste de nuestro stock o bien nosotros os preparamos un suelo hidr\u00e1ulico de Patchwork con nuestra experiencia.","og_url":"https:\/\/mosaicstorra.com\/fr\/produits\/carreaux-de-ciment-patchwork-ref-cocktail\/","og_site_name":"Mosaics Torra - Suelos Hidr\u00e1ulicos","og_image":[{"width":800,"height":600,"url":"https:\/\/mosaicstorra.com\/wp-content\/uploads\/2023\/02\/baldosa-hidraulica-collection-cement-tile-patchwork-ref-c-ctel-detail.jpg","type":"image\/jpeg"}],"twitter_card":"summary_large_image","schema":{"@context":"https:\/\/schema.org","@graph":[{"@type":"WebPage","@id":"https:\/\/mosaicstorra.com\/productos\/cement-tile-patchwork-ref-coctel\/","url":"https:\/\/mosaicstorra.com\/productos\/cement-tile-patchwork-ref-coctel\/","name":"Patchwork de carreaux de ciment Ref C\u00f2ctel - Mosa\u00efques Torra - Sols hydrauliques","isPartOf":{"@id":"https:\/\/mosaicstorra.com\/#website"},"primaryImageOfPage":{"@id":"https:\/\/mosaicstorra.com\/productos\/cement-tile-patchwork-ref-coctel\/#primaryimage"},"image":{"@id":"https:\/\/mosaicstorra.com\/productos\/cement-tile-patchwork-ref-coctel\/#primaryimage"},"thumbnailUrl":"https:\/\/mosaicstorra.com\/wp-content\/uploads\/2023\/02\/baldosa-hidraulica-collection-cement-tile-patchwork-ref-c-ctel-detail.jpg","datePublished":"2022-01-14T12:22:52+00:00","breadcrumb":{"@id":"https:\/\/mosaicstorra.com\/productos\/cement-tile-patchwork-ref-coctel\/#breadcrumb"},"inLanguage":"fr-FR","potentialAction":[{"@type":"ReadAction","target":["https:\/\/mosaicstorra.com\/productos\/cement-tile-patchwork-ref-coctel\/"]}]},{"@type":"ImageObject","inLanguage":"fr-FR","@id":"https:\/\/mosaicstorra.com\/productos\/cement-tile-patchwork-ref-coctel\/#primaryimage","url":"https:\/\/mosaicstorra.com\/wp-content\/uploads\/2023\/02\/baldosa-hidraulica-collection-cement-tile-patchwork-ref-c-ctel-detail.jpg","contentUrl":"https:\/\/mosaicstorra.com\/wp-content\/uploads\/2023\/02\/baldosa-hidraulica-collection-cement-tile-patchwork-ref-c-ctel-detail.jpg","width":800,"height":600,"caption":"Patchwork Cement Tile Patchwork Ref C\u00f2ctel detalle"},{"@type":"BreadcrumbList","@id":"https:\/\/mosaicstorra.com\/productos\/cement-tile-patchwork-ref-coctel\/#breadcrumb","itemListElement":[{"@type":"ListItem","position":1,"name":"Portada","item":"https:\/\/mosaicstorra.com\/"},{"@type":"ListItem","position":2,"name":"Products","item":"https:\/\/mosaicstorra.com\/shop\/"},{"@type":"ListItem","position":3,"name":"Cement Tile Patchwork Ref C\u00f2ctel"}]},{"@type":"WebSite","@id":"https:\/\/mosaicstorra.com\/#website","url":"https:\/\/mosaicstorra.com\/","name":"Mosaics Torra \u2013 Carreaux de ciment","description":"Des carreaux qui racontent des histoires","publisher":{"@id":"https:\/\/mosaicstorra.com\/#organization"},"potentialAction":[{"@type":"SearchAction","target":{"@type":"EntryPoint","urlTemplate":"https:\/\/mosaicstorra.com\/?s={search_term_string}"},"query-input":{"@type":"PropertyValueSpecification","valueRequired":true,"valueName":"search_term_string"}}],"inLanguage":"fr-FR"},{"@type":"Organization","@id":"https:\/\/mosaicstorra.com\/#organization","name":"Mosaics Torra \u2013 Carreaux de ciment","url":"https:\/\/mosaicstorra.com\/","logo":{"@type":"ImageObject","inLanguage":"fr-FR","@id":"https:\/\/mosaicstorra.com\/#\/schema\/logo\/image\/","url":"https:\/\/mosaicstorra.com\/wp-content\/uploads\/2024\/11\/cropped-logo_wo_bcn.png","contentUrl":"https:\/\/mosaicstorra.com\/wp-content\/uploads\/2024\/11\/cropped-logo_wo_bcn.png","width":205,"height":77,"caption":"Mosaics Torra - Suelos Hidr\u00e1ulicos"},"image":{"@id":"https:\/\/mosaicstorra.com\/#\/schema\/logo\/image\/"}}]}},"_links":{"self":[{"href":"https:\/\/mosaicstorra.com\/fr\/wp-json\/wp\/v2\/product\/28040","targetHints":{"allow":["GET"]}}],"collection":[{"href":"https:\/\/mosaicstorra.com\/fr\/wp-json\/wp\/v2\/product"}],"about":[{"href":"https:\/\/mosaicstorra.com\/fr\/wp-json\/wp\/v2\/types\/product"}],"replies":[{"embeddable":true,"href":"https:\/\/mosaicstorra.com\/fr\/wp-json\/wp\/v2\/comments?post=28040"}],"wp:featuredmedia":[{"embeddable":true,"href":"https:\/\/mosaicstorra.com\/fr\/wp-json\/wp\/v2\/media\/14603"}],"wp:attachment":[{"href":"https:\/\/mosaicstorra.com\/fr\/wp-json\/wp\/v2\/media?parent=28040"}],"wp:term":[{"taxonomy":"product_brand","embeddable":true,"href":"https:\/\/mosaicstorra.com\/fr\/wp-json\/wp\/v2\/product_brand?post=28040"},{"taxonomy":"product_cat","embeddable":true,"href":"https:\/\/mosaicstorra.com\/fr\/wp-json\/wp\/v2\/product_cat?post=28040"},{"taxonomy":"product_tag","embeddable":true,"href":"https:\/\/mosaicstorra.com\/fr\/wp-json\/wp\/v2\/product_tag?post=28040"}],"curies":[{"name":"wp","href":"https:\/\/api.w.org\/{rel}","templated":true}]}}