{"id":28054,"date":"2024-07-10T09:50:49","date_gmt":"2024-07-10T08:50:49","guid":{"rendered":"https:\/\/stage.mosaicstorra.com\/shop\/torra-brite-sealer-gloss-enhancing-sealer-for-cement-tiles\/"},"modified":"2025-07-25T14:10:07","modified_gmt":"2025-07-25T13:10:07","slug":"torra-brite-sealer-gloss-enhancing-sealer-for-cement-tiles","status":"publish","type":"product","link":"https:\/\/mosaicstorra.com\/fr\/productos\/torra-brite-sealer-gloss-enhancing-sealer-for-cement-tiles\/","title":{"rendered":"Torra Brite Sealer - Scellant pour les carreaux de ciment"},"content":{"rendered":"<p>Avec les m\u00eames propri\u00e9t\u00e9s protectrices que Torra Sealer, Torra Brite Sealer est \u00e0 base de solvant, ce qui n\u00e9cessite plus de soin lors de l'application. Il doit \u00eatre appliqu\u00e9 \u00e0 l'aide d'une spatule de 20 cm, verticalement et horizontalement.<\/p>\n<p>Ce scellant rehausse la couleur de nos sols en carreaux de ciment, cr\u00e9ant un effet mouill\u00e9 sur toute la surface.<\/p>\n<p>Pour obtenir les meilleurs r\u00e9sultats, il est essentiel de suivre scrupuleusement les instructions d'application figurant sur l'\u00e9tiquette du produit.<\/p>","protected":false},"excerpt":{"rendered":"<p>With the same protective properties as Torra Sealer, Torra Brite Sealer is solvent-based, which requires more care during application. It should be applied using a 20 cm spatula, both vertically and horizontally. This sealer enhances the color of our cement tile floors, creating a wet look effect across the entire surface. For best results, it&#8217;s [&hellip;]<\/p>\n","protected":false},"featured_media":25346,"comment_status":"closed","ping_status":"closed","template":"","meta":{"_acf_changed":false},"product_brand":[],"product_cat":[1622],"product_tag":[],"class_list":{"0":"post-28054","1":"product","2":"type-product","3":"status-publish","4":"has-post-thumbnail","6":"product_cat-care-and-maintenance-products","8":"first","9":"instock","10":"taxable","11":"shipping-taxable","12":"purchasable","13":"product-type-simple"},"acf":[],"yoast_head":"<!-- This site is optimized with the Yoast SEO plugin v27.3 - https:\/\/yoast.com\/product\/yoast-seo-wordpress\/ -->\n<title>Torra Brite Sealer \u2013 Gloss-Enhancing Sealer for Cement Tiles - Mosaics Torra - Suelos Hidr\u00e1ulicos<\/title>\n<meta name=\"robots\" content=\"index, follow, max-snippet:-1, max-image-preview:large, max-video-preview:-1\" \/>\n<link rel=\"canonical\" href=\"https:\/\/mosaicstorra.com\/fr\/produits\/torra-brite-sealer-gloss-enhancing-sealer-for-cement-tiles\/\" \/>\n<meta property=\"og:locale\" content=\"fr_FR\" \/>\n<meta property=\"og:type\" content=\"article\" \/>\n<meta property=\"og:title\" content=\"Torra Brite Sealer \u2013 Gloss-Enhancing Sealer for Cement Tiles - Mosaics Torra - Suelos Hidr\u00e1ulicos\" \/>\n<meta property=\"og:description\" content=\"With the same protective properties as Torra Sealer, Torra Brite Sealer is solvent-based, which requires more care during application. It should be applied using a 20 cm spatula, both vertically and horizontally. This sealer enhances the color of our cement tile floors, creating a wet look effect across the entire surface. For best results, it&#8217;s [&hellip;]\" \/>\n<meta property=\"og:url\" content=\"https:\/\/mosaicstorra.com\/fr\/produits\/torra-brite-sealer-gloss-enhancing-sealer-for-cement-tiles\/\" \/>\n<meta property=\"og:site_name\" content=\"Mosaics Torra - Suelos Hidr\u00e1ulicos\" \/>\n<meta property=\"article:modified_time\" content=\"2025-07-25T13:10:07+00:00\" \/>\n<meta property=\"og:image\" content=\"https:\/\/mosaicstorra.com\/wp-content\/uploads\/2024\/07\/baldosa-hidraulica-collection-torra-brite-sealer-gloss-enhancing-sealer-for-cement-tiles-detail.jpg\" \/>\n\t<meta property=\"og:image:width\" content=\"800\" \/>\n\t<meta property=\"og:image:height\" content=\"600\" \/>\n\t<meta property=\"og:image:type\" content=\"image\/jpeg\" \/>\n<meta name=\"twitter:card\" content=\"summary_large_image\" \/>\n<script type=\"application\/ld+json\" class=\"yoast-schema-graph\">{\"@context\":\"https:\\\/\\\/schema.org\",\"@graph\":[{\"@type\":\"WebPage\",\"@id\":\"https:\\\/\\\/mosaicstorra.com\\\/productos\\\/torra-brite-sealer-gloss-enhancing-sealer-for-cement-tiles\\\/\",\"url\":\"https:\\\/\\\/mosaicstorra.com\\\/productos\\\/torra-brite-sealer-gloss-enhancing-sealer-for-cement-tiles\\\/\",\"name\":\"Torra Brite Sealer \u2013 Gloss-Enhancing Sealer for Cement Tiles - Mosaics Torra - Suelos Hidr\u00e1ulicos\",\"isPartOf\":{\"@id\":\"https:\\\/\\\/mosaicstorra.com\\\/#website\"},\"primaryImageOfPage\":{\"@id\":\"https:\\\/\\\/mosaicstorra.com\\\/productos\\\/torra-brite-sealer-gloss-enhancing-sealer-for-cement-tiles\\\/#primaryimage\"},\"image\":{\"@id\":\"https:\\\/\\\/mosaicstorra.com\\\/productos\\\/torra-brite-sealer-gloss-enhancing-sealer-for-cement-tiles\\\/#primaryimage\"},\"thumbnailUrl\":\"https:\\\/\\\/mosaicstorra.com\\\/wp-content\\\/uploads\\\/2024\\\/07\\\/baldosa-hidraulica-collection-torra-brite-sealer-gloss-enhancing-sealer-for-cement-tiles-detail.jpg\",\"datePublished\":\"2024-07-10T08:50:49+00:00\",\"dateModified\":\"2025-07-25T13:10:07+00:00\",\"breadcrumb\":{\"@id\":\"https:\\\/\\\/mosaicstorra.com\\\/productos\\\/torra-brite-sealer-gloss-enhancing-sealer-for-cement-tiles\\\/#breadcrumb\"},\"inLanguage\":\"fr-FR\",\"potentialAction\":[{\"@type\":\"ReadAction\",\"target\":[\"https:\\\/\\\/mosaicstorra.com\\\/productos\\\/torra-brite-sealer-gloss-enhancing-sealer-for-cement-tiles\\\/\"]}]},{\"@type\":\"ImageObject\",\"inLanguage\":\"fr-FR\",\"@id\":\"https:\\\/\\\/mosaicstorra.com\\\/productos\\\/torra-brite-sealer-gloss-enhancing-sealer-for-cement-tiles\\\/#primaryimage\",\"url\":\"https:\\\/\\\/mosaicstorra.com\\\/wp-content\\\/uploads\\\/2024\\\/07\\\/baldosa-hidraulica-collection-torra-brite-sealer-gloss-enhancing-sealer-for-cement-tiles-detail.jpg\",\"contentUrl\":\"https:\\\/\\\/mosaicstorra.com\\\/wp-content\\\/uploads\\\/2024\\\/07\\\/baldosa-hidraulica-collection-torra-brite-sealer-gloss-enhancing-sealer-for-cement-tiles-detail.jpg\",\"width\":800,\"height\":600,\"caption\":\"Care and Maintenance products Torra Brite Sealer \u2013 Gloss-Enhancing Sealer for Cement Tiles detalle\"},{\"@type\":\"BreadcrumbList\",\"@id\":\"https:\\\/\\\/mosaicstorra.com\\\/productos\\\/torra-brite-sealer-gloss-enhancing-sealer-for-cement-tiles\\\/#breadcrumb\",\"itemListElement\":[{\"@type\":\"ListItem\",\"position\":1,\"name\":\"Portada\",\"item\":\"https:\\\/\\\/mosaicstorra.com\\\/\"},{\"@type\":\"ListItem\",\"position\":2,\"name\":\"Products\",\"item\":\"https:\\\/\\\/mosaicstorra.com\\\/shop\\\/\"},{\"@type\":\"ListItem\",\"position\":3,\"name\":\"Torra Brite Sealer \u2013 Gloss-Enhancing Sealer for Cement Tiles\"}]},{\"@type\":\"WebSite\",\"@id\":\"https:\\\/\\\/mosaicstorra.com\\\/#website\",\"url\":\"https:\\\/\\\/mosaicstorra.com\\\/\",\"name\":\"Mosaics Torra - Suelos Hidr\u00e1ulicos\",\"description\":\"Baldosas que cuentan historias\",\"publisher\":{\"@id\":\"https:\\\/\\\/mosaicstorra.com\\\/#organization\"},\"potentialAction\":[{\"@type\":\"SearchAction\",\"target\":{\"@type\":\"EntryPoint\",\"urlTemplate\":\"https:\\\/\\\/mosaicstorra.com\\\/?s={search_term_string}\"},\"query-input\":{\"@type\":\"PropertyValueSpecification\",\"valueRequired\":true,\"valueName\":\"search_term_string\"}}],\"inLanguage\":\"fr-FR\"},{\"@type\":\"Organization\",\"@id\":\"https:\\\/\\\/mosaicstorra.com\\\/#organization\",\"name\":\"Mosaics Torra - Suelos Hidr\u00e1ulicos\",\"url\":\"https:\\\/\\\/mosaicstorra.com\\\/\",\"logo\":{\"@type\":\"ImageObject\",\"inLanguage\":\"fr-FR\",\"@id\":\"https:\\\/\\\/mosaicstorra.com\\\/#\\\/schema\\\/logo\\\/image\\\/\",\"url\":\"https:\\\/\\\/mosaicstorra.com\\\/wp-content\\\/uploads\\\/2024\\\/11\\\/cropped-logo_wo_bcn.png\",\"contentUrl\":\"https:\\\/\\\/mosaicstorra.com\\\/wp-content\\\/uploads\\\/2024\\\/11\\\/cropped-logo_wo_bcn.png\",\"width\":205,\"height\":77,\"caption\":\"Mosaics Torra - Suelos Hidr\u00e1ulicos\"},\"image\":{\"@id\":\"https:\\\/\\\/mosaicstorra.com\\\/#\\\/schema\\\/logo\\\/image\\\/\"}}]}<\/script>\n<!-- \/ Yoast SEO plugin. -->","yoast_head_json":{"title":"Torra Brite Sealer - Scelleur de brillance pour carreaux de ciment - Mosa\u00efques Torra - Sols hydrauliques","robots":{"index":"index","follow":"follow","max-snippet":"max-snippet:-1","max-image-preview":"max-image-preview:large","max-video-preview":"max-video-preview:-1"},"canonical":"https:\/\/mosaicstorra.com\/fr\/produits\/torra-brite-sealer-gloss-enhancing-sealer-for-cement-tiles\/","og_locale":"fr_FR","og_type":"article","og_title":"Torra Brite Sealer \u2013 Gloss-Enhancing Sealer for Cement Tiles - Mosaics Torra - Suelos Hidr\u00e1ulicos","og_description":"With the same protective properties as Torra Sealer, Torra Brite Sealer is solvent-based, which requires more care during application. It should be applied using a 20 cm spatula, both vertically and horizontally. This sealer enhances the color of our cement tile floors, creating a wet look effect across the entire surface. For best results, it&#8217;s [&hellip;]","og_url":"https:\/\/mosaicstorra.com\/fr\/produits\/torra-brite-sealer-gloss-enhancing-sealer-for-cement-tiles\/","og_site_name":"Mosaics Torra - Suelos Hidr\u00e1ulicos","article_modified_time":"2025-07-25T13:10:07+00:00","og_image":[{"width":800,"height":600,"url":"https:\/\/mosaicstorra.com\/wp-content\/uploads\/2024\/07\/baldosa-hidraulica-collection-torra-brite-sealer-gloss-enhancing-sealer-for-cement-tiles-detail.jpg","type":"image\/jpeg"}],"twitter_card":"summary_large_image","schema":{"@context":"https:\/\/schema.org","@graph":[{"@type":"WebPage","@id":"https:\/\/mosaicstorra.com\/productos\/torra-brite-sealer-gloss-enhancing-sealer-for-cement-tiles\/","url":"https:\/\/mosaicstorra.com\/productos\/torra-brite-sealer-gloss-enhancing-sealer-for-cement-tiles\/","name":"Torra Brite Sealer - Scelleur de brillance pour carreaux de ciment - Mosa\u00efques Torra - Sols hydrauliques","isPartOf":{"@id":"https:\/\/mosaicstorra.com\/#website"},"primaryImageOfPage":{"@id":"https:\/\/mosaicstorra.com\/productos\/torra-brite-sealer-gloss-enhancing-sealer-for-cement-tiles\/#primaryimage"},"image":{"@id":"https:\/\/mosaicstorra.com\/productos\/torra-brite-sealer-gloss-enhancing-sealer-for-cement-tiles\/#primaryimage"},"thumbnailUrl":"https:\/\/mosaicstorra.com\/wp-content\/uploads\/2024\/07\/baldosa-hidraulica-collection-torra-brite-sealer-gloss-enhancing-sealer-for-cement-tiles-detail.jpg","datePublished":"2024-07-10T08:50:49+00:00","dateModified":"2025-07-25T13:10:07+00:00","breadcrumb":{"@id":"https:\/\/mosaicstorra.com\/productos\/torra-brite-sealer-gloss-enhancing-sealer-for-cement-tiles\/#breadcrumb"},"inLanguage":"fr-FR","potentialAction":[{"@type":"ReadAction","target":["https:\/\/mosaicstorra.com\/productos\/torra-brite-sealer-gloss-enhancing-sealer-for-cement-tiles\/"]}]},{"@type":"ImageObject","inLanguage":"fr-FR","@id":"https:\/\/mosaicstorra.com\/productos\/torra-brite-sealer-gloss-enhancing-sealer-for-cement-tiles\/#primaryimage","url":"https:\/\/mosaicstorra.com\/wp-content\/uploads\/2024\/07\/baldosa-hidraulica-collection-torra-brite-sealer-gloss-enhancing-sealer-for-cement-tiles-detail.jpg","contentUrl":"https:\/\/mosaicstorra.com\/wp-content\/uploads\/2024\/07\/baldosa-hidraulica-collection-torra-brite-sealer-gloss-enhancing-sealer-for-cement-tiles-detail.jpg","width":800,"height":600,"caption":"Care and Maintenance products Torra Brite Sealer \u2013 Gloss-Enhancing Sealer for Cement Tiles detalle"},{"@type":"BreadcrumbList","@id":"https:\/\/mosaicstorra.com\/productos\/torra-brite-sealer-gloss-enhancing-sealer-for-cement-tiles\/#breadcrumb","itemListElement":[{"@type":"ListItem","position":1,"name":"Portada","item":"https:\/\/mosaicstorra.com\/"},{"@type":"ListItem","position":2,"name":"Products","item":"https:\/\/mosaicstorra.com\/shop\/"},{"@type":"ListItem","position":3,"name":"Torra Brite Sealer \u2013 Gloss-Enhancing Sealer for Cement Tiles"}]},{"@type":"WebSite","@id":"https:\/\/mosaicstorra.com\/#website","url":"https:\/\/mosaicstorra.com\/","name":"Mosaics Torra \u2013 Carreaux de ciment","description":"Des carreaux qui racontent des histoires","publisher":{"@id":"https:\/\/mosaicstorra.com\/#organization"},"potentialAction":[{"@type":"SearchAction","target":{"@type":"EntryPoint","urlTemplate":"https:\/\/mosaicstorra.com\/?s={search_term_string}"},"query-input":{"@type":"PropertyValueSpecification","valueRequired":true,"valueName":"search_term_string"}}],"inLanguage":"fr-FR"},{"@type":"Organization","@id":"https:\/\/mosaicstorra.com\/#organization","name":"Mosaics Torra \u2013 Carreaux de ciment","url":"https:\/\/mosaicstorra.com\/","logo":{"@type":"ImageObject","inLanguage":"fr-FR","@id":"https:\/\/mosaicstorra.com\/#\/schema\/logo\/image\/","url":"https:\/\/mosaicstorra.com\/wp-content\/uploads\/2024\/11\/cropped-logo_wo_bcn.png","contentUrl":"https:\/\/mosaicstorra.com\/wp-content\/uploads\/2024\/11\/cropped-logo_wo_bcn.png","width":205,"height":77,"caption":"Mosaics Torra - Suelos Hidr\u00e1ulicos"},"image":{"@id":"https:\/\/mosaicstorra.com\/#\/schema\/logo\/image\/"}}]}},"_links":{"self":[{"href":"https:\/\/mosaicstorra.com\/fr\/wp-json\/wp\/v2\/product\/28054","targetHints":{"allow":["GET"]}}],"collection":[{"href":"https:\/\/mosaicstorra.com\/fr\/wp-json\/wp\/v2\/product"}],"about":[{"href":"https:\/\/mosaicstorra.com\/fr\/wp-json\/wp\/v2\/types\/product"}],"replies":[{"embeddable":true,"href":"https:\/\/mosaicstorra.com\/fr\/wp-json\/wp\/v2\/comments?post=28054"}],"wp:featuredmedia":[{"embeddable":true,"href":"https:\/\/mosaicstorra.com\/fr\/wp-json\/wp\/v2\/media\/25346"}],"wp:attachment":[{"href":"https:\/\/mosaicstorra.com\/fr\/wp-json\/wp\/v2\/media?parent=28054"}],"wp:term":[{"taxonomy":"product_brand","embeddable":true,"href":"https:\/\/mosaicstorra.com\/fr\/wp-json\/wp\/v2\/product_brand?post=28054"},{"taxonomy":"product_cat","embeddable":true,"href":"https:\/\/mosaicstorra.com\/fr\/wp-json\/wp\/v2\/product_cat?post=28054"},{"taxonomy":"product_tag","embeddable":true,"href":"https:\/\/mosaicstorra.com\/fr\/wp-json\/wp\/v2\/product_tag?post=28054"}],"curies":[{"name":"wp","href":"https:\/\/api.w.org\/{rel}","templated":true}]}}