{"id":33154,"date":"2025-11-20T08:05:13","date_gmt":"2025-11-20T07:05:13","guid":{"rendered":"https:\/\/mosaicstorra.com\/?post_type=product&#038;p=33154"},"modified":"2025-11-20T08:37:51","modified_gmt":"2025-11-20T07:37:51","slug":"sol-en-carreaux-de-ciment-torra-cleaner","status":"publish","type":"product","link":"https:\/\/mosaicstorra.com\/fr\/productos\/suelo-hidraulico-torra-cleaner\/","title":{"rendered":"Nettoyeur hydraulique de sol Torra"},"content":{"rendered":"<p>Nettoyez en profondeur vos carreaux hydrauliques avec ce produit liquide sp\u00e9cialement formul\u00e9. Il convient pour le nettoyage de nos sols hydrauliques apr\u00e8s leur installation ou pour \u00e9liminer les taches en surface.<\/p>","protected":false},"excerpt":{"rendered":"<p>Nettoyez en profondeur vos carreaux hydrauliques avec ce produit liquide sp\u00e9cialement formul\u00e9. Il convient pour le nettoyage de nos sols hydrauliques apr\u00e8s leur installation ou pour \u00e9liminer les taches en surface.<\/p>","protected":false},"featured_media":33155,"comment_status":"closed","ping_status":"closed","template":"","meta":{"_acf_changed":false},"product_brand":[],"product_cat":[726],"product_tag":[],"class_list":{"0":"post-33154","1":"product","2":"type-product","3":"status-publish","4":"has-post-thumbnail","6":"product_cat-productos-mantenimiento-y-cuidado","8":"first","9":"instock","10":"taxable","11":"shipping-taxable","12":"purchasable","13":"product-type-simple"},"acf":[],"yoast_head":"<!-- This site is optimized with the Yoast SEO plugin v27.3 - https:\/\/yoast.com\/product\/yoast-seo-wordpress\/ -->\n<title>Suelo hidraulico Torra Cleaner - Mosaics Torra - Suelos Hidr\u00e1ulicos<\/title>\n<meta name=\"robots\" content=\"index, follow, max-snippet:-1, max-image-preview:large, max-video-preview:-1\" \/>\n<link rel=\"canonical\" href=\"https:\/\/mosaicstorra.com\/fr\/produits\/sol-en-carreaux-de-ciment-torra-cleaner\/\" \/>\n<meta property=\"og:locale\" content=\"fr_FR\" \/>\n<meta property=\"og:type\" content=\"article\" \/>\n<meta property=\"og:title\" content=\"Suelo hidraulico Torra Cleaner - Mosaics Torra - Suelos Hidr\u00e1ulicos\" \/>\n<meta property=\"og:description\" content=\"Limpia profundamente tus baldosas hidr\u00e1ulicas con este producto l\u00edquido especialmente formulado. Indicado\u00a0 para la limpieza de nuestros suelos hidr\u00e1ulicos despues de la colocaci\u00f3n o para eliminar manchas superficiales\" \/>\n<meta property=\"og:url\" content=\"https:\/\/mosaicstorra.com\/fr\/produits\/sol-en-carreaux-de-ciment-torra-cleaner\/\" \/>\n<meta property=\"og:site_name\" content=\"Mosaics Torra - Suelos Hidr\u00e1ulicos\" \/>\n<meta property=\"article:modified_time\" content=\"2025-11-20T07:37:51+00:00\" \/>\n<meta property=\"og:image\" content=\"https:\/\/mosaicstorra.com\/wp-content\/uploads\/2025\/11\/torra-cleaner-limpieza.webp\" \/>\n\t<meta property=\"og:image:width\" content=\"1000\" \/>\n\t<meta property=\"og:image:height\" content=\"1269\" \/>\n\t<meta property=\"og:image:type\" content=\"image\/webp\" \/>\n<meta name=\"twitter:card\" content=\"summary_large_image\" \/>\n<meta name=\"twitter:label1\" content=\"Dur\u00e9e de lecture estim\u00e9e\" \/>\n\t<meta name=\"twitter:data1\" content=\"1 minute\" \/>\n<script type=\"application\/ld+json\" class=\"yoast-schema-graph\">{\"@context\":\"https:\\\/\\\/schema.org\",\"@graph\":[{\"@type\":\"WebPage\",\"@id\":\"https:\\\/\\\/mosaicstorra.com\\\/ca\\\/productes\\\/terra-hidraulic-torra-cleaner\\\/\",\"url\":\"https:\\\/\\\/mosaicstorra.com\\\/ca\\\/productes\\\/terra-hidraulic-torra-cleaner\\\/\",\"name\":\"Suelo hidraulico Torra Cleaner - Mosaics Torra - Suelos Hidr\u00e1ulicos\",\"isPartOf\":{\"@id\":\"https:\\\/\\\/mosaicstorra.com\\\/#website\"},\"primaryImageOfPage\":{\"@id\":\"https:\\\/\\\/mosaicstorra.com\\\/ca\\\/productes\\\/terra-hidraulic-torra-cleaner\\\/#primaryimage\"},\"image\":{\"@id\":\"https:\\\/\\\/mosaicstorra.com\\\/ca\\\/productes\\\/terra-hidraulic-torra-cleaner\\\/#primaryimage\"},\"thumbnailUrl\":\"https:\\\/\\\/mosaicstorra.com\\\/wp-content\\\/uploads\\\/2025\\\/11\\\/torra-cleaner-limpieza.webp\",\"datePublished\":\"2025-11-20T07:05:13+00:00\",\"dateModified\":\"2025-11-20T07:37:51+00:00\",\"breadcrumb\":{\"@id\":\"https:\\\/\\\/mosaicstorra.com\\\/ca\\\/productes\\\/terra-hidraulic-torra-cleaner\\\/#breadcrumb\"},\"inLanguage\":\"fr-FR\",\"potentialAction\":[{\"@type\":\"ReadAction\",\"target\":[\"https:\\\/\\\/mosaicstorra.com\\\/ca\\\/productes\\\/terra-hidraulic-torra-cleaner\\\/\"]}]},{\"@type\":\"ImageObject\",\"inLanguage\":\"fr-FR\",\"@id\":\"https:\\\/\\\/mosaicstorra.com\\\/ca\\\/productes\\\/terra-hidraulic-torra-cleaner\\\/#primaryimage\",\"url\":\"https:\\\/\\\/mosaicstorra.com\\\/wp-content\\\/uploads\\\/2025\\\/11\\\/torra-cleaner-limpieza.webp\",\"contentUrl\":\"https:\\\/\\\/mosaicstorra.com\\\/wp-content\\\/uploads\\\/2025\\\/11\\\/torra-cleaner-limpieza.webp\",\"width\":1000,\"height\":1269},{\"@type\":\"BreadcrumbList\",\"@id\":\"https:\\\/\\\/mosaicstorra.com\\\/ca\\\/productes\\\/terra-hidraulic-torra-cleaner\\\/#breadcrumb\",\"itemListElement\":[{\"@type\":\"ListItem\",\"position\":1,\"name\":\"Portada\",\"item\":\"https:\\\/\\\/mosaicstorra.com\\\/\"},{\"@type\":\"ListItem\",\"position\":2,\"name\":\"Products\",\"item\":\"https:\\\/\\\/mosaicstorra.com\\\/shop\\\/\"},{\"@type\":\"ListItem\",\"position\":3,\"name\":\"Suelo hidraulico Torra Cleaner\"}]},{\"@type\":\"WebSite\",\"@id\":\"https:\\\/\\\/mosaicstorra.com\\\/#website\",\"url\":\"https:\\\/\\\/mosaicstorra.com\\\/\",\"name\":\"Mosaics Torra - Suelos Hidr\u00e1ulicos\",\"description\":\"Baldosas que cuentan historias\",\"publisher\":{\"@id\":\"https:\\\/\\\/mosaicstorra.com\\\/#organization\"},\"potentialAction\":[{\"@type\":\"SearchAction\",\"target\":{\"@type\":\"EntryPoint\",\"urlTemplate\":\"https:\\\/\\\/mosaicstorra.com\\\/?s={search_term_string}\"},\"query-input\":{\"@type\":\"PropertyValueSpecification\",\"valueRequired\":true,\"valueName\":\"search_term_string\"}}],\"inLanguage\":\"fr-FR\"},{\"@type\":\"Organization\",\"@id\":\"https:\\\/\\\/mosaicstorra.com\\\/#organization\",\"name\":\"Mosaics Torra - Suelos Hidr\u00e1ulicos\",\"url\":\"https:\\\/\\\/mosaicstorra.com\\\/\",\"logo\":{\"@type\":\"ImageObject\",\"inLanguage\":\"fr-FR\",\"@id\":\"https:\\\/\\\/mosaicstorra.com\\\/#\\\/schema\\\/logo\\\/image\\\/\",\"url\":\"https:\\\/\\\/mosaicstorra.com\\\/wp-content\\\/uploads\\\/2024\\\/11\\\/cropped-logo_wo_bcn.png\",\"contentUrl\":\"https:\\\/\\\/mosaicstorra.com\\\/wp-content\\\/uploads\\\/2024\\\/11\\\/cropped-logo_wo_bcn.png\",\"width\":205,\"height\":77,\"caption\":\"Mosaics Torra - Suelos Hidr\u00e1ulicos\"},\"image\":{\"@id\":\"https:\\\/\\\/mosaicstorra.com\\\/#\\\/schema\\\/logo\\\/image\\\/\"}}]}<\/script>\n<!-- \/ Yoast SEO plugin. -->","yoast_head_json":{"title":"Sol hydraulique Torra Cleaner - Mosa\u00efques Torra - Sols hydrauliques","robots":{"index":"index","follow":"follow","max-snippet":"max-snippet:-1","max-image-preview":"max-image-preview:large","max-video-preview":"max-video-preview:-1"},"canonical":"https:\/\/mosaicstorra.com\/fr\/produits\/sol-en-carreaux-de-ciment-torra-cleaner\/","og_locale":"fr_FR","og_type":"article","og_title":"Suelo hidraulico Torra Cleaner - Mosaics Torra - Suelos Hidr\u00e1ulicos","og_description":"Limpia profundamente tus baldosas hidr\u00e1ulicas con este producto l\u00edquido especialmente formulado. Indicado\u00a0 para la limpieza de nuestros suelos hidr\u00e1ulicos despues de la colocaci\u00f3n o para eliminar manchas superficiales","og_url":"https:\/\/mosaicstorra.com\/fr\/produits\/sol-en-carreaux-de-ciment-torra-cleaner\/","og_site_name":"Mosaics Torra - Suelos Hidr\u00e1ulicos","article_modified_time":"2025-11-20T07:37:51+00:00","og_image":[{"width":1000,"height":1269,"url":"https:\/\/mosaicstorra.com\/wp-content\/uploads\/2025\/11\/torra-cleaner-limpieza.webp","type":"image\/webp"}],"twitter_card":"summary_large_image","twitter_misc":{"Dur\u00e9e de lecture estim\u00e9e":"1 minute"},"schema":{"@context":"https:\/\/schema.org","@graph":[{"@type":"WebPage","@id":"https:\/\/mosaicstorra.com\/ca\/productes\/terra-hidraulic-torra-cleaner\/","url":"https:\/\/mosaicstorra.com\/ca\/productes\/terra-hidraulic-torra-cleaner\/","name":"Sol hydraulique Torra Cleaner - Mosa\u00efques Torra - Sols hydrauliques","isPartOf":{"@id":"https:\/\/mosaicstorra.com\/#website"},"primaryImageOfPage":{"@id":"https:\/\/mosaicstorra.com\/ca\/productes\/terra-hidraulic-torra-cleaner\/#primaryimage"},"image":{"@id":"https:\/\/mosaicstorra.com\/ca\/productes\/terra-hidraulic-torra-cleaner\/#primaryimage"},"thumbnailUrl":"https:\/\/mosaicstorra.com\/wp-content\/uploads\/2025\/11\/torra-cleaner-limpieza.webp","datePublished":"2025-11-20T07:05:13+00:00","dateModified":"2025-11-20T07:37:51+00:00","breadcrumb":{"@id":"https:\/\/mosaicstorra.com\/ca\/productes\/terra-hidraulic-torra-cleaner\/#breadcrumb"},"inLanguage":"fr-FR","potentialAction":[{"@type":"ReadAction","target":["https:\/\/mosaicstorra.com\/ca\/productes\/terra-hidraulic-torra-cleaner\/"]}]},{"@type":"ImageObject","inLanguage":"fr-FR","@id":"https:\/\/mosaicstorra.com\/ca\/productes\/terra-hidraulic-torra-cleaner\/#primaryimage","url":"https:\/\/mosaicstorra.com\/wp-content\/uploads\/2025\/11\/torra-cleaner-limpieza.webp","contentUrl":"https:\/\/mosaicstorra.com\/wp-content\/uploads\/2025\/11\/torra-cleaner-limpieza.webp","width":1000,"height":1269},{"@type":"BreadcrumbList","@id":"https:\/\/mosaicstorra.com\/ca\/productes\/terra-hidraulic-torra-cleaner\/#breadcrumb","itemListElement":[{"@type":"ListItem","position":1,"name":"Portada","item":"https:\/\/mosaicstorra.com\/"},{"@type":"ListItem","position":2,"name":"Products","item":"https:\/\/mosaicstorra.com\/shop\/"},{"@type":"ListItem","position":3,"name":"Suelo hidraulico Torra Cleaner"}]},{"@type":"WebSite","@id":"https:\/\/mosaicstorra.com\/#website","url":"https:\/\/mosaicstorra.com\/","name":"Mosaics Torra \u2013 Carreaux de ciment","description":"Des carreaux qui racontent des histoires","publisher":{"@id":"https:\/\/mosaicstorra.com\/#organization"},"potentialAction":[{"@type":"SearchAction","target":{"@type":"EntryPoint","urlTemplate":"https:\/\/mosaicstorra.com\/?s={search_term_string}"},"query-input":{"@type":"PropertyValueSpecification","valueRequired":true,"valueName":"search_term_string"}}],"inLanguage":"fr-FR"},{"@type":"Organization","@id":"https:\/\/mosaicstorra.com\/#organization","name":"Mosaics Torra \u2013 Carreaux de ciment","url":"https:\/\/mosaicstorra.com\/","logo":{"@type":"ImageObject","inLanguage":"fr-FR","@id":"https:\/\/mosaicstorra.com\/#\/schema\/logo\/image\/","url":"https:\/\/mosaicstorra.com\/wp-content\/uploads\/2024\/11\/cropped-logo_wo_bcn.png","contentUrl":"https:\/\/mosaicstorra.com\/wp-content\/uploads\/2024\/11\/cropped-logo_wo_bcn.png","width":205,"height":77,"caption":"Mosaics Torra - Suelos Hidr\u00e1ulicos"},"image":{"@id":"https:\/\/mosaicstorra.com\/#\/schema\/logo\/image\/"}}]}},"_links":{"self":[{"href":"https:\/\/mosaicstorra.com\/fr\/wp-json\/wp\/v2\/product\/33154","targetHints":{"allow":["GET"]}}],"collection":[{"href":"https:\/\/mosaicstorra.com\/fr\/wp-json\/wp\/v2\/product"}],"about":[{"href":"https:\/\/mosaicstorra.com\/fr\/wp-json\/wp\/v2\/types\/product"}],"replies":[{"embeddable":true,"href":"https:\/\/mosaicstorra.com\/fr\/wp-json\/wp\/v2\/comments?post=33154"}],"wp:featuredmedia":[{"embeddable":true,"href":"https:\/\/mosaicstorra.com\/fr\/wp-json\/wp\/v2\/media\/33155"}],"wp:attachment":[{"href":"https:\/\/mosaicstorra.com\/fr\/wp-json\/wp\/v2\/media?parent=33154"}],"wp:term":[{"taxonomy":"product_brand","embeddable":true,"href":"https:\/\/mosaicstorra.com\/fr\/wp-json\/wp\/v2\/product_brand?post=33154"},{"taxonomy":"product_cat","embeddable":true,"href":"https:\/\/mosaicstorra.com\/fr\/wp-json\/wp\/v2\/product_cat?post=33154"},{"taxonomy":"product_tag","embeddable":true,"href":"https:\/\/mosaicstorra.com\/fr\/wp-json\/wp\/v2\/product_tag?post=33154"}],"curies":[{"name":"wp","href":"https:\/\/api.w.org\/{rel}","templated":true}]}}