{"id":34173,"date":"2026-03-02T11:33:19","date_gmt":"2026-03-02T10:33:19","guid":{"rendered":"https:\/\/mosaicstorra.com\/?post_type=product&#038;p=34173"},"modified":"2026-03-02T11:33:53","modified_gmt":"2026-03-02T10:33:53","slug":"sortie-tuile-hydraulique-m105","status":"publish","type":"product","link":"https:\/\/mosaicstorra.com\/fr\/produits\/sortie-tuile-hydraulique-m105\/","title":{"rendered":"Tuile hydraulique de sortie M105"},"content":{"rendered":"<p><strong>Ligne : <\/strong>Ligne hydraulique de stockage de carreaux<\/p>\n<p><strong>Collection : <\/strong>Monocolore R\u00e9f N<\/p>","protected":false},"excerpt":{"rendered":"<p>Collection monocolore: Carreau de ciment N<\/p>","protected":false},"featured_media":28704,"comment_status":"closed","ping_status":"closed","template":"","meta":{"_acf_changed":false},"product_brand":[],"product_cat":[1625],"product_tag":[],"class_list":{"0":"post-34173","1":"product","2":"type-product","3":"status-publish","4":"has-post-thumbnail","6":"product_cat-outlet","8":"first","9":"instock","10":"taxable","11":"shipping-taxable","12":"purchasable","13":"product-type-simple"},"acf":[],"yoast_head":"<!-- This site is optimized with the Yoast SEO plugin v26.9 - https:\/\/yoast.com\/product\/yoast-seo-wordpress\/ -->\n<title>Baldosa Hidr\u00e1ulica Outlet M105 - Mosaics Torra - Suelos Hidr\u00e1ulicos<\/title>\n<meta name=\"robots\" content=\"index, follow, max-snippet:-1, max-image-preview:large, max-video-preview:-1\" \/>\n<link rel=\"canonical\" href=\"https:\/\/mosaicstorra.com\/fr\/produits\/sortie-tuile-hydraulique-m105\/\" \/>\n<meta property=\"og:locale\" content=\"fr_FR\" \/>\n<meta property=\"og:type\" content=\"article\" \/>\n<meta property=\"og:title\" content=\"Baldosa Hidr\u00e1ulica Outlet M105 - Mosaics Torra - Suelos Hidr\u00e1ulicos\" \/>\n<meta property=\"og:description\" content=\"L\u00ednea: Baldosa Hidr\u00e1ulica l\u00ednia Stock Colecci\u00f3n: Monocolor Ref N\" \/>\n<meta property=\"og:url\" content=\"https:\/\/mosaicstorra.com\/fr\/produits\/sortie-tuile-hydraulique-m105\/\" \/>\n<meta property=\"og:site_name\" content=\"Mosaics Torra - Suelos Hidr\u00e1ulicos\" \/>\n<meta property=\"article:modified_time\" content=\"2026-03-02T10:33:53+00:00\" \/>\n<meta property=\"og:image\" content=\"https:\/\/mosaicstorra.com\/wp-content\/uploads\/2025\/03\/baldosa-hidraulica-detalle-m105.webp\" \/>\n\t<meta property=\"og:image:width\" content=\"1240\" \/>\n\t<meta property=\"og:image:height\" content=\"1240\" \/>\n\t<meta property=\"og:image:type\" content=\"image\/webp\" \/>\n<meta name=\"twitter:card\" content=\"summary_large_image\" \/>\n<meta name=\"twitter:label1\" content=\"Dur\u00e9e de lecture estim\u00e9e\" \/>\n\t<meta name=\"twitter:data1\" content=\"1 minute\" \/>\n<script type=\"application\/ld+json\" class=\"yoast-schema-graph\">{\"@context\":\"https:\/\/schema.org\",\"@graph\":[{\"@type\":\"WebPage\",\"@id\":\"https:\/\/mosaicstorra.com\/productos\/baldosa-hidraulica-outlet-m105\/\",\"url\":\"https:\/\/mosaicstorra.com\/productos\/baldosa-hidraulica-outlet-m105\/\",\"name\":\"Baldosa Hidr\u00e1ulica Outlet M105 - Mosaics Torra - Suelos Hidr\u00e1ulicos\",\"isPartOf\":{\"@id\":\"https:\/\/mosaicstorra.com\/#website\"},\"primaryImageOfPage\":{\"@id\":\"https:\/\/mosaicstorra.com\/productos\/baldosa-hidraulica-outlet-m105\/#primaryimage\"},\"image\":{\"@id\":\"https:\/\/mosaicstorra.com\/productos\/baldosa-hidraulica-outlet-m105\/#primaryimage\"},\"thumbnailUrl\":\"https:\/\/mosaicstorra.com\/wp-content\/uploads\/2025\/03\/baldosa-hidraulica-detalle-m105.webp\",\"datePublished\":\"2026-03-02T10:33:19+00:00\",\"dateModified\":\"2026-03-02T10:33:53+00:00\",\"breadcrumb\":{\"@id\":\"https:\/\/mosaicstorra.com\/productos\/baldosa-hidraulica-outlet-m105\/#breadcrumb\"},\"inLanguage\":\"fr-FR\",\"potentialAction\":[{\"@type\":\"ReadAction\",\"target\":[\"https:\/\/mosaicstorra.com\/productos\/baldosa-hidraulica-outlet-m105\/\"]}]},{\"@type\":\"ImageObject\",\"inLanguage\":\"fr-FR\",\"@id\":\"https:\/\/mosaicstorra.com\/productos\/baldosa-hidraulica-outlet-m105\/#primaryimage\",\"url\":\"https:\/\/mosaicstorra.com\/wp-content\/uploads\/2025\/03\/baldosa-hidraulica-detalle-m105.webp\",\"contentUrl\":\"https:\/\/mosaicstorra.com\/wp-content\/uploads\/2025\/03\/baldosa-hidraulica-detalle-m105.webp\",\"width\":1240,\"height\":1240},{\"@type\":\"BreadcrumbList\",\"@id\":\"https:\/\/mosaicstorra.com\/productos\/baldosa-hidraulica-outlet-m105\/#breadcrumb\",\"itemListElement\":[{\"@type\":\"ListItem\",\"position\":1,\"name\":\"Portada\",\"item\":\"https:\/\/mosaicstorra.com\/\"},{\"@type\":\"ListItem\",\"position\":2,\"name\":\"Products\",\"item\":\"https:\/\/mosaicstorra.com\/shop\/\"},{\"@type\":\"ListItem\",\"position\":3,\"name\":\"Baldosa Hidr\u00e1ulica Outlet M105\"}]},{\"@type\":\"WebSite\",\"@id\":\"https:\/\/mosaicstorra.com\/#website\",\"url\":\"https:\/\/mosaicstorra.com\/\",\"name\":\"Mosaics Torra - Suelos Hidr\u00e1ulicos\",\"description\":\"Baldosas que cuentan historias\",\"publisher\":{\"@id\":\"https:\/\/mosaicstorra.com\/#organization\"},\"potentialAction\":[{\"@type\":\"SearchAction\",\"target\":{\"@type\":\"EntryPoint\",\"urlTemplate\":\"https:\/\/mosaicstorra.com\/?s={search_term_string}\"},\"query-input\":{\"@type\":\"PropertyValueSpecification\",\"valueRequired\":true,\"valueName\":\"search_term_string\"}}],\"inLanguage\":\"fr-FR\"},{\"@type\":\"Organization\",\"@id\":\"https:\/\/mosaicstorra.com\/#organization\",\"name\":\"Mosaics Torra - Suelos Hidr\u00e1ulicos\",\"url\":\"https:\/\/mosaicstorra.com\/\",\"logo\":{\"@type\":\"ImageObject\",\"inLanguage\":\"fr-FR\",\"@id\":\"https:\/\/mosaicstorra.com\/#\/schema\/logo\/image\/\",\"url\":\"https:\/\/mosaicstorra.com\/wp-content\/uploads\/2024\/11\/cropped-logo_wo_bcn.png\",\"contentUrl\":\"https:\/\/mosaicstorra.com\/wp-content\/uploads\/2024\/11\/cropped-logo_wo_bcn.png\",\"width\":205,\"height\":77,\"caption\":\"Mosaics Torra - Suelos Hidr\u00e1ulicos\"},\"image\":{\"@id\":\"https:\/\/mosaicstorra.com\/#\/schema\/logo\/image\/\"}}]}<\/script>\n<!-- \/ Yoast SEO plugin. -->","yoast_head_json":{"title":"Sortie de carrelage hydraulique M105 - Mosa\u00efques Torra - Sols hydrauliques","robots":{"index":"index","follow":"follow","max-snippet":"max-snippet:-1","max-image-preview":"max-image-preview:large","max-video-preview":"max-video-preview:-1"},"canonical":"https:\/\/mosaicstorra.com\/fr\/produits\/sortie-tuile-hydraulique-m105\/","og_locale":"fr_FR","og_type":"article","og_title":"Baldosa Hidr\u00e1ulica Outlet M105 - Mosaics Torra - Suelos Hidr\u00e1ulicos","og_description":"L\u00ednea: Baldosa Hidr\u00e1ulica l\u00ednia Stock Colecci\u00f3n: Monocolor Ref N","og_url":"https:\/\/mosaicstorra.com\/fr\/produits\/sortie-tuile-hydraulique-m105\/","og_site_name":"Mosaics Torra - Suelos Hidr\u00e1ulicos","article_modified_time":"2026-03-02T10:33:53+00:00","og_image":[{"width":1240,"height":1240,"url":"https:\/\/mosaicstorra.com\/wp-content\/uploads\/2025\/03\/baldosa-hidraulica-detalle-m105.webp","type":"image\/webp"}],"twitter_card":"summary_large_image","twitter_misc":{"Dur\u00e9e de lecture estim\u00e9e":"1 minute"},"schema":{"@context":"https:\/\/schema.org","@graph":[{"@type":"WebPage","@id":"https:\/\/mosaicstorra.com\/productos\/baldosa-hidraulica-outlet-m105\/","url":"https:\/\/mosaicstorra.com\/productos\/baldosa-hidraulica-outlet-m105\/","name":"Sortie de carrelage hydraulique M105 - Mosa\u00efques Torra - Sols hydrauliques","isPartOf":{"@id":"https:\/\/mosaicstorra.com\/#website"},"primaryImageOfPage":{"@id":"https:\/\/mosaicstorra.com\/productos\/baldosa-hidraulica-outlet-m105\/#primaryimage"},"image":{"@id":"https:\/\/mosaicstorra.com\/productos\/baldosa-hidraulica-outlet-m105\/#primaryimage"},"thumbnailUrl":"https:\/\/mosaicstorra.com\/wp-content\/uploads\/2025\/03\/baldosa-hidraulica-detalle-m105.webp","datePublished":"2026-03-02T10:33:19+00:00","dateModified":"2026-03-02T10:33:53+00:00","breadcrumb":{"@id":"https:\/\/mosaicstorra.com\/productos\/baldosa-hidraulica-outlet-m105\/#breadcrumb"},"inLanguage":"fr-FR","potentialAction":[{"@type":"ReadAction","target":["https:\/\/mosaicstorra.com\/productos\/baldosa-hidraulica-outlet-m105\/"]}]},{"@type":"ImageObject","inLanguage":"fr-FR","@id":"https:\/\/mosaicstorra.com\/productos\/baldosa-hidraulica-outlet-m105\/#primaryimage","url":"https:\/\/mosaicstorra.com\/wp-content\/uploads\/2025\/03\/baldosa-hidraulica-detalle-m105.webp","contentUrl":"https:\/\/mosaicstorra.com\/wp-content\/uploads\/2025\/03\/baldosa-hidraulica-detalle-m105.webp","width":1240,"height":1240},{"@type":"BreadcrumbList","@id":"https:\/\/mosaicstorra.com\/productos\/baldosa-hidraulica-outlet-m105\/#breadcrumb","itemListElement":[{"@type":"ListItem","position":1,"name":"Portada","item":"https:\/\/mosaicstorra.com\/"},{"@type":"ListItem","position":2,"name":"Products","item":"https:\/\/mosaicstorra.com\/shop\/"},{"@type":"ListItem","position":3,"name":"Baldosa Hidr\u00e1ulica Outlet M105"}]},{"@type":"WebSite","@id":"https:\/\/mosaicstorra.com\/#website","url":"https:\/\/mosaicstorra.com\/","name":"Mosaics Torra \u2013 Carreaux de ciment","description":"Des carreaux qui racontent des histoires","publisher":{"@id":"https:\/\/mosaicstorra.com\/#organization"},"potentialAction":[{"@type":"SearchAction","target":{"@type":"EntryPoint","urlTemplate":"https:\/\/mosaicstorra.com\/?s={search_term_string}"},"query-input":{"@type":"PropertyValueSpecification","valueRequired":true,"valueName":"search_term_string"}}],"inLanguage":"fr-FR"},{"@type":"Organization","@id":"https:\/\/mosaicstorra.com\/#organization","name":"Mosaics Torra \u2013 Carreaux de ciment","url":"https:\/\/mosaicstorra.com\/","logo":{"@type":"ImageObject","inLanguage":"fr-FR","@id":"https:\/\/mosaicstorra.com\/#\/schema\/logo\/image\/","url":"https:\/\/mosaicstorra.com\/wp-content\/uploads\/2024\/11\/cropped-logo_wo_bcn.png","contentUrl":"https:\/\/mosaicstorra.com\/wp-content\/uploads\/2024\/11\/cropped-logo_wo_bcn.png","width":205,"height":77,"caption":"Mosaics Torra - Suelos Hidr\u00e1ulicos"},"image":{"@id":"https:\/\/mosaicstorra.com\/#\/schema\/logo\/image\/"}}]}},"_links":{"self":[{"href":"https:\/\/mosaicstorra.com\/fr\/wp-json\/wp\/v2\/product\/34173","targetHints":{"allow":["GET"]}}],"collection":[{"href":"https:\/\/mosaicstorra.com\/fr\/wp-json\/wp\/v2\/product"}],"about":[{"href":"https:\/\/mosaicstorra.com\/fr\/wp-json\/wp\/v2\/types\/product"}],"replies":[{"embeddable":true,"href":"https:\/\/mosaicstorra.com\/fr\/wp-json\/wp\/v2\/comments?post=34173"}],"wp:featuredmedia":[{"embeddable":true,"href":"https:\/\/mosaicstorra.com\/fr\/wp-json\/wp\/v2\/media\/28704"}],"wp:attachment":[{"href":"https:\/\/mosaicstorra.com\/fr\/wp-json\/wp\/v2\/media?parent=34173"}],"wp:term":[{"taxonomy":"product_brand","embeddable":true,"href":"https:\/\/mosaicstorra.com\/fr\/wp-json\/wp\/v2\/product_brand?post=34173"},{"taxonomy":"product_cat","embeddable":true,"href":"https:\/\/mosaicstorra.com\/fr\/wp-json\/wp\/v2\/product_cat?post=34173"},{"taxonomy":"product_tag","embeddable":true,"href":"https:\/\/mosaicstorra.com\/fr\/wp-json\/wp\/v2\/product_tag?post=34173"}],"curies":[{"name":"wp","href":"https:\/\/api.w.org\/{rel}","templated":true}]}}