{"id":734,"date":"2023-06-15T11:08:22","date_gmt":"2023-06-15T10:08:22","guid":{"rendered":"https:\/\/nueva.torramosaicoshidraulicos.es\/?post_type=baldosa-hidraulica&#038;p=734"},"modified":"2024-02-01T20:57:04","modified_gmt":"2024-02-01T19:57:04","slug":"carreaux-de-ciment-outlet-nou-barris-adc-2","status":"publish","type":"product","link":"https:\/\/mosaicstorra.com\/fr\/produits\/carreaux-de-ciment-outlet-nou-barris-adc-2\/","title":{"rendered":"Carreau de ciment Outlet Japon rojo &#038; gris ( pil pil)"},"content":{"rendered":"<p>Prix : 94,90<del> <\/del><strong><del>\u20ac\/m2<\/del> \u00a0 45\u20ac\/m2<\/strong><\/p>\n<hr \/>\n<p><strong>Quantit\u00e9 disponible<\/strong>: 83.80M2<\/p>\n<p><strong>Dimensions des carreaux :<\/strong> 20 x 20 cm<\/p>\n<p><strong>\u00c9paisseur des carreaux :<\/strong> 18 mm<\/p>\n<p><strong>Poids par M\u00b2 :<\/strong> 40 Kg<\/p>\n<p><strong>Nombre de carreaux M\u00b2 :<\/strong> 25 carreaux<\/p>\n<p><strong>Emballage :<\/strong> bo\u00eetes de 10 pi\u00e8ces<\/p>\n<p>Le prix ne comprend pas la TVA ni les frais d'exp\u00e9dition.<\/p>","protected":false},"excerpt":{"rendered":"<p>Prix : 94,90 \u20ac\/m2 45\u20ac\/m2 Quantit\u00e9 disponible : 83,80M2 Taille des carreaux : 20 x 20 cm Epaisseur des carreaux : 18 mm Poids au M\u00b2 : 40 Kg Nombre de carreaux au M\u00b2 : 25 carreaux Emballage : bo\u00eetes de 10 pi\u00e8ces Le prix ne comprend pas la TVA et les frais d'exp\u00e9dition.<\/p>","protected":false},"featured_media":7788,"comment_status":"closed","ping_status":"closed","template":"","meta":{"_acf_changed":false},"product_brand":[],"product_cat":[649],"product_tag":[],"class_list":{"0":"post-734","1":"product","2":"type-product","3":"status-publish","4":"has-post-thumbnail","6":"product_cat-sin-categorizar","8":"first","9":"instock","10":"taxable","11":"shipping-taxable","12":"purchasable","13":"product-type-simple"},"acf":[],"yoast_head":"<!-- This site is optimized with the Yoast SEO plugin v26.9 - https:\/\/yoast.com\/product\/yoast-seo-wordpress\/ -->\n<title>Baldosa Hidr\u00e1ulica Outlet japon rojo &amp; gris ( pil pil) - Mosaics Torra - Suelos Hidr\u00e1ulicos<\/title>\n<meta name=\"robots\" content=\"index, follow, max-snippet:-1, max-image-preview:large, max-video-preview:-1\" \/>\n<link rel=\"canonical\" href=\"https:\/\/mosaicstorra.com\/fr\/produits\/carreaux-de-ciment-outlet-nou-barris-adc-2\/\" \/>\n<meta property=\"og:locale\" content=\"fr_FR\" \/>\n<meta property=\"og:type\" content=\"article\" \/>\n<meta property=\"og:title\" content=\"Baldosa Hidr\u00e1ulica Outlet japon rojo &amp; gris ( pil pil) - Mosaics Torra - Suelos Hidr\u00e1ulicos\" \/>\n<meta property=\"og:description\" content=\"Precio: 94.90 \u20ac\/m2 \u00a0 45\u20ac\/m2 Cantidad disponible: 83.80M2 Medidas baldosa: 20 x 20 cm Grosor baldosa: 18 mm Peso por M\u00b2: 40 Kg N\u00ba baldosas M\u00b2: 25 baldosas Embalaje: cajas de 10 piezas El precio no incluye IVA ni gastos de env\u00edo.\" \/>\n<meta property=\"og:url\" content=\"https:\/\/mosaicstorra.com\/fr\/produits\/carreaux-de-ciment-outlet-nou-barris-adc-2\/\" \/>\n<meta property=\"og:site_name\" content=\"Mosaics Torra - Suelos Hidr\u00e1ulicos\" \/>\n<meta property=\"article:modified_time\" content=\"2024-02-01T19:57:04+00:00\" \/>\n<meta property=\"og:image\" content=\"https:\/\/mosaicstorra.com\/wp-content\/uploads\/2023\/06\/baldosa-hidraulica-collection-baldosa-hidr-ulica-outlet-japon-rojo-gris-pil-pil-detail.jpg\" \/>\n\t<meta property=\"og:image:width\" content=\"200\" \/>\n\t<meta property=\"og:image:height\" content=\"199\" \/>\n\t<meta property=\"og:image:type\" content=\"image\/jpeg\" \/>\n<meta name=\"twitter:card\" content=\"summary_large_image\" \/>\n<meta name=\"twitter:label1\" content=\"Dur\u00e9e de lecture estim\u00e9e\" \/>\n\t<meta name=\"twitter:data1\" content=\"1 minute\" \/>\n<script type=\"application\/ld+json\" class=\"yoast-schema-graph\">{\"@context\":\"https:\/\/schema.org\",\"@graph\":[{\"@type\":\"WebPage\",\"@id\":\"https:\/\/mosaicstorra.com\/productos\/baldosa-hidraulica-outlet-nou-barris-adc-2\/\",\"url\":\"https:\/\/mosaicstorra.com\/productos\/baldosa-hidraulica-outlet-nou-barris-adc-2\/\",\"name\":\"Baldosa Hidr\u00e1ulica Outlet japon rojo & gris ( pil pil) - Mosaics Torra - Suelos Hidr\u00e1ulicos\",\"isPartOf\":{\"@id\":\"https:\/\/mosaicstorra.com\/#website\"},\"primaryImageOfPage\":{\"@id\":\"https:\/\/mosaicstorra.com\/productos\/baldosa-hidraulica-outlet-nou-barris-adc-2\/#primaryimage\"},\"image\":{\"@id\":\"https:\/\/mosaicstorra.com\/productos\/baldosa-hidraulica-outlet-nou-barris-adc-2\/#primaryimage\"},\"thumbnailUrl\":\"https:\/\/mosaicstorra.com\/wp-content\/uploads\/2023\/06\/baldosa-hidraulica-collection-baldosa-hidr-ulica-outlet-japon-rojo-gris-pil-pil-detail.jpg\",\"datePublished\":\"2023-06-15T10:08:22+00:00\",\"dateModified\":\"2024-02-01T19:57:04+00:00\",\"breadcrumb\":{\"@id\":\"https:\/\/mosaicstorra.com\/productos\/baldosa-hidraulica-outlet-nou-barris-adc-2\/#breadcrumb\"},\"inLanguage\":\"fr-FR\",\"potentialAction\":[{\"@type\":\"ReadAction\",\"target\":[\"https:\/\/mosaicstorra.com\/productos\/baldosa-hidraulica-outlet-nou-barris-adc-2\/\"]}]},{\"@type\":\"ImageObject\",\"inLanguage\":\"fr-FR\",\"@id\":\"https:\/\/mosaicstorra.com\/productos\/baldosa-hidraulica-outlet-nou-barris-adc-2\/#primaryimage\",\"url\":\"https:\/\/mosaicstorra.com\/wp-content\/uploads\/2023\/06\/baldosa-hidraulica-collection-baldosa-hidr-ulica-outlet-japon-rojo-gris-pil-pil-detail.jpg\",\"contentUrl\":\"https:\/\/mosaicstorra.com\/wp-content\/uploads\/2023\/06\/baldosa-hidraulica-collection-baldosa-hidr-ulica-outlet-japon-rojo-gris-pil-pil-detail.jpg\",\"width\":200,\"height\":199,\"caption\":\"Outlet Baldosa Hidr\u00e1ulica Outlet japon rojo & gris ( pil pil) detalle\"},{\"@type\":\"BreadcrumbList\",\"@id\":\"https:\/\/mosaicstorra.com\/productos\/baldosa-hidraulica-outlet-nou-barris-adc-2\/#breadcrumb\",\"itemListElement\":[{\"@type\":\"ListItem\",\"position\":1,\"name\":\"Portada\",\"item\":\"https:\/\/mosaicstorra.com\/\"},{\"@type\":\"ListItem\",\"position\":2,\"name\":\"Products\",\"item\":\"https:\/\/mosaicstorra.com\/shop\/\"},{\"@type\":\"ListItem\",\"position\":3,\"name\":\"Baldosa Hidr\u00e1ulica Outlet japon rojo &#038; gris ( pil pil)\"}]},{\"@type\":\"WebSite\",\"@id\":\"https:\/\/mosaicstorra.com\/#website\",\"url\":\"https:\/\/mosaicstorra.com\/\",\"name\":\"Mosaics Torra - Suelos Hidr\u00e1ulicos\",\"description\":\"Baldosas que cuentan historias\",\"publisher\":{\"@id\":\"https:\/\/mosaicstorra.com\/#organization\"},\"potentialAction\":[{\"@type\":\"SearchAction\",\"target\":{\"@type\":\"EntryPoint\",\"urlTemplate\":\"https:\/\/mosaicstorra.com\/?s={search_term_string}\"},\"query-input\":{\"@type\":\"PropertyValueSpecification\",\"valueRequired\":true,\"valueName\":\"search_term_string\"}}],\"inLanguage\":\"fr-FR\"},{\"@type\":\"Organization\",\"@id\":\"https:\/\/mosaicstorra.com\/#organization\",\"name\":\"Mosaics Torra - Suelos Hidr\u00e1ulicos\",\"url\":\"https:\/\/mosaicstorra.com\/\",\"logo\":{\"@type\":\"ImageObject\",\"inLanguage\":\"fr-FR\",\"@id\":\"https:\/\/mosaicstorra.com\/#\/schema\/logo\/image\/\",\"url\":\"https:\/\/mosaicstorra.com\/wp-content\/uploads\/2024\/11\/cropped-logo_wo_bcn.png\",\"contentUrl\":\"https:\/\/mosaicstorra.com\/wp-content\/uploads\/2024\/11\/cropped-logo_wo_bcn.png\",\"width\":205,\"height\":77,\"caption\":\"Mosaics Torra - Suelos Hidr\u00e1ulicos\"},\"image\":{\"@id\":\"https:\/\/mosaicstorra.com\/#\/schema\/logo\/image\/\"}}]}<\/script>\n<!-- \/ Yoast SEO plugin. -->","yoast_head_json":{"title":"Carreau de ciment Outlet Japon rojo &amp; gris ( pil pil) - Mosaics Torra - Suelos Hidr\u00e1ulicos","robots":{"index":"index","follow":"follow","max-snippet":"max-snippet:-1","max-image-preview":"max-image-preview:large","max-video-preview":"max-video-preview:-1"},"canonical":"https:\/\/mosaicstorra.com\/fr\/produits\/carreaux-de-ciment-outlet-nou-barris-adc-2\/","og_locale":"fr_FR","og_type":"article","og_title":"Baldosa Hidr\u00e1ulica Outlet japon rojo & gris ( pil pil) - Mosaics Torra - Suelos Hidr\u00e1ulicos","og_description":"Precio: 94.90 \u20ac\/m2 \u00a0 45\u20ac\/m2 Cantidad disponible: 83.80M2 Medidas baldosa: 20 x 20 cm Grosor baldosa: 18 mm Peso por M\u00b2: 40 Kg N\u00ba baldosas M\u00b2: 25 baldosas Embalaje: cajas de 10 piezas El precio no incluye IVA ni gastos de env\u00edo.","og_url":"https:\/\/mosaicstorra.com\/fr\/produits\/carreaux-de-ciment-outlet-nou-barris-adc-2\/","og_site_name":"Mosaics Torra - Suelos Hidr\u00e1ulicos","article_modified_time":"2024-02-01T19:57:04+00:00","og_image":[{"width":200,"height":199,"url":"https:\/\/mosaicstorra.com\/wp-content\/uploads\/2023\/06\/baldosa-hidraulica-collection-baldosa-hidr-ulica-outlet-japon-rojo-gris-pil-pil-detail.jpg","type":"image\/jpeg"}],"twitter_card":"summary_large_image","twitter_misc":{"Dur\u00e9e de lecture estim\u00e9e":"1 minute"},"schema":{"@context":"https:\/\/schema.org","@graph":[{"@type":"WebPage","@id":"https:\/\/mosaicstorra.com\/productos\/baldosa-hidraulica-outlet-nou-barris-adc-2\/","url":"https:\/\/mosaicstorra.com\/productos\/baldosa-hidraulica-outlet-nou-barris-adc-2\/","name":"Carreau de ciment Outlet Japon rojo &amp; gris ( pil pil) - Mosaics Torra - Suelos Hidr\u00e1ulicos","isPartOf":{"@id":"https:\/\/mosaicstorra.com\/#website"},"primaryImageOfPage":{"@id":"https:\/\/mosaicstorra.com\/productos\/baldosa-hidraulica-outlet-nou-barris-adc-2\/#primaryimage"},"image":{"@id":"https:\/\/mosaicstorra.com\/productos\/baldosa-hidraulica-outlet-nou-barris-adc-2\/#primaryimage"},"thumbnailUrl":"https:\/\/mosaicstorra.com\/wp-content\/uploads\/2023\/06\/baldosa-hidraulica-collection-baldosa-hidr-ulica-outlet-japon-rojo-gris-pil-pil-detail.jpg","datePublished":"2023-06-15T10:08:22+00:00","dateModified":"2024-02-01T19:57:04+00:00","breadcrumb":{"@id":"https:\/\/mosaicstorra.com\/productos\/baldosa-hidraulica-outlet-nou-barris-adc-2\/#breadcrumb"},"inLanguage":"fr-FR","potentialAction":[{"@type":"ReadAction","target":["https:\/\/mosaicstorra.com\/productos\/baldosa-hidraulica-outlet-nou-barris-adc-2\/"]}]},{"@type":"ImageObject","inLanguage":"fr-FR","@id":"https:\/\/mosaicstorra.com\/productos\/baldosa-hidraulica-outlet-nou-barris-adc-2\/#primaryimage","url":"https:\/\/mosaicstorra.com\/wp-content\/uploads\/2023\/06\/baldosa-hidraulica-collection-baldosa-hidr-ulica-outlet-japon-rojo-gris-pil-pil-detail.jpg","contentUrl":"https:\/\/mosaicstorra.com\/wp-content\/uploads\/2023\/06\/baldosa-hidraulica-collection-baldosa-hidr-ulica-outlet-japon-rojo-gris-pil-pil-detail.jpg","width":200,"height":199,"caption":"Outlet Baldosa Hidr\u00e1ulica Outlet japon rojo & gris ( pil pil) detalle"},{"@type":"BreadcrumbList","@id":"https:\/\/mosaicstorra.com\/productos\/baldosa-hidraulica-outlet-nou-barris-adc-2\/#breadcrumb","itemListElement":[{"@type":"ListItem","position":1,"name":"Portada","item":"https:\/\/mosaicstorra.com\/"},{"@type":"ListItem","position":2,"name":"Products","item":"https:\/\/mosaicstorra.com\/shop\/"},{"@type":"ListItem","position":3,"name":"Baldosa Hidr\u00e1ulica Outlet japon rojo &#038; gris ( pil pil)"}]},{"@type":"WebSite","@id":"https:\/\/mosaicstorra.com\/#website","url":"https:\/\/mosaicstorra.com\/","name":"Mosaics Torra \u2013 Carreaux de ciment","description":"Des carreaux qui racontent des histoires","publisher":{"@id":"https:\/\/mosaicstorra.com\/#organization"},"potentialAction":[{"@type":"SearchAction","target":{"@type":"EntryPoint","urlTemplate":"https:\/\/mosaicstorra.com\/?s={search_term_string}"},"query-input":{"@type":"PropertyValueSpecification","valueRequired":true,"valueName":"search_term_string"}}],"inLanguage":"fr-FR"},{"@type":"Organization","@id":"https:\/\/mosaicstorra.com\/#organization","name":"Mosaics Torra \u2013 Carreaux de ciment","url":"https:\/\/mosaicstorra.com\/","logo":{"@type":"ImageObject","inLanguage":"fr-FR","@id":"https:\/\/mosaicstorra.com\/#\/schema\/logo\/image\/","url":"https:\/\/mosaicstorra.com\/wp-content\/uploads\/2024\/11\/cropped-logo_wo_bcn.png","contentUrl":"https:\/\/mosaicstorra.com\/wp-content\/uploads\/2024\/11\/cropped-logo_wo_bcn.png","width":205,"height":77,"caption":"Mosaics Torra - Suelos Hidr\u00e1ulicos"},"image":{"@id":"https:\/\/mosaicstorra.com\/#\/schema\/logo\/image\/"}}]}},"_links":{"self":[{"href":"https:\/\/mosaicstorra.com\/fr\/wp-json\/wp\/v2\/product\/734","targetHints":{"allow":["GET"]}}],"collection":[{"href":"https:\/\/mosaicstorra.com\/fr\/wp-json\/wp\/v2\/product"}],"about":[{"href":"https:\/\/mosaicstorra.com\/fr\/wp-json\/wp\/v2\/types\/product"}],"replies":[{"embeddable":true,"href":"https:\/\/mosaicstorra.com\/fr\/wp-json\/wp\/v2\/comments?post=734"}],"wp:featuredmedia":[{"embeddable":true,"href":"https:\/\/mosaicstorra.com\/fr\/wp-json\/wp\/v2\/media\/7788"}],"wp:attachment":[{"href":"https:\/\/mosaicstorra.com\/fr\/wp-json\/wp\/v2\/media?parent=734"}],"wp:term":[{"taxonomy":"product_brand","embeddable":true,"href":"https:\/\/mosaicstorra.com\/fr\/wp-json\/wp\/v2\/product_brand?post=734"},{"taxonomy":"product_cat","embeddable":true,"href":"https:\/\/mosaicstorra.com\/fr\/wp-json\/wp\/v2\/product_cat?post=734"},{"taxonomy":"product_tag","embeddable":true,"href":"https:\/\/mosaicstorra.com\/fr\/wp-json\/wp\/v2\/product_tag?post=734"}],"curies":[{"name":"wp","href":"https:\/\/api.w.org\/{rel}","templated":true}]}}