{"id":812,"date":"2014-02-07T10:25:01","date_gmt":"2014-02-07T09:25:01","guid":{"rendered":"https:\/\/nueva.torramosaicoshidraulicos.es\/baldosa-hidraulica\/baldosa-hidraulica-patchwork-ref-cream\/"},"modified":"2025-11-14T09:40:07","modified_gmt":"2025-11-14T08:40:07","slug":"carreau-de-ciment-ref-patchwork-cream","status":"publish","type":"product","link":"https:\/\/mosaicstorra.com\/fr\/productos\/baldosa-hidraulica-ref-patchwork-cream\/","title":{"rendered":"Carreau de ciment Patchwork Cream"},"content":{"rendered":"<p><strong>Ligne : <\/strong>Ligne hydraulique de stockage de carreaux<\/p>\n<p><strong>Collection : <\/strong>Patchwork cr\u00e8me<\/p>\n<p>Nous assemblons des patchworks sur mesure et vous pouvez choisir la combinaison qui vous convient dans notre stock ou nous pouvons pr\u00e9parer un plancher de patchwork hydraulique pour vous gr\u00e2ce \u00e0 notre exp\u00e9rience.<\/p>","protected":false},"excerpt":{"rendered":"<p>Collection Patchwork: Nous assemblons des patchworks sur mesure et vous pouvez choisir la combinaison qui vous pla\u00eet dans notre stock ou nous pouvons pr\u00e9parer un sol patchwork hydraulique pour vous avec notre exp\u00e9rience.<\/p>","protected":false},"featured_media":29017,"comment_status":"closed","ping_status":"closed","template":"","meta":{"_acf_changed":false},"product_brand":[],"product_cat":[689],"product_tag":[],"class_list":{"0":"post-812","1":"product","2":"type-product","3":"status-publish","4":"has-post-thumbnail","6":"product_cat-patchwork","8":"first","9":"instock","10":"taxable","11":"shipping-taxable","12":"purchasable","13":"product-type-simple"},"acf":[],"yoast_head":"<!-- This site is optimized with the Yoast SEO plugin v27.3 - https:\/\/yoast.com\/product\/yoast-seo-wordpress\/ -->\n<title>Baldosa Hidr\u00e1ulica Patchwork Ref Cream - Mosaics Torra - Suelos Hidr\u00e1ulicos<\/title>\n<meta name=\"robots\" content=\"index, follow, max-snippet:-1, max-image-preview:large, max-video-preview:-1\" \/>\n<link rel=\"canonical\" href=\"https:\/\/mosaicstorra.com\/fr\/produits\/carreau-de-ciment-ref-patchwork-cream\/\" \/>\n<meta property=\"og:locale\" content=\"fr_FR\" \/>\n<meta property=\"og:type\" content=\"article\" \/>\n<meta property=\"og:title\" content=\"Baldosa Hidr\u00e1ulica Patchwork Ref Cream - Mosaics Torra - Suelos Hidr\u00e1ulicos\" \/>\n<meta property=\"og:description\" content=\"L\u00ednea: Baldosa Hidr\u00e1ulica l\u00ednia Stock Colecci\u00f3n: Patchwork Cream Montamos patchworks a medida y se puede elegir la combinaci\u00f3n que m\u00e1s os guste de nuestro stock o bien nosotros os preparamos un suelo hidr\u00e1ulico de Patchwork con nuestra experiencia.\" \/>\n<meta property=\"og:url\" content=\"https:\/\/mosaicstorra.com\/fr\/produits\/carreau-de-ciment-ref-patchwork-cream\/\" \/>\n<meta property=\"og:site_name\" content=\"Mosaics Torra - Suelos Hidr\u00e1ulicos\" \/>\n<meta property=\"article:modified_time\" content=\"2025-11-14T08:40:07+00:00\" \/>\n<meta property=\"og:image\" content=\"https:\/\/mosaicstorra.com\/wp-content\/uploads\/2014\/02\/suelo-hidraulico-patchowrk-cream.webp\" \/>\n\t<meta property=\"og:image:width\" content=\"2560\" \/>\n\t<meta property=\"og:image:height\" content=\"2134\" \/>\n\t<meta property=\"og:image:type\" content=\"image\/webp\" \/>\n<meta name=\"twitter:card\" content=\"summary_large_image\" \/>\n<meta name=\"twitter:label1\" content=\"Dur\u00e9e de lecture estim\u00e9e\" \/>\n\t<meta name=\"twitter:data1\" content=\"1 minute\" \/>\n<script type=\"application\/ld+json\" class=\"yoast-schema-graph\">{\"@context\":\"https:\\\/\\\/schema.org\",\"@graph\":[{\"@type\":\"WebPage\",\"@id\":\"https:\\\/\\\/mosaicstorra.com\\\/ca\\\/productes\\\/baldosa-hidraulica-ref-patchwork-cream\\\/\",\"url\":\"https:\\\/\\\/mosaicstorra.com\\\/ca\\\/productes\\\/baldosa-hidraulica-ref-patchwork-cream\\\/\",\"name\":\"Baldosa Hidr\u00e1ulica Patchwork Ref Cream - Mosaics Torra - Suelos Hidr\u00e1ulicos\",\"isPartOf\":{\"@id\":\"https:\\\/\\\/mosaicstorra.com\\\/#website\"},\"primaryImageOfPage\":{\"@id\":\"https:\\\/\\\/mosaicstorra.com\\\/ca\\\/productes\\\/baldosa-hidraulica-ref-patchwork-cream\\\/#primaryimage\"},\"image\":{\"@id\":\"https:\\\/\\\/mosaicstorra.com\\\/ca\\\/productes\\\/baldosa-hidraulica-ref-patchwork-cream\\\/#primaryimage\"},\"thumbnailUrl\":\"https:\\\/\\\/mosaicstorra.com\\\/wp-content\\\/uploads\\\/2014\\\/02\\\/suelo-hidraulico-patchowrk-cream.webp\",\"datePublished\":\"2014-02-07T09:25:01+00:00\",\"dateModified\":\"2025-11-14T08:40:07+00:00\",\"breadcrumb\":{\"@id\":\"https:\\\/\\\/mosaicstorra.com\\\/ca\\\/productes\\\/baldosa-hidraulica-ref-patchwork-cream\\\/#breadcrumb\"},\"inLanguage\":\"fr-FR\",\"potentialAction\":[{\"@type\":\"ReadAction\",\"target\":[\"https:\\\/\\\/mosaicstorra.com\\\/ca\\\/productes\\\/baldosa-hidraulica-ref-patchwork-cream\\\/\"]}]},{\"@type\":\"ImageObject\",\"inLanguage\":\"fr-FR\",\"@id\":\"https:\\\/\\\/mosaicstorra.com\\\/ca\\\/productes\\\/baldosa-hidraulica-ref-patchwork-cream\\\/#primaryimage\",\"url\":\"https:\\\/\\\/mosaicstorra.com\\\/wp-content\\\/uploads\\\/2014\\\/02\\\/suelo-hidraulico-patchowrk-cream.webp\",\"contentUrl\":\"https:\\\/\\\/mosaicstorra.com\\\/wp-content\\\/uploads\\\/2014\\\/02\\\/suelo-hidraulico-patchowrk-cream.webp\",\"width\":2560,\"height\":2134},{\"@type\":\"BreadcrumbList\",\"@id\":\"https:\\\/\\\/mosaicstorra.com\\\/ca\\\/productes\\\/baldosa-hidraulica-ref-patchwork-cream\\\/#breadcrumb\",\"itemListElement\":[{\"@type\":\"ListItem\",\"position\":1,\"name\":\"Portada\",\"item\":\"https:\\\/\\\/mosaicstorra.com\\\/\"},{\"@type\":\"ListItem\",\"position\":2,\"name\":\"Products\",\"item\":\"https:\\\/\\\/mosaicstorra.com\\\/shop\\\/\"},{\"@type\":\"ListItem\",\"position\":3,\"name\":\"Baldosa Hidr\u00e1ulica Patchwork Ref Cream\"}]},{\"@type\":\"WebSite\",\"@id\":\"https:\\\/\\\/mosaicstorra.com\\\/#website\",\"url\":\"https:\\\/\\\/mosaicstorra.com\\\/\",\"name\":\"Mosaics Torra - Suelos Hidr\u00e1ulicos\",\"description\":\"Baldosas que cuentan historias\",\"publisher\":{\"@id\":\"https:\\\/\\\/mosaicstorra.com\\\/#organization\"},\"potentialAction\":[{\"@type\":\"SearchAction\",\"target\":{\"@type\":\"EntryPoint\",\"urlTemplate\":\"https:\\\/\\\/mosaicstorra.com\\\/?s={search_term_string}\"},\"query-input\":{\"@type\":\"PropertyValueSpecification\",\"valueRequired\":true,\"valueName\":\"search_term_string\"}}],\"inLanguage\":\"fr-FR\"},{\"@type\":\"Organization\",\"@id\":\"https:\\\/\\\/mosaicstorra.com\\\/#organization\",\"name\":\"Mosaics Torra - Suelos Hidr\u00e1ulicos\",\"url\":\"https:\\\/\\\/mosaicstorra.com\\\/\",\"logo\":{\"@type\":\"ImageObject\",\"inLanguage\":\"fr-FR\",\"@id\":\"https:\\\/\\\/mosaicstorra.com\\\/#\\\/schema\\\/logo\\\/image\\\/\",\"url\":\"https:\\\/\\\/mosaicstorra.com\\\/wp-content\\\/uploads\\\/2024\\\/11\\\/cropped-logo_wo_bcn.png\",\"contentUrl\":\"https:\\\/\\\/mosaicstorra.com\\\/wp-content\\\/uploads\\\/2024\\\/11\\\/cropped-logo_wo_bcn.png\",\"width\":205,\"height\":77,\"caption\":\"Mosaics Torra - Suelos Hidr\u00e1ulicos\"},\"image\":{\"@id\":\"https:\\\/\\\/mosaicstorra.com\\\/#\\\/schema\\\/logo\\\/image\\\/\"}}]}<\/script>\n<!-- \/ Yoast SEO plugin. -->","yoast_head_json":{"title":"Carreau de ciment Patchwork Ref Cream - Mosaics Torra","robots":{"index":"index","follow":"follow","max-snippet":"max-snippet:-1","max-image-preview":"max-image-preview:large","max-video-preview":"max-video-preview:-1"},"canonical":"https:\/\/mosaicstorra.com\/fr\/produits\/carreau-de-ciment-ref-patchwork-cream\/","og_locale":"fr_FR","og_type":"article","og_title":"Baldosa Hidr\u00e1ulica Patchwork Ref Cream - Mosaics Torra - Suelos Hidr\u00e1ulicos","og_description":"L\u00ednea: Baldosa Hidr\u00e1ulica l\u00ednia Stock Colecci\u00f3n: Patchwork Cream Montamos patchworks a medida y se puede elegir la combinaci\u00f3n que m\u00e1s os guste de nuestro stock o bien nosotros os preparamos un suelo hidr\u00e1ulico de Patchwork con nuestra experiencia.","og_url":"https:\/\/mosaicstorra.com\/fr\/produits\/carreau-de-ciment-ref-patchwork-cream\/","og_site_name":"Mosaics Torra - Suelos Hidr\u00e1ulicos","article_modified_time":"2025-11-14T08:40:07+00:00","og_image":[{"width":2560,"height":2134,"url":"https:\/\/mosaicstorra.com\/wp-content\/uploads\/2014\/02\/suelo-hidraulico-patchowrk-cream.webp","type":"image\/webp"}],"twitter_card":"summary_large_image","twitter_misc":{"Dur\u00e9e de lecture estim\u00e9e":"1 minute"},"schema":{"@context":"https:\/\/schema.org","@graph":[{"@type":"WebPage","@id":"https:\/\/mosaicstorra.com\/ca\/productes\/baldosa-hidraulica-ref-patchwork-cream\/","url":"https:\/\/mosaicstorra.com\/ca\/productes\/baldosa-hidraulica-ref-patchwork-cream\/","name":"Carreau de ciment Patchwork Ref Cream - Mosaics Torra","isPartOf":{"@id":"https:\/\/mosaicstorra.com\/#website"},"primaryImageOfPage":{"@id":"https:\/\/mosaicstorra.com\/ca\/productes\/baldosa-hidraulica-ref-patchwork-cream\/#primaryimage"},"image":{"@id":"https:\/\/mosaicstorra.com\/ca\/productes\/baldosa-hidraulica-ref-patchwork-cream\/#primaryimage"},"thumbnailUrl":"https:\/\/mosaicstorra.com\/wp-content\/uploads\/2014\/02\/suelo-hidraulico-patchowrk-cream.webp","datePublished":"2014-02-07T09:25:01+00:00","dateModified":"2025-11-14T08:40:07+00:00","breadcrumb":{"@id":"https:\/\/mosaicstorra.com\/ca\/productes\/baldosa-hidraulica-ref-patchwork-cream\/#breadcrumb"},"inLanguage":"fr-FR","potentialAction":[{"@type":"ReadAction","target":["https:\/\/mosaicstorra.com\/ca\/productes\/baldosa-hidraulica-ref-patchwork-cream\/"]}]},{"@type":"ImageObject","inLanguage":"fr-FR","@id":"https:\/\/mosaicstorra.com\/ca\/productes\/baldosa-hidraulica-ref-patchwork-cream\/#primaryimage","url":"https:\/\/mosaicstorra.com\/wp-content\/uploads\/2014\/02\/suelo-hidraulico-patchowrk-cream.webp","contentUrl":"https:\/\/mosaicstorra.com\/wp-content\/uploads\/2014\/02\/suelo-hidraulico-patchowrk-cream.webp","width":2560,"height":2134},{"@type":"BreadcrumbList","@id":"https:\/\/mosaicstorra.com\/ca\/productes\/baldosa-hidraulica-ref-patchwork-cream\/#breadcrumb","itemListElement":[{"@type":"ListItem","position":1,"name":"Portada","item":"https:\/\/mosaicstorra.com\/"},{"@type":"ListItem","position":2,"name":"Products","item":"https:\/\/mosaicstorra.com\/shop\/"},{"@type":"ListItem","position":3,"name":"Baldosa Hidr\u00e1ulica Patchwork Ref Cream"}]},{"@type":"WebSite","@id":"https:\/\/mosaicstorra.com\/#website","url":"https:\/\/mosaicstorra.com\/","name":"Mosaics Torra \u2013 Carreaux de ciment","description":"Des carreaux qui racontent des histoires","publisher":{"@id":"https:\/\/mosaicstorra.com\/#organization"},"potentialAction":[{"@type":"SearchAction","target":{"@type":"EntryPoint","urlTemplate":"https:\/\/mosaicstorra.com\/?s={search_term_string}"},"query-input":{"@type":"PropertyValueSpecification","valueRequired":true,"valueName":"search_term_string"}}],"inLanguage":"fr-FR"},{"@type":"Organization","@id":"https:\/\/mosaicstorra.com\/#organization","name":"Mosaics Torra \u2013 Carreaux de ciment","url":"https:\/\/mosaicstorra.com\/","logo":{"@type":"ImageObject","inLanguage":"fr-FR","@id":"https:\/\/mosaicstorra.com\/#\/schema\/logo\/image\/","url":"https:\/\/mosaicstorra.com\/wp-content\/uploads\/2024\/11\/cropped-logo_wo_bcn.png","contentUrl":"https:\/\/mosaicstorra.com\/wp-content\/uploads\/2024\/11\/cropped-logo_wo_bcn.png","width":205,"height":77,"caption":"Mosaics Torra - Suelos Hidr\u00e1ulicos"},"image":{"@id":"https:\/\/mosaicstorra.com\/#\/schema\/logo\/image\/"}}]}},"_links":{"self":[{"href":"https:\/\/mosaicstorra.com\/fr\/wp-json\/wp\/v2\/product\/812","targetHints":{"allow":["GET"]}}],"collection":[{"href":"https:\/\/mosaicstorra.com\/fr\/wp-json\/wp\/v2\/product"}],"about":[{"href":"https:\/\/mosaicstorra.com\/fr\/wp-json\/wp\/v2\/types\/product"}],"replies":[{"embeddable":true,"href":"https:\/\/mosaicstorra.com\/fr\/wp-json\/wp\/v2\/comments?post=812"}],"wp:featuredmedia":[{"embeddable":true,"href":"https:\/\/mosaicstorra.com\/fr\/wp-json\/wp\/v2\/media\/29017"}],"wp:attachment":[{"href":"https:\/\/mosaicstorra.com\/fr\/wp-json\/wp\/v2\/media?parent=812"}],"wp:term":[{"taxonomy":"product_brand","embeddable":true,"href":"https:\/\/mosaicstorra.com\/fr\/wp-json\/wp\/v2\/product_brand?post=812"},{"taxonomy":"product_cat","embeddable":true,"href":"https:\/\/mosaicstorra.com\/fr\/wp-json\/wp\/v2\/product_cat?post=812"},{"taxonomy":"product_tag","embeddable":true,"href":"https:\/\/mosaicstorra.com\/fr\/wp-json\/wp\/v2\/product_tag?post=812"}],"curies":[{"name":"wp","href":"https:\/\/api.w.org\/{rel}","templated":true}]}}