{"id":286,"date":"2022-01-10T17:14:44","date_gmt":"2022-01-10T16:14:44","guid":{"rendered":"http:\/\/nueva.torramosaicoshidraulicos.es\/aviso-legal-2\/"},"modified":"2025-07-03T08:24:58","modified_gmt":"2025-07-03T07:24:58","slug":"aviso-legal","status":"publish","type":"page","link":"https:\/\/mosaicstorra.com\/pt\/aviso-legal\/","title":{"rendered":"Aviso legal"},"content":{"rendered":"<div data-elementor-type=\"wp-page\" data-elementor-id=\"286\" class=\"elementor elementor-286\" data-elementor-post-type=\"page\">\n\t\t\t\t<div class=\"elementor-element elementor-element-31bf9ec e-flex e-con-boxed e-con e-parent\" data-id=\"31bf9ec\" data-element_type=\"container\" data-e-type=\"container\">\n\t\t\t\t\t<div class=\"e-con-inner\">\n\t\t\t\t<div class=\"elementor-element elementor-element-18eef50 elementor-widget elementor-widget-spacer\" data-id=\"18eef50\" data-element_type=\"widget\" data-e-type=\"widget\" data-widget_type=\"spacer.default\">\n\t\t\t\t\t\t\t<div class=\"elementor-spacer\">\n\t\t\t<div class=\"elementor-spacer-inner\"><\/div>\n\t\t<\/div>\n\t\t\t\t\t\t<\/div>\n\t\t\t\t<div class=\"elementor-element elementor-element-f3ee1a0 elementor-widget elementor-widget-heading\" data-id=\"f3ee1a0\" data-element_type=\"widget\" data-e-type=\"widget\" data-widget_type=\"heading.default\">\n\t\t\t\t\t<h2 class=\"elementor-heading-title elementor-size-default\">\nAviso legal\n<\/h2>\t\t\t\t<\/div>\n\t\t\t\t<div class=\"elementor-element elementor-element-403beaf elementor-widget elementor-widget-text-editor\" data-id=\"403beaf\" data-element_type=\"widget\" data-e-type=\"widget\" data-widget_type=\"text-editor.default\">\n\t\t\t\t\t\t\t\t\t<p>A Mosaic Torra, reserva-se o direito de efetuar, em qualquer momento e sem aviso pr\u00e9vio, modifica\u00e7\u00f5es no conte\u00fado e apresenta\u00e7\u00e3o do seu site.<\/p><p><strong>Limita\u00e7\u00e3o da responsabilidade:<\/strong><br \/>Salvo nos casos expressamente descritos no Aviso Legal e no resto do quadro normativo do s\u00edtio Web, a Mosaic Torra n\u00e3o se responsabiliza pelos danos e preju\u00edzos de qualquer natureza que possam derivar da falta de exatid\u00e3o, exaustividade, atualidade, assim como dos erros ou omiss\u00f5es que possam sofrer os conte\u00fados deste s\u00edtio Web.<\/p><p><strong>Comunica\u00e7\u00e3o e notifica\u00e7\u00f5es:<\/strong><br \/>Todas as comunica\u00e7\u00f5es e notifica\u00e7\u00f5es efectuadas ser\u00e3o consideradas eficazes para todos os efeitos quando forem efectuadas atrav\u00e9s de correio eletr\u00f3nico para o endere\u00e7o eletr\u00f3nico fornecido pelo Utilizador. O Utilizador compromete-se a manter a Mosaic Torra informada de quaisquer altera\u00e7\u00f5es que possam ocorrer nos dados pessoais do Utilizador e no endere\u00e7o de correio eletr\u00f3nico que o gestor possui, a fim de o informar de quaisquer eventos que considere apropriados. O utilizador reconhece expressamente que tais dados foram fornecidos por si e s\u00e3o totalmente verdadeiros.<\/p><p>Os dados do utilizador n\u00e3o ser\u00e3o transmitidos a terceiros, ser\u00e3o inclu\u00eddos num ficheiro propriedade da Mosaic Torra e utilizados para efetuar comunica\u00e7\u00f5es sobre os produtos em que demonstrou interesse, not\u00edcias, e o processo da sua compra.<br \/>Os dados dos clientes que efectuam uma compra ser\u00e3o conservados por tempo indeterminado, a fim de poderem ser utilizados em caso de necessidade de reprodu\u00e7\u00e3o de ladrilhos ou outros (os produtos aqui vendidos s\u00e3o utilizados durante d\u00e9cadas). Os clientes t\u00eam o direito de solicitar a elimina\u00e7\u00e3o dos seus dados, enviando um e-mail para\u00a0<u>info@mosaicstorra.com<\/u>\u00a0solicitar a elimina\u00e7\u00e3o de todos os dados pessoais relacionados com a encomenda (perdendo as vantagens de reprodu\u00e7\u00e3o ou de ajuda em futuras consultas).<\/p><p><strong>Propriedade intelectual e industrial:<\/strong><br \/>A Mosaic Torra \u00e9 a propriet\u00e1ria (ou os seus licenciantes, caso existam) dos direitos de Propriedade Intelectual e Industrial dos conte\u00fados deste s\u00edtio Web.<\/p><p>\u00c9 expressamente proibida a reprodu\u00e7\u00e3o, a coloca\u00e7\u00e3o \u00e0 disposi\u00e7\u00e3o do p\u00fablico e, em geral, qualquer outra forma de explora\u00e7\u00e3o da totalidade ou de parte dos conte\u00fados deste s\u00edtio Web, bem como do seu design. Estes actos de explora\u00e7\u00e3o s\u00f3 podem ser realizados com a autoriza\u00e7\u00e3o expressa e por escrito da Mosaic Torra.<\/p><p><strong>Prote\u00e7\u00e3o de dados pessoais:<\/strong><br \/>A Mosaic Torra adoptar\u00e1 as medidas de seguran\u00e7a adequadas aos dados pessoais fornecidos pelos utilizadores (e-mail e dados de contacto postal, nome e telefone) e colocar\u00e1 os meios e medidas t\u00e9cnicas para evitar a perda, m\u00e1 utiliza\u00e7\u00e3o, altera\u00e7\u00e3o, acesso n\u00e3o autorizado e roubo dos mesmos.<\/p><p>Os utilizadores e clientes podem, a qualquer momento, exercer os seus direitos de acesso, retifica\u00e7\u00e3o, cancelamento e oposi\u00e7\u00e3o (ARCO) dos seus dados pessoais, em conformidade com as disposi\u00e7\u00f5es da legisla\u00e7\u00e3o em vigor, atrav\u00e9s de correio eletr\u00f3nico para\u00a0<u>info@mosaicstorra.com<\/u><\/p><p>Se, no futuro, n\u00e3o desejar receber informa\u00e7\u00f5es comerciais da Mosaic Torra ou das empresas do grupo, pode indic\u00e1-lo anulando a sua inscri\u00e7\u00e3o (liga\u00e7\u00e3o na parte inferior de qualquer comunica\u00e7\u00e3o comercial) ou enviando um e-mail para\u00a0<u>info@mosaicstorra.com<\/u>\u00a0indicando \u201cBAJA\u201d como assunto.<\/p><table border=\"0\" width=\"100%\" cellspacing=\"0\" cellpadding=\"0\"><tbody><tr><td>Respons\u00e1vel pelos seus dados<\/td><td>Mosaico Torra. -\u00a0<u>info@mosaicstorra.com<\/u><\/td><\/tr><tr><td>A quem comunicamos os seus dados<\/td><td>Forneceremos os dados \u00e0s autoridades que os requeiram e \u00e0s empresas do grupo MOSAICS TORRA.<\/td><\/tr><tr><td>De onde obtemos os seus dados<\/td><td>Quando o utilizador nos fornece os seus dados quando est\u00e1 interessado nos nossos produtos ou quando se regista como cliente.<\/td><\/tr><tr><td>Quais s\u00e3o os seus direitos e como exerc\u00ea-los<\/td><td>O utilizador tem o direito de retificar, cancelar e apagar os seus dados. Pode contactar-nos em info@mosaicstorra.com<\/td><\/tr><\/tbody><\/table>\t\t\t\t\t\t\t\t<\/div>\n\t\t\t\t\t<\/div>\n\t\t\t\t<\/div>\n\t\t\t\t<\/div>","protected":false},"excerpt":{"rendered":"<p>Aviso legal: A Mosaic Torra reserva-se o direito de efetuar, em qualquer momento e sem aviso pr\u00e9vio, modifica\u00e7\u00f5es no conte\u00fado e na apresenta\u00e7\u00e3o do seu s\u00edtio Web. Limita\u00e7\u00e3o de responsabilidade: Exceto nos casos expressamente descritos no Aviso Legal e no resto do quadro regulamentar do s\u00edtio Web, a Mosaic Torra n\u00e3o \u00e9 respons\u00e1vel por [...]<\/p>","protected":false},"author":2,"featured_media":0,"parent":0,"menu_order":0,"comment_status":"closed","ping_status":"closed","template":"","meta":{"_acf_changed":false,"footnotes":""},"class_list":["post-286","page","type-page","status-publish","hentry"],"acf":[],"yoast_head":"<!-- This site is optimized with the Yoast SEO plugin v26.9 - https:\/\/yoast.com\/product\/yoast-seo-wordpress\/ -->\n<title>Aviso legal - Mosaics Torra - Suelos Hidr\u00e1ulicos<\/title>\n<meta name=\"robots\" content=\"index, follow, max-snippet:-1, max-image-preview:large, max-video-preview:-1\" \/>\n<link rel=\"canonical\" href=\"https:\/\/mosaicstorra.com\/pt\/aviso-legal\/\" \/>\n<meta property=\"og:locale\" content=\"pt_PT\" \/>\n<meta property=\"og:type\" content=\"article\" \/>\n<meta property=\"og:title\" content=\"Aviso legal - Mosaics Torra - Suelos Hidr\u00e1ulicos\" \/>\n<meta property=\"og:description\" content=\"Aviso legal Mosaic Torra, se reserva el derecho a hacer, en cualquier momento y sin aviso previo, modificaciones de los contenidos y presentaci\u00f3n de su sitio web. Limitaci\u00f3n de la responsabilidad:Salvo en aquellos casos expresamente descritos en el Aviso Legal y el resto del marco normativo del sitio web, Mosaic Torra no se responsabiliza de [&hellip;]\" \/>\n<meta property=\"og:url\" content=\"https:\/\/mosaicstorra.com\/pt\/aviso-legal\/\" \/>\n<meta property=\"og:site_name\" content=\"Mosaics Torra - Suelos Hidr\u00e1ulicos\" \/>\n<meta property=\"article:modified_time\" content=\"2025-07-03T07:24:58+00:00\" \/>\n<meta name=\"twitter:card\" content=\"summary_large_image\" \/>\n<meta name=\"twitter:label1\" content=\"Tempo estimado de leitura\" \/>\n\t<meta name=\"twitter:data1\" content=\"3 minutos\" \/>\n<script type=\"application\/ld+json\" class=\"yoast-schema-graph\">{\"@context\":\"https:\/\/schema.org\",\"@graph\":[{\"@type\":\"WebPage\",\"@id\":\"https:\/\/mosaicstorra.com\/aviso-legal\/\",\"url\":\"https:\/\/mosaicstorra.com\/aviso-legal\/\",\"name\":\"Aviso legal - Mosaics Torra - Suelos Hidr\u00e1ulicos\",\"isPartOf\":{\"@id\":\"https:\/\/mosaicstorra.com\/#website\"},\"datePublished\":\"2022-01-10T16:14:44+00:00\",\"dateModified\":\"2025-07-03T07:24:58+00:00\",\"breadcrumb\":{\"@id\":\"https:\/\/mosaicstorra.com\/aviso-legal\/#breadcrumb\"},\"inLanguage\":\"pt-PT\",\"potentialAction\":[{\"@type\":\"ReadAction\",\"target\":[\"https:\/\/mosaicstorra.com\/aviso-legal\/\"]}]},{\"@type\":\"BreadcrumbList\",\"@id\":\"https:\/\/mosaicstorra.com\/aviso-legal\/#breadcrumb\",\"itemListElement\":[{\"@type\":\"ListItem\",\"position\":1,\"name\":\"Portada\",\"item\":\"https:\/\/mosaicstorra.com\/\"},{\"@type\":\"ListItem\",\"position\":2,\"name\":\"Aviso legal\"}]},{\"@type\":\"WebSite\",\"@id\":\"https:\/\/mosaicstorra.com\/#website\",\"url\":\"https:\/\/mosaicstorra.com\/\",\"name\":\"Mosaics Torra - Suelos Hidr\u00e1ulicos\",\"description\":\"Baldosas que cuentan historias\",\"publisher\":{\"@id\":\"https:\/\/mosaicstorra.com\/#organization\"},\"potentialAction\":[{\"@type\":\"SearchAction\",\"target\":{\"@type\":\"EntryPoint\",\"urlTemplate\":\"https:\/\/mosaicstorra.com\/?s={search_term_string}\"},\"query-input\":{\"@type\":\"PropertyValueSpecification\",\"valueRequired\":true,\"valueName\":\"search_term_string\"}}],\"inLanguage\":\"pt-PT\"},{\"@type\":\"Organization\",\"@id\":\"https:\/\/mosaicstorra.com\/#organization\",\"name\":\"Mosaics Torra - Suelos Hidr\u00e1ulicos\",\"url\":\"https:\/\/mosaicstorra.com\/\",\"logo\":{\"@type\":\"ImageObject\",\"inLanguage\":\"pt-PT\",\"@id\":\"https:\/\/mosaicstorra.com\/#\/schema\/logo\/image\/\",\"url\":\"https:\/\/mosaicstorra.com\/wp-content\/uploads\/2024\/11\/cropped-logo_wo_bcn.png\",\"contentUrl\":\"https:\/\/mosaicstorra.com\/wp-content\/uploads\/2024\/11\/cropped-logo_wo_bcn.png\",\"width\":205,\"height\":77,\"caption\":\"Mosaics Torra - Suelos Hidr\u00e1ulicos\"},\"image\":{\"@id\":\"https:\/\/mosaicstorra.com\/#\/schema\/logo\/image\/\"}}]}<\/script>\n<!-- \/ Yoast SEO plugin. -->","yoast_head_json":{"title":"Aviso legal - Mosaicos Torra - Pavimentos hidr\u00e1ulicos","robots":{"index":"index","follow":"follow","max-snippet":"max-snippet:-1","max-image-preview":"max-image-preview:large","max-video-preview":"max-video-preview:-1"},"canonical":"https:\/\/mosaicstorra.com\/pt\/aviso-legal\/","og_locale":"pt_PT","og_type":"article","og_title":"Aviso legal - Mosaics Torra - Suelos Hidr\u00e1ulicos","og_description":"Aviso legal Mosaic Torra, se reserva el derecho a hacer, en cualquier momento y sin aviso previo, modificaciones de los contenidos y presentaci\u00f3n de su sitio web. Limitaci\u00f3n de la responsabilidad:Salvo en aquellos casos expresamente descritos en el Aviso Legal y el resto del marco normativo del sitio web, Mosaic Torra no se responsabiliza de [&hellip;]","og_url":"https:\/\/mosaicstorra.com\/pt\/aviso-legal\/","og_site_name":"Mosaics Torra - Suelos Hidr\u00e1ulicos","article_modified_time":"2025-07-03T07:24:58+00:00","twitter_card":"summary_large_image","twitter_misc":{"Tempo estimado de leitura":"3 minutos"},"schema":{"@context":"https:\/\/schema.org","@graph":[{"@type":"WebPage","@id":"https:\/\/mosaicstorra.com\/aviso-legal\/","url":"https:\/\/mosaicstorra.com\/aviso-legal\/","name":"Aviso legal - Mosaicos Torra - Pavimentos hidr\u00e1ulicos","isPartOf":{"@id":"https:\/\/mosaicstorra.com\/#website"},"datePublished":"2022-01-10T16:14:44+00:00","dateModified":"2025-07-03T07:24:58+00:00","breadcrumb":{"@id":"https:\/\/mosaicstorra.com\/aviso-legal\/#breadcrumb"},"inLanguage":"pt-PT","potentialAction":[{"@type":"ReadAction","target":["https:\/\/mosaicstorra.com\/aviso-legal\/"]}]},{"@type":"BreadcrumbList","@id":"https:\/\/mosaicstorra.com\/aviso-legal\/#breadcrumb","itemListElement":[{"@type":"ListItem","position":1,"name":"Portada","item":"https:\/\/mosaicstorra.com\/"},{"@type":"ListItem","position":2,"name":"Aviso legal"}]},{"@type":"WebSite","@id":"https:\/\/mosaicstorra.com\/#website","url":"https:\/\/mosaicstorra.com\/","name":"Mosaicos Torra - Pavimentos Hidr\u00e1ulicos","description":"Ladrilhos que contam hist\u00f3rias","publisher":{"@id":"https:\/\/mosaicstorra.com\/#organization"},"potentialAction":[{"@type":"SearchAction","target":{"@type":"EntryPoint","urlTemplate":"https:\/\/mosaicstorra.com\/?s={search_term_string}"},"query-input":{"@type":"PropertyValueSpecification","valueRequired":true,"valueName":"search_term_string"}}],"inLanguage":"pt-PT"},{"@type":"Organization","@id":"https:\/\/mosaicstorra.com\/#organization","name":"Mosaicos Torra - Pavimentos Hidr\u00e1ulicos","url":"https:\/\/mosaicstorra.com\/","logo":{"@type":"ImageObject","inLanguage":"pt-PT","@id":"https:\/\/mosaicstorra.com\/#\/schema\/logo\/image\/","url":"https:\/\/mosaicstorra.com\/wp-content\/uploads\/2024\/11\/cropped-logo_wo_bcn.png","contentUrl":"https:\/\/mosaicstorra.com\/wp-content\/uploads\/2024\/11\/cropped-logo_wo_bcn.png","width":205,"height":77,"caption":"Mosaics Torra - Suelos Hidr\u00e1ulicos"},"image":{"@id":"https:\/\/mosaicstorra.com\/#\/schema\/logo\/image\/"}}]}},"_links":{"self":[{"href":"https:\/\/mosaicstorra.com\/pt\/wp-json\/wp\/v2\/pages\/286","targetHints":{"allow":["GET"]}}],"collection":[{"href":"https:\/\/mosaicstorra.com\/pt\/wp-json\/wp\/v2\/pages"}],"about":[{"href":"https:\/\/mosaicstorra.com\/pt\/wp-json\/wp\/v2\/types\/page"}],"author":[{"embeddable":true,"href":"https:\/\/mosaicstorra.com\/pt\/wp-json\/wp\/v2\/users\/2"}],"replies":[{"embeddable":true,"href":"https:\/\/mosaicstorra.com\/pt\/wp-json\/wp\/v2\/comments?post=286"}],"version-history":[{"count":9,"href":"https:\/\/mosaicstorra.com\/pt\/wp-json\/wp\/v2\/pages\/286\/revisions"}],"predecessor-version":[{"id":31163,"href":"https:\/\/mosaicstorra.com\/pt\/wp-json\/wp\/v2\/pages\/286\/revisions\/31163"}],"wp:attachment":[{"href":"https:\/\/mosaicstorra.com\/pt\/wp-json\/wp\/v2\/media?parent=286"}],"curies":[{"name":"wp","href":"https:\/\/api.w.org\/{rel}","templated":true}]}}