{"id":287,"date":"2022-01-10T17:17:18","date_gmt":"2022-01-10T16:17:18","guid":{"rendered":"http:\/\/nueva.torramosaicoshidraulicos.es\/politica-de-cookies-2\/"},"modified":"2025-07-03T08:23:48","modified_gmt":"2025-07-03T07:23:48","slug":"politica-de-cookies","status":"publish","type":"page","link":"https:\/\/mosaicstorra.com\/pt\/politica-de-cookies\/","title":{"rendered":"Pol\u00edtica de cookies"},"content":{"rendered":"<div data-elementor-type=\"wp-page\" data-elementor-id=\"287\" class=\"elementor elementor-287\" data-elementor-post-type=\"page\">\n\t\t\t\t<div class=\"elementor-element elementor-element-18837002 e-flex e-con-boxed e-con e-parent\" data-id=\"18837002\" data-element_type=\"container\" data-e-type=\"container\">\n\t\t\t\t\t<div class=\"e-con-inner\">\n\t\t\t\t<div class=\"elementor-element elementor-element-a941441 elementor-widget elementor-widget-spacer\" data-id=\"a941441\" data-element_type=\"widget\" data-e-type=\"widget\" data-widget_type=\"spacer.default\">\n\t\t\t\t\t\t\t<div class=\"elementor-spacer\">\n\t\t\t<div class=\"elementor-spacer-inner\"><\/div>\n\t\t<\/div>\n\t\t\t\t\t\t<\/div>\n\t\t\t\t<div class=\"elementor-element elementor-element-ce2d32b elementor-widget elementor-widget-heading\" data-id=\"ce2d32b\" data-element_type=\"widget\" data-e-type=\"widget\" data-widget_type=\"heading.default\">\n\t\t\t\t\t<h2 class=\"elementor-heading-title elementor-size-default\">\nPol\u00edtica de cookies\n<\/h2>\t\t\t\t<\/div>\n\t\t\t\t<div class=\"elementor-element elementor-element-2131b5c elementor-widget elementor-widget-text-editor\" data-id=\"2131b5c\" data-element_type=\"widget\" data-e-type=\"widget\" data-widget_type=\"text-editor.default\">\n\t\t\t\t\t\t\t\t\t<p>Um cookie \u00e9 um ficheiro que \u00e9 descarregado para o seu computador quando acede a determinados s\u00edtios Web. Os cookies permitem a um s\u00edtio Web, entre outras coisas, armazenar e recuperar informa\u00e7\u00f5es sobre os h\u00e1bitos de navega\u00e7\u00e3o de um utilizador ou do seu computador e, dependendo das informa\u00e7\u00f5es que cont\u00eam e da forma como utiliza o seu computador, podem ser utilizados para reconhecer o utilizador. O navegador do utilizador memoriza os cookies no disco r\u00edgido apenas durante a sess\u00e3o em curso, ocupando um espa\u00e7o de mem\u00f3ria m\u00ednimo e n\u00e3o prejudicando o computador. Os cookies n\u00e3o cont\u00eam qualquer informa\u00e7\u00e3o pessoal espec\u00edfica e a maioria dos cookies \u00e9 eliminada do disco r\u00edgido no final da sess\u00e3o do browser (os chamados cookies de sess\u00e3o).<\/p><p>A maioria dos navegadores aceita cookies como padr\u00e3o e, independentemente deles, permite ou impede cookies tempor\u00e1rios ou armazenados nas defini\u00e7\u00f5es de seguran\u00e7a.<\/p><p>Sem o seu consentimento expresso - atrav\u00e9s da ativa\u00e7\u00e3o de cookies no seu navegador - a XXXXX n\u00e3o associar\u00e1 nos cookies os dados armazenados aos seus dados pessoais fornecidos no momento do registo ou da compra.<\/p><p><strong>Que tipos de cookies utiliza este s\u00edtio Web?<\/strong><\/p><p>- Cookies t\u00e9cnicos: S\u00e3o aqueles que permitem ao utilizador navegar num site, plataforma ou aplica\u00e7\u00e3o e utilizar as diferentes op\u00e7\u00f5es ou servi\u00e7os existentes no mesmo, como por exemplo, controlar o tr\u00e1fego e a comunica\u00e7\u00e3o de dados, identificar a sess\u00e3o, aceder a \u00e1reas de acesso restrito, recordar os elementos que comp\u00f5em uma encomenda, realizar o processo de compra de uma encomenda, solicitar a inscri\u00e7\u00e3o ou participa\u00e7\u00e3o num evento, utilizar elementos de seguran\u00e7a durante a navega\u00e7\u00e3o, armazenar conte\u00fados para a difus\u00e3o de v\u00eddeos ou som ou partilhar conte\u00fados atrav\u00e9s das redes sociais.<\/p><p>- Cookies de personaliza\u00e7\u00e3o: Estes cookies permitem ao utilizador aceder ao servi\u00e7o com determinadas carater\u00edsticas gerais predefinidas em fun\u00e7\u00e3o de uma s\u00e9rie de crit\u00e9rios no terminal do utilizador, tais como a l\u00edngua, o tipo de navegador utilizado para aceder ao servi\u00e7o, a configura\u00e7\u00e3o regional a partir da qual se acede ao servi\u00e7o, etc.<\/p><p>- Cookies de an\u00e1lise: S\u00e3o cookies tratados por n\u00f3s ou por terceiros e que nos permitem quantificar o n\u00famero de utilizadores e, assim, efetuar a medi\u00e7\u00e3o e a an\u00e1lise estat\u00edstica da utiliza\u00e7\u00e3o que os utilizadores fazem do servi\u00e7o oferecido. Para tal, a sua navega\u00e7\u00e3o no nosso s\u00edtio Web \u00e9 analisada com o objetivo de melhorar a gama de produtos ou servi\u00e7os que oferecemos.<\/p><p>- Cookies publicit\u00e1rios: s\u00e3o aqueles que, processados por n\u00f3s ou por terceiros, nos permitem gerir da forma mais eficaz poss\u00edvel a oferta de espa\u00e7os publicit\u00e1rios no s\u00edtio Web, adaptando o conte\u00fado do an\u00fancio ao conte\u00fado do servi\u00e7o solicitado ou \u00e0 utiliza\u00e7\u00e3o que faz do nosso s\u00edtio Web. Para tal, podemos analisar os seus h\u00e1bitos de navega\u00e7\u00e3o na Internet e podemos mostrar-lhe publicidade relacionada com o seu perfil de navega\u00e7\u00e3o.<\/p><p>- Cookies de publicidade comportamental: Estes cookies permitem a gest\u00e3o, da forma mais eficaz poss\u00edvel, dos espa\u00e7os publicit\u00e1rios que, se for caso disso, o editor tenha inclu\u00eddo num s\u00edtio web, aplica\u00e7\u00e3o ou plataforma a partir da qual se presta o servi\u00e7o solicitado. Estes cookies armazenam informa\u00e7\u00f5es sobre o comportamento dos utilizadores obtidas atrav\u00e9s da observa\u00e7\u00e3o cont\u00ednua dos seus h\u00e1bitos de navega\u00e7\u00e3o, o que permite desenvolver um perfil espec\u00edfico para apresentar publicidade com base no mesmo.<\/p><p>Cookies de terceiros: O s\u00edtio Web XXXXX pode utilizar servi\u00e7os de terceiros que, em nome de XXXXX, recolhem informa\u00e7\u00f5es para fins estat\u00edsticos, para a utiliza\u00e7\u00e3o do s\u00edtio pelo utilizador e para a presta\u00e7\u00e3o de outros servi\u00e7os relacionados com a atividade do s\u00edtio Web e outros servi\u00e7os da Internet.<\/p><p>Em particular, este s\u00edtio Web utiliza o Google Analytics, um servi\u00e7o de an\u00e1lise da Web fornecido pela Google, Inc., com sede nos Estados Unidos, em 1600 Amphitheatre Parkway, Mountain View, Calif\u00f3rnia 94043.  Para fornecer estes servi\u00e7os, utilizam cookies para recolher informa\u00e7\u00f5es, incluindo o endere\u00e7o IP do utilizador, que ser\u00e3o transmitidas, processadas e armazenadas pela Google nos termos definidos no s\u00edtio Web Google.com. Incluindo a poss\u00edvel transmiss\u00e3o dessas informa\u00e7\u00f5es a terceiros por motivos de exig\u00eancia legal ou quando esses terceiros processam as informa\u00e7\u00f5es em nome da Google.<\/p><p>(Neste ponto, a AGPD sugere que se inclua cada um dos cookies de terceiros utilizados e os dados desses terceiros. Por raz\u00f5es \u00f3bvias, neste modelo apenas a Google foi inclu\u00edda na utiliza\u00e7\u00e3o do Analytics por ser a mais difundida e comum).<\/p><p><strong>O que acontece se os cookies forem desactivados?<\/strong><\/p><p>No caso de bloquear ou n\u00e3o aceitar a instala\u00e7\u00e3o de cookies, \u00e9 poss\u00edvel que determinados servi\u00e7os oferecidos pelo nosso s\u00edtio Web que requerem a sua utiliza\u00e7\u00e3o sejam desactivados e, por conseguinte, n\u00e3o estejam dispon\u00edveis para que n\u00e3o possa tirar o m\u00e1ximo partido de tudo o que os nossos s\u00edtios Web e aplica\u00e7\u00f5es lhe oferecem. Tamb\u00e9m \u00e9 poss\u00edvel que o desempenho do s\u00edtio Web seja reduzido.<\/p><p><strong>Aceita\u00e7\u00e3o de cookies<\/strong><\/p><p>Se o utilizador continuar a navegar depois de ter sido informado sobre a nossa Pol\u00edtica de Cookies, entendemos que aceita a utiliza\u00e7\u00e3o de cookies.<br \/>Quando aceder a este s\u00edtio Web ou aplica\u00e7\u00e3o pela primeira vez, ver\u00e1 uma janela onde \u00e9 informado da utiliza\u00e7\u00e3o de cookies e onde pode consultar esta pol\u00edtica de cookies. Se consentir a utiliza\u00e7\u00e3o de cookies, continuar a navegar ou clicar em qualquer liga\u00e7\u00e3o, entender-se-\u00e1 que consentiu a nossa pol\u00edtica de cookies e, por conseguinte, a instala\u00e7\u00e3o de cookies no seu computador ou dispositivo.<br \/>Para al\u00e9m da utiliza\u00e7\u00e3o dos nossos pr\u00f3prios cookies, permitimos que terceiros instalem e acedam a cookies no seu computador. O seu consentimento para a utiliza\u00e7\u00e3o de cookies destas empresas est\u00e1 associado \u00e0 sua navega\u00e7\u00e3o neste s\u00edtio Web.<\/p><p><strong>Actualiza\u00e7\u00f5es da Pol\u00edtica de Cookies<\/strong><\/p><p>O nosso portal poder\u00e1 modificar a presente Pol\u00edtica de Cookies em fun\u00e7\u00e3o de exig\u00eancias legislativas ou regulamentares, ou com o objetivo de a adaptar \u00e0s instru\u00e7\u00f5es emitidas pela Ag\u00eancia Espanhola de Prote\u00e7\u00e3o de Dados, pelo que se recomenda aos utilizadores que a visitem periodicamente.<\/p><p>O Utilizador aceita expressamente, ao utilizar este S\u00edtio, o tratamento das informa\u00e7\u00f5es recolhidas da forma e para os fins acima referidos. E reconhece igualmente a possibilidade de recusar o tratamento de tais dados ou informa\u00e7\u00f5es, rejeitando a utiliza\u00e7\u00e3o de Cookies, selecionando as defini\u00e7\u00f5es apropriadas para o efeito no seu browser. No entanto, esta op\u00e7\u00e3o de bloquear os Cookies no seu navegador pode n\u00e3o lhe permitir utilizar plenamente todas as funcionalidades do S\u00edtio Web.<\/p><p>O utilizador pode permitir, bloquear ou eliminar os cookies instalados no seu computador, configurando as op\u00e7\u00f5es do navegador instalado no seu computador:<\/p><ul><li><a href=\"http:\/\/support.google.com\/chrome\/bin\/answer.py?hl=es&amp;answer=95647\" target=\"_blank\" rel=\"noopener\"><em>Cromado<\/em><\/a><\/li><li><a href=\"http:\/\/windows.microsoft.com\/es-es\/windows7\/how-to-manage-cookies-in-internet-explorer-9\" target=\"_blank\" rel=\"noopener\"><em>Explorador<\/em><\/a><\/li><li><a href=\"https:\/\/support.mozilla.org\/es\/kb\/habilitar-y-deshabilitar-cookies-sitios-web-rastrear-preferencias?redirectslug=habilitar-y-deshabilitar-cookies-que-los-sitios-we&amp;redirectlocale=es\" target=\"_blank\" rel=\"noopener\"><em>Firefox<\/em><\/a><\/li><li><a href=\"http:\/\/support.apple.com\/kb\/ph5042\" target=\"_blank\" rel=\"noopener\"><em>Safari<\/em><\/a><\/li><\/ul><p>Se tiver alguma d\u00favida sobre esta pol\u00edtica de cookies, contacte info@mosaicstorra.com.<\/p>\t\t\t\t\t\t\t\t<\/div>\n\t\t\t\t\t<\/div>\n\t\t\t\t<\/div>\n\t\t\t\t<\/div>","protected":false},"excerpt":{"rendered":"<p>Pol\u00edtica de cookies Um cookie \u00e9 um ficheiro que \u00e9 descarregado para o seu computador quando acede a determinadas p\u00e1ginas Web. Os cookies permitem a um s\u00edtio Web, entre outras coisas, armazenar e recuperar informa\u00e7\u00f5es sobre os h\u00e1bitos de navega\u00e7\u00e3o de um utilizador ou do seu equipamento e, em fun\u00e7\u00e3o das informa\u00e7\u00f5es que cont\u00eam e do tipo de [...]<\/p>","protected":false},"author":2,"featured_media":0,"parent":0,"menu_order":0,"comment_status":"closed","ping_status":"closed","template":"","meta":{"_acf_changed":false,"footnotes":""},"class_list":["post-287","page","type-page","status-publish","hentry"],"acf":[],"yoast_head":"<!-- This site is optimized with the Yoast SEO plugin v26.9 - https:\/\/yoast.com\/product\/yoast-seo-wordpress\/ -->\n<title>Pol\u00edtica de Cookies - Mosaics Torra - Suelos Hidr\u00e1ulicos<\/title>\n<meta name=\"robots\" content=\"index, follow, max-snippet:-1, max-image-preview:large, max-video-preview:-1\" \/>\n<link rel=\"canonical\" href=\"https:\/\/mosaicstorra.com\/pt\/politica-de-cookies\/\" \/>\n<meta property=\"og:locale\" content=\"pt_PT\" \/>\n<meta property=\"og:type\" content=\"article\" \/>\n<meta property=\"og:title\" content=\"Pol\u00edtica de Cookies - Mosaics Torra - Suelos Hidr\u00e1ulicos\" \/>\n<meta property=\"og:description\" content=\"Pol\u00edtica de Cookies Cookie es un fichero que se descarga en su ordenador al acceder a determinadas p\u00e1ginas web. Las cookies permiten a una p\u00e1gina web, entre otras cosas, almacenar y recuperar informaci\u00f3n sobre los h\u00e1bitos de navegaci\u00f3n de un usuario o de su equipo y, dependiendo de la informaci\u00f3n que contengan y de la [&hellip;]\" \/>\n<meta property=\"og:url\" content=\"https:\/\/mosaicstorra.com\/pt\/politica-de-cookies\/\" \/>\n<meta property=\"og:site_name\" content=\"Mosaics Torra - Suelos Hidr\u00e1ulicos\" \/>\n<meta property=\"article:modified_time\" content=\"2025-07-03T07:23:48+00:00\" \/>\n<meta name=\"twitter:card\" content=\"summary_large_image\" \/>\n<script type=\"application\/ld+json\" class=\"yoast-schema-graph\">{\"@context\":\"https:\/\/schema.org\",\"@graph\":[{\"@type\":\"WebPage\",\"@id\":\"https:\/\/mosaicstorra.com\/politica-de-cookies\/\",\"url\":\"https:\/\/mosaicstorra.com\/politica-de-cookies\/\",\"name\":\"Pol\u00edtica de Cookies - Mosaics Torra - Suelos Hidr\u00e1ulicos\",\"isPartOf\":{\"@id\":\"https:\/\/mosaicstorra.com\/#website\"},\"datePublished\":\"2022-01-10T16:17:18+00:00\",\"dateModified\":\"2025-07-03T07:23:48+00:00\",\"breadcrumb\":{\"@id\":\"https:\/\/mosaicstorra.com\/politica-de-cookies\/#breadcrumb\"},\"inLanguage\":\"pt-PT\",\"potentialAction\":[{\"@type\":\"ReadAction\",\"target\":[\"https:\/\/mosaicstorra.com\/politica-de-cookies\/\"]}]},{\"@type\":\"BreadcrumbList\",\"@id\":\"https:\/\/mosaicstorra.com\/politica-de-cookies\/#breadcrumb\",\"itemListElement\":[{\"@type\":\"ListItem\",\"position\":1,\"name\":\"Portada\",\"item\":\"https:\/\/mosaicstorra.com\/\"},{\"@type\":\"ListItem\",\"position\":2,\"name\":\"Pol\u00edtica de Cookies\"}]},{\"@type\":\"WebSite\",\"@id\":\"https:\/\/mosaicstorra.com\/#website\",\"url\":\"https:\/\/mosaicstorra.com\/\",\"name\":\"Mosaics Torra - Suelos Hidr\u00e1ulicos\",\"description\":\"Baldosas que cuentan historias\",\"publisher\":{\"@id\":\"https:\/\/mosaicstorra.com\/#organization\"},\"potentialAction\":[{\"@type\":\"SearchAction\",\"target\":{\"@type\":\"EntryPoint\",\"urlTemplate\":\"https:\/\/mosaicstorra.com\/?s={search_term_string}\"},\"query-input\":{\"@type\":\"PropertyValueSpecification\",\"valueRequired\":true,\"valueName\":\"search_term_string\"}}],\"inLanguage\":\"pt-PT\"},{\"@type\":\"Organization\",\"@id\":\"https:\/\/mosaicstorra.com\/#organization\",\"name\":\"Mosaics Torra - Suelos Hidr\u00e1ulicos\",\"url\":\"https:\/\/mosaicstorra.com\/\",\"logo\":{\"@type\":\"ImageObject\",\"inLanguage\":\"pt-PT\",\"@id\":\"https:\/\/mosaicstorra.com\/#\/schema\/logo\/image\/\",\"url\":\"https:\/\/mosaicstorra.com\/wp-content\/uploads\/2024\/11\/cropped-logo_wo_bcn.png\",\"contentUrl\":\"https:\/\/mosaicstorra.com\/wp-content\/uploads\/2024\/11\/cropped-logo_wo_bcn.png\",\"width\":205,\"height\":77,\"caption\":\"Mosaics Torra - Suelos Hidr\u00e1ulicos\"},\"image\":{\"@id\":\"https:\/\/mosaicstorra.com\/#\/schema\/logo\/image\/\"}}]}<\/script>\n<!-- \/ Yoast SEO plugin. -->","yoast_head_json":{"title":"Pol\u00edtica de Cookies - Mosaicos Torra - Pavimentos Hidr\u00e1ulicos","robots":{"index":"index","follow":"follow","max-snippet":"max-snippet:-1","max-image-preview":"max-image-preview:large","max-video-preview":"max-video-preview:-1"},"canonical":"https:\/\/mosaicstorra.com\/pt\/politica-de-cookies\/","og_locale":"pt_PT","og_type":"article","og_title":"Pol\u00edtica de Cookies - Mosaics Torra - Suelos Hidr\u00e1ulicos","og_description":"Pol\u00edtica de Cookies Cookie es un fichero que se descarga en su ordenador al acceder a determinadas p\u00e1ginas web. Las cookies permiten a una p\u00e1gina web, entre otras cosas, almacenar y recuperar informaci\u00f3n sobre los h\u00e1bitos de navegaci\u00f3n de un usuario o de su equipo y, dependiendo de la informaci\u00f3n que contengan y de la [&hellip;]","og_url":"https:\/\/mosaicstorra.com\/pt\/politica-de-cookies\/","og_site_name":"Mosaics Torra - Suelos Hidr\u00e1ulicos","article_modified_time":"2025-07-03T07:23:48+00:00","twitter_card":"summary_large_image","schema":{"@context":"https:\/\/schema.org","@graph":[{"@type":"WebPage","@id":"https:\/\/mosaicstorra.com\/politica-de-cookies\/","url":"https:\/\/mosaicstorra.com\/politica-de-cookies\/","name":"Pol\u00edtica de Cookies - Mosaicos Torra - Pavimentos Hidr\u00e1ulicos","isPartOf":{"@id":"https:\/\/mosaicstorra.com\/#website"},"datePublished":"2022-01-10T16:17:18+00:00","dateModified":"2025-07-03T07:23:48+00:00","breadcrumb":{"@id":"https:\/\/mosaicstorra.com\/politica-de-cookies\/#breadcrumb"},"inLanguage":"pt-PT","potentialAction":[{"@type":"ReadAction","target":["https:\/\/mosaicstorra.com\/politica-de-cookies\/"]}]},{"@type":"BreadcrumbList","@id":"https:\/\/mosaicstorra.com\/politica-de-cookies\/#breadcrumb","itemListElement":[{"@type":"ListItem","position":1,"name":"Portada","item":"https:\/\/mosaicstorra.com\/"},{"@type":"ListItem","position":2,"name":"Pol\u00edtica de Cookies"}]},{"@type":"WebSite","@id":"https:\/\/mosaicstorra.com\/#website","url":"https:\/\/mosaicstorra.com\/","name":"Mosaicos Torra - Pavimentos Hidr\u00e1ulicos","description":"Ladrilhos que contam hist\u00f3rias","publisher":{"@id":"https:\/\/mosaicstorra.com\/#organization"},"potentialAction":[{"@type":"SearchAction","target":{"@type":"EntryPoint","urlTemplate":"https:\/\/mosaicstorra.com\/?s={search_term_string}"},"query-input":{"@type":"PropertyValueSpecification","valueRequired":true,"valueName":"search_term_string"}}],"inLanguage":"pt-PT"},{"@type":"Organization","@id":"https:\/\/mosaicstorra.com\/#organization","name":"Mosaicos Torra - Pavimentos Hidr\u00e1ulicos","url":"https:\/\/mosaicstorra.com\/","logo":{"@type":"ImageObject","inLanguage":"pt-PT","@id":"https:\/\/mosaicstorra.com\/#\/schema\/logo\/image\/","url":"https:\/\/mosaicstorra.com\/wp-content\/uploads\/2024\/11\/cropped-logo_wo_bcn.png","contentUrl":"https:\/\/mosaicstorra.com\/wp-content\/uploads\/2024\/11\/cropped-logo_wo_bcn.png","width":205,"height":77,"caption":"Mosaics Torra - Suelos Hidr\u00e1ulicos"},"image":{"@id":"https:\/\/mosaicstorra.com\/#\/schema\/logo\/image\/"}}]}},"_links":{"self":[{"href":"https:\/\/mosaicstorra.com\/pt\/wp-json\/wp\/v2\/pages\/287","targetHints":{"allow":["GET"]}}],"collection":[{"href":"https:\/\/mosaicstorra.com\/pt\/wp-json\/wp\/v2\/pages"}],"about":[{"href":"https:\/\/mosaicstorra.com\/pt\/wp-json\/wp\/v2\/types\/page"}],"author":[{"embeddable":true,"href":"https:\/\/mosaicstorra.com\/pt\/wp-json\/wp\/v2\/users\/2"}],"replies":[{"embeddable":true,"href":"https:\/\/mosaicstorra.com\/pt\/wp-json\/wp\/v2\/comments?post=287"}],"version-history":[{"count":14,"href":"https:\/\/mosaicstorra.com\/pt\/wp-json\/wp\/v2\/pages\/287\/revisions"}],"predecessor-version":[{"id":31160,"href":"https:\/\/mosaicstorra.com\/pt\/wp-json\/wp\/v2\/pages\/287\/revisions\/31160"}],"wp:attachment":[{"href":"https:\/\/mosaicstorra.com\/pt\/wp-json\/wp\/v2\/media?parent=287"}],"curies":[{"name":"wp","href":"https:\/\/api.w.org\/{rel}","templated":true}]}}