{"id":28043,"date":"2022-01-25T12:11:28","date_gmt":"2022-01-25T11:11:28","guid":{"rendered":"https:\/\/stage.mosaicstorra.com\/shop\/cement-tile-avantgarde-h3050\/"},"modified":"2025-07-25T14:11:37","modified_gmt":"2025-07-25T13:11:37","slug":"telha-de-cimento-avantgarde-h3050","status":"publish","type":"product","link":"https:\/\/mosaicstorra.com\/pt\/produtos\/telha-de-cimento-avantgarde-h3050\/","title":{"rendered":"Telha de cimento Avantgarde H3050"},"content":{"rendered":"<p><strong>Linha<\/strong>Linha de produ\u00e7\u00e3o de ladrilhos de cimento<\/p>\n<p><strong>Cole\u00e7\u00e3o: <\/strong>Cole\u00e7\u00e3o Hexagon Avantgarde H-3020 AD<\/p>","protected":false},"excerpt":{"rendered":"<p>Linha: Azulejo de cimento Linha Stock Cole\u00e7\u00e3o: Cole\u00e7\u00e3o Hexagon Avantgarde H-3020 AD<\/p>","protected":false},"featured_media":14594,"comment_status":"closed","ping_status":"closed","template":"","meta":{"_acf_changed":false},"product_brand":[],"product_cat":[1617],"product_tag":[],"class_list":{"0":"post-28043","1":"product","2":"type-product","3":"status-publish","4":"has-post-thumbnail","6":"product_cat-hex-avantgarde","8":"first","9":"instock","10":"taxable","11":"shipping-taxable","12":"purchasable","13":"product-type-simple"},"acf":[],"yoast_head":"<!-- This site is optimized with the Yoast SEO plugin v26.9 - https:\/\/yoast.com\/product\/yoast-seo-wordpress\/ -->\n<title>Cement Tile Avantgarde H3050 - Mosaics Torra - Suelos Hidr\u00e1ulicos<\/title>\n<meta name=\"robots\" content=\"index, follow, max-snippet:-1, max-image-preview:large, max-video-preview:-1\" \/>\n<link rel=\"canonical\" href=\"https:\/\/mosaicstorra.com\/pt\/produtos\/telha-de-cimento-avantgarde-h3050\/\" \/>\n<meta property=\"og:locale\" content=\"pt_PT\" \/>\n<meta property=\"og:type\" content=\"article\" \/>\n<meta property=\"og:title\" content=\"Cement Tile Avantgarde H3050 - Mosaics Torra - Suelos Hidr\u00e1ulicos\" \/>\n<meta property=\"og:description\" content=\"Line: Cement Tile Stock Line Collection: Collection Hexagon Avantgarde H-3020 AD\" \/>\n<meta property=\"og:url\" content=\"https:\/\/mosaicstorra.com\/pt\/produtos\/telha-de-cimento-avantgarde-h3050\/\" \/>\n<meta property=\"og:site_name\" content=\"Mosaics Torra - Suelos Hidr\u00e1ulicos\" \/>\n<meta property=\"article:modified_time\" content=\"2025-07-25T13:11:37+00:00\" \/>\n<meta property=\"og:image\" content=\"https:\/\/mosaicstorra.com\/wp-content\/uploads\/2023\/02\/baldosa-hidraulica-hexagonal-cement-tile-avantgarde-h3050-sample-detail.jpg\" \/>\n\t<meta property=\"og:image:width\" content=\"800\" \/>\n\t<meta property=\"og:image:height\" content=\"600\" \/>\n\t<meta property=\"og:image:type\" content=\"image\/jpeg\" \/>\n<meta name=\"twitter:card\" content=\"summary_large_image\" \/>\n<script type=\"application\/ld+json\" class=\"yoast-schema-graph\">{\"@context\":\"https:\/\/schema.org\",\"@graph\":[{\"@type\":\"WebPage\",\"@id\":\"https:\/\/mosaicstorra.com\/fr\/produits\/cement-tile-avantgarde-h3050\/\",\"url\":\"https:\/\/mosaicstorra.com\/fr\/produits\/cement-tile-avantgarde-h3050\/\",\"name\":\"Cement Tile Avantgarde H3050 - Mosaics Torra - Suelos Hidr\u00e1ulicos\",\"isPartOf\":{\"@id\":\"https:\/\/mosaicstorra.com\/#website\"},\"primaryImageOfPage\":{\"@id\":\"https:\/\/mosaicstorra.com\/fr\/produits\/cement-tile-avantgarde-h3050\/#primaryimage\"},\"image\":{\"@id\":\"https:\/\/mosaicstorra.com\/fr\/produits\/cement-tile-avantgarde-h3050\/#primaryimage\"},\"thumbnailUrl\":\"https:\/\/mosaicstorra.com\/wp-content\/uploads\/2023\/02\/baldosa-hidraulica-hexagonal-cement-tile-avantgarde-h3050-sample-detail.jpg\",\"datePublished\":\"2022-01-25T11:11:28+00:00\",\"dateModified\":\"2025-07-25T13:11:37+00:00\",\"breadcrumb\":{\"@id\":\"https:\/\/mosaicstorra.com\/fr\/produits\/cement-tile-avantgarde-h3050\/#breadcrumb\"},\"inLanguage\":\"pt-PT\",\"potentialAction\":[{\"@type\":\"ReadAction\",\"target\":[\"https:\/\/mosaicstorra.com\/fr\/produits\/cement-tile-avantgarde-h3050\/\"]}]},{\"@type\":\"ImageObject\",\"inLanguage\":\"pt-PT\",\"@id\":\"https:\/\/mosaicstorra.com\/fr\/produits\/cement-tile-avantgarde-h3050\/#primaryimage\",\"url\":\"https:\/\/mosaicstorra.com\/wp-content\/uploads\/2023\/02\/baldosa-hidraulica-hexagonal-cement-tile-avantgarde-h3050-sample-detail.jpg\",\"contentUrl\":\"https:\/\/mosaicstorra.com\/wp-content\/uploads\/2023\/02\/baldosa-hidraulica-hexagonal-cement-tile-avantgarde-h3050-sample-detail.jpg\",\"width\":800,\"height\":600,\"caption\":\"Hexagonal Avantgarde Cement Tile Avantgarde H3050 Sample detalle\"},{\"@type\":\"BreadcrumbList\",\"@id\":\"https:\/\/mosaicstorra.com\/fr\/produits\/cement-tile-avantgarde-h3050\/#breadcrumb\",\"itemListElement\":[{\"@type\":\"ListItem\",\"position\":1,\"name\":\"Portada\",\"item\":\"https:\/\/mosaicstorra.com\/\"},{\"@type\":\"ListItem\",\"position\":2,\"name\":\"Products\",\"item\":\"https:\/\/mosaicstorra.com\/shop\/\"},{\"@type\":\"ListItem\",\"position\":3,\"name\":\"Cement Tile Avantgarde H3050\"}]},{\"@type\":\"WebSite\",\"@id\":\"https:\/\/mosaicstorra.com\/#website\",\"url\":\"https:\/\/mosaicstorra.com\/\",\"name\":\"Mosaics Torra - Suelos Hidr\u00e1ulicos\",\"description\":\"Baldosas que cuentan historias\",\"publisher\":{\"@id\":\"https:\/\/mosaicstorra.com\/#organization\"},\"potentialAction\":[{\"@type\":\"SearchAction\",\"target\":{\"@type\":\"EntryPoint\",\"urlTemplate\":\"https:\/\/mosaicstorra.com\/?s={search_term_string}\"},\"query-input\":{\"@type\":\"PropertyValueSpecification\",\"valueRequired\":true,\"valueName\":\"search_term_string\"}}],\"inLanguage\":\"pt-PT\"},{\"@type\":\"Organization\",\"@id\":\"https:\/\/mosaicstorra.com\/#organization\",\"name\":\"Mosaics Torra - Suelos Hidr\u00e1ulicos\",\"url\":\"https:\/\/mosaicstorra.com\/\",\"logo\":{\"@type\":\"ImageObject\",\"inLanguage\":\"pt-PT\",\"@id\":\"https:\/\/mosaicstorra.com\/#\/schema\/logo\/image\/\",\"url\":\"https:\/\/mosaicstorra.com\/wp-content\/uploads\/2024\/11\/cropped-logo_wo_bcn.png\",\"contentUrl\":\"https:\/\/mosaicstorra.com\/wp-content\/uploads\/2024\/11\/cropped-logo_wo_bcn.png\",\"width\":205,\"height\":77,\"caption\":\"Mosaics Torra - Suelos Hidr\u00e1ulicos\"},\"image\":{\"@id\":\"https:\/\/mosaicstorra.com\/#\/schema\/logo\/image\/\"}}]}<\/script>\n<!-- \/ Yoast SEO plugin. -->","yoast_head_json":{"title":"Mosaico de Cimento Avantgarde H3050 - Mosaicos Torra - Pavimentos Hidr\u00e1ulicos","robots":{"index":"index","follow":"follow","max-snippet":"max-snippet:-1","max-image-preview":"max-image-preview:large","max-video-preview":"max-video-preview:-1"},"canonical":"https:\/\/mosaicstorra.com\/pt\/produtos\/telha-de-cimento-avantgarde-h3050\/","og_locale":"pt_PT","og_type":"article","og_title":"Cement Tile Avantgarde H3050 - Mosaics Torra - Suelos Hidr\u00e1ulicos","og_description":"Line: Cement Tile Stock Line Collection: Collection Hexagon Avantgarde H-3020 AD","og_url":"https:\/\/mosaicstorra.com\/pt\/produtos\/telha-de-cimento-avantgarde-h3050\/","og_site_name":"Mosaics Torra - Suelos Hidr\u00e1ulicos","article_modified_time":"2025-07-25T13:11:37+00:00","og_image":[{"width":800,"height":600,"url":"https:\/\/mosaicstorra.com\/wp-content\/uploads\/2023\/02\/baldosa-hidraulica-hexagonal-cement-tile-avantgarde-h3050-sample-detail.jpg","type":"image\/jpeg"}],"twitter_card":"summary_large_image","schema":{"@context":"https:\/\/schema.org","@graph":[{"@type":"WebPage","@id":"https:\/\/mosaicstorra.com\/fr\/produits\/cement-tile-avantgarde-h3050\/","url":"https:\/\/mosaicstorra.com\/fr\/produits\/cement-tile-avantgarde-h3050\/","name":"Mosaico de Cimento Avantgarde H3050 - Mosaicos Torra - Pavimentos Hidr\u00e1ulicos","isPartOf":{"@id":"https:\/\/mosaicstorra.com\/#website"},"primaryImageOfPage":{"@id":"https:\/\/mosaicstorra.com\/fr\/produits\/cement-tile-avantgarde-h3050\/#primaryimage"},"image":{"@id":"https:\/\/mosaicstorra.com\/fr\/produits\/cement-tile-avantgarde-h3050\/#primaryimage"},"thumbnailUrl":"https:\/\/mosaicstorra.com\/wp-content\/uploads\/2023\/02\/baldosa-hidraulica-hexagonal-cement-tile-avantgarde-h3050-sample-detail.jpg","datePublished":"2022-01-25T11:11:28+00:00","dateModified":"2025-07-25T13:11:37+00:00","breadcrumb":{"@id":"https:\/\/mosaicstorra.com\/fr\/produits\/cement-tile-avantgarde-h3050\/#breadcrumb"},"inLanguage":"pt-PT","potentialAction":[{"@type":"ReadAction","target":["https:\/\/mosaicstorra.com\/fr\/produits\/cement-tile-avantgarde-h3050\/"]}]},{"@type":"ImageObject","inLanguage":"pt-PT","@id":"https:\/\/mosaicstorra.com\/fr\/produits\/cement-tile-avantgarde-h3050\/#primaryimage","url":"https:\/\/mosaicstorra.com\/wp-content\/uploads\/2023\/02\/baldosa-hidraulica-hexagonal-cement-tile-avantgarde-h3050-sample-detail.jpg","contentUrl":"https:\/\/mosaicstorra.com\/wp-content\/uploads\/2023\/02\/baldosa-hidraulica-hexagonal-cement-tile-avantgarde-h3050-sample-detail.jpg","width":800,"height":600,"caption":"Hexagonal Avantgarde Cement Tile Avantgarde H3050 Sample detalle"},{"@type":"BreadcrumbList","@id":"https:\/\/mosaicstorra.com\/fr\/produits\/cement-tile-avantgarde-h3050\/#breadcrumb","itemListElement":[{"@type":"ListItem","position":1,"name":"Portada","item":"https:\/\/mosaicstorra.com\/"},{"@type":"ListItem","position":2,"name":"Products","item":"https:\/\/mosaicstorra.com\/shop\/"},{"@type":"ListItem","position":3,"name":"Cement Tile Avantgarde H3050"}]},{"@type":"WebSite","@id":"https:\/\/mosaicstorra.com\/#website","url":"https:\/\/mosaicstorra.com\/","name":"Mosaicos Torra - Pavimentos Hidr\u00e1ulicos","description":"Ladrilhos que contam hist\u00f3rias","publisher":{"@id":"https:\/\/mosaicstorra.com\/#organization"},"potentialAction":[{"@type":"SearchAction","target":{"@type":"EntryPoint","urlTemplate":"https:\/\/mosaicstorra.com\/?s={search_term_string}"},"query-input":{"@type":"PropertyValueSpecification","valueRequired":true,"valueName":"search_term_string"}}],"inLanguage":"pt-PT"},{"@type":"Organization","@id":"https:\/\/mosaicstorra.com\/#organization","name":"Mosaicos Torra - Pavimentos Hidr\u00e1ulicos","url":"https:\/\/mosaicstorra.com\/","logo":{"@type":"ImageObject","inLanguage":"pt-PT","@id":"https:\/\/mosaicstorra.com\/#\/schema\/logo\/image\/","url":"https:\/\/mosaicstorra.com\/wp-content\/uploads\/2024\/11\/cropped-logo_wo_bcn.png","contentUrl":"https:\/\/mosaicstorra.com\/wp-content\/uploads\/2024\/11\/cropped-logo_wo_bcn.png","width":205,"height":77,"caption":"Mosaics Torra - Suelos Hidr\u00e1ulicos"},"image":{"@id":"https:\/\/mosaicstorra.com\/#\/schema\/logo\/image\/"}}]}},"_links":{"self":[{"href":"https:\/\/mosaicstorra.com\/pt\/wp-json\/wp\/v2\/product\/28043","targetHints":{"allow":["GET"]}}],"collection":[{"href":"https:\/\/mosaicstorra.com\/pt\/wp-json\/wp\/v2\/product"}],"about":[{"href":"https:\/\/mosaicstorra.com\/pt\/wp-json\/wp\/v2\/types\/product"}],"replies":[{"embeddable":true,"href":"https:\/\/mosaicstorra.com\/pt\/wp-json\/wp\/v2\/comments?post=28043"}],"wp:featuredmedia":[{"embeddable":true,"href":"https:\/\/mosaicstorra.com\/pt\/wp-json\/wp\/v2\/media\/14594"}],"wp:attachment":[{"href":"https:\/\/mosaicstorra.com\/pt\/wp-json\/wp\/v2\/media?parent=28043"}],"wp:term":[{"taxonomy":"product_brand","embeddable":true,"href":"https:\/\/mosaicstorra.com\/pt\/wp-json\/wp\/v2\/product_brand?post=28043"},{"taxonomy":"product_cat","embeddable":true,"href":"https:\/\/mosaicstorra.com\/pt\/wp-json\/wp\/v2\/product_cat?post=28043"},{"taxonomy":"product_tag","embeddable":true,"href":"https:\/\/mosaicstorra.com\/pt\/wp-json\/wp\/v2\/product_tag?post=28043"}],"curies":[{"name":"wp","href":"https:\/\/api.w.org\/{rel}","templated":true}]}}