{"id":28055,"date":"2024-07-10T10:44:28","date_gmt":"2024-07-10T09:44:28","guid":{"rendered":"https:\/\/stage.mosaicstorra.com\/shop\/torra-sealer-waterproofing-for-torrastone-cement-tiles\/"},"modified":"2025-07-25T14:10:07","modified_gmt":"2025-07-25T13:10:07","slug":"torra-sealer-impermeabilizacao-para-telhas-de-cimento-torrastone","status":"publish","type":"product","link":"https:\/\/mosaicstorra.com\/pt\/productos\/torra-sealer-waterproofing-for-torrastone-cement-tiles\/","title":{"rendered":"Torra Sealer - Impermeabiliza\u00e7\u00e3o para telhas de cimento TorraStone"},"content":{"rendered":"<p>Torra Sealer \u00e9 o tratamento de impermeabiliza\u00e7\u00e3o recomendado para todas as nossas colec\u00e7\u00f5es de ladrilhos de interior. Garante a prote\u00e7\u00e3o contra futuras manchas, criando uma barreira altamente resistente e selando a porosidade natural dos ladrilhos de cimento tradicionais.<\/p>\n<p>\u00c9 importante salientar que o Torra Sealer n\u00e3o altera a tonalidade ou o aspeto dos nossos ladrilhos hidr\u00e1ulicos.<\/p>\n<p>Para garantir um desempenho \u00f3timo, \u00e9 essencial seguir cuidadosamente as instru\u00e7\u00f5es de aplica\u00e7\u00e3o fornecidas em cada embalagem.<\/p>","protected":false},"excerpt":{"rendered":"<p>Torra Sealer is the recommended waterproofing treatment for all our indoor tile collections. It guarantees protection against future stains by creating a highly resistant barrier and sealing the natural porosity of traditional cement tiles. Importantly, Torra Sealer does not alter the tone or appearance of our hydraulic tiles. To ensure optimal performance, it&#8217;s essential to [&hellip;]<\/p>\n","protected":false},"featured_media":25343,"comment_status":"closed","ping_status":"closed","template":"","meta":{"_acf_changed":false},"product_brand":[],"product_cat":[1622],"product_tag":[],"class_list":{"0":"post-28055","1":"product","2":"type-product","3":"status-publish","4":"has-post-thumbnail","6":"product_cat-care-and-maintenance-products","8":"first","9":"instock","10":"taxable","11":"shipping-taxable","12":"purchasable","13":"product-type-simple"},"acf":[],"yoast_head":"<!-- This site is optimized with the Yoast SEO plugin v27.3 - https:\/\/yoast.com\/product\/yoast-seo-wordpress\/ -->\n<title>Torra Sealer \u2013 Waterproofing for TorraStone Cement Tiles - Mosaics Torra - Suelos Hidr\u00e1ulicos<\/title>\n<meta name=\"robots\" content=\"index, follow, max-snippet:-1, max-image-preview:large, max-video-preview:-1\" \/>\n<link rel=\"canonical\" href=\"https:\/\/mosaicstorra.com\/pt\/produtos\/torra-sealer-impermeabilizacao-para-telhas-de-cimento-torrastone\/\" \/>\n<meta property=\"og:locale\" content=\"pt_PT\" \/>\n<meta property=\"og:type\" content=\"article\" \/>\n<meta property=\"og:title\" content=\"Torra Sealer \u2013 Waterproofing for TorraStone Cement Tiles - Mosaics Torra - Suelos Hidr\u00e1ulicos\" \/>\n<meta property=\"og:description\" content=\"Torra Sealer is the recommended waterproofing treatment for all our indoor tile collections. It guarantees protection against future stains by creating a highly resistant barrier and sealing the natural porosity of traditional cement tiles. Importantly, Torra Sealer does not alter the tone or appearance of our hydraulic tiles. To ensure optimal performance, it&#8217;s essential to [&hellip;]\" \/>\n<meta property=\"og:url\" content=\"https:\/\/mosaicstorra.com\/pt\/produtos\/torra-sealer-impermeabilizacao-para-telhas-de-cimento-torrastone\/\" \/>\n<meta property=\"og:site_name\" content=\"Mosaics Torra - Suelos Hidr\u00e1ulicos\" \/>\n<meta property=\"article:modified_time\" content=\"2025-07-25T13:10:07+00:00\" \/>\n<meta property=\"og:image\" content=\"https:\/\/mosaicstorra.com\/wp-content\/uploads\/2024\/07\/baldosa-hidraulica-collection-torra-sealer-waterproofing-for-torrastone-cement-tiles-detail.jpg\" \/>\n\t<meta property=\"og:image:width\" content=\"800\" \/>\n\t<meta property=\"og:image:height\" content=\"600\" \/>\n\t<meta property=\"og:image:type\" content=\"image\/jpeg\" \/>\n<meta name=\"twitter:card\" content=\"summary_large_image\" \/>\n<script type=\"application\/ld+json\" class=\"yoast-schema-graph\">{\"@context\":\"https:\\\/\\\/schema.org\",\"@graph\":[{\"@type\":\"WebPage\",\"@id\":\"https:\\\/\\\/mosaicstorra.com\\\/productos\\\/torra-sealer-waterproofing-for-torrastone-cement-tiles\\\/\",\"url\":\"https:\\\/\\\/mosaicstorra.com\\\/productos\\\/torra-sealer-waterproofing-for-torrastone-cement-tiles\\\/\",\"name\":\"Torra Sealer \u2013 Waterproofing for TorraStone Cement Tiles - Mosaics Torra - Suelos Hidr\u00e1ulicos\",\"isPartOf\":{\"@id\":\"https:\\\/\\\/mosaicstorra.com\\\/#website\"},\"primaryImageOfPage\":{\"@id\":\"https:\\\/\\\/mosaicstorra.com\\\/productos\\\/torra-sealer-waterproofing-for-torrastone-cement-tiles\\\/#primaryimage\"},\"image\":{\"@id\":\"https:\\\/\\\/mosaicstorra.com\\\/productos\\\/torra-sealer-waterproofing-for-torrastone-cement-tiles\\\/#primaryimage\"},\"thumbnailUrl\":\"https:\\\/\\\/mosaicstorra.com\\\/wp-content\\\/uploads\\\/2024\\\/07\\\/baldosa-hidraulica-collection-torra-sealer-waterproofing-for-torrastone-cement-tiles-detail.jpg\",\"datePublished\":\"2024-07-10T09:44:28+00:00\",\"dateModified\":\"2025-07-25T13:10:07+00:00\",\"breadcrumb\":{\"@id\":\"https:\\\/\\\/mosaicstorra.com\\\/productos\\\/torra-sealer-waterproofing-for-torrastone-cement-tiles\\\/#breadcrumb\"},\"inLanguage\":\"pt-PT\",\"potentialAction\":[{\"@type\":\"ReadAction\",\"target\":[\"https:\\\/\\\/mosaicstorra.com\\\/productos\\\/torra-sealer-waterproofing-for-torrastone-cement-tiles\\\/\"]}]},{\"@type\":\"ImageObject\",\"inLanguage\":\"pt-PT\",\"@id\":\"https:\\\/\\\/mosaicstorra.com\\\/productos\\\/torra-sealer-waterproofing-for-torrastone-cement-tiles\\\/#primaryimage\",\"url\":\"https:\\\/\\\/mosaicstorra.com\\\/wp-content\\\/uploads\\\/2024\\\/07\\\/baldosa-hidraulica-collection-torra-sealer-waterproofing-for-torrastone-cement-tiles-detail.jpg\",\"contentUrl\":\"https:\\\/\\\/mosaicstorra.com\\\/wp-content\\\/uploads\\\/2024\\\/07\\\/baldosa-hidraulica-collection-torra-sealer-waterproofing-for-torrastone-cement-tiles-detail.jpg\",\"width\":800,\"height\":600,\"caption\":\"Care and Maintenance products Torra Sealer \u2013 Waterproofing for TorraStone Cement Tiles detalle\"},{\"@type\":\"BreadcrumbList\",\"@id\":\"https:\\\/\\\/mosaicstorra.com\\\/productos\\\/torra-sealer-waterproofing-for-torrastone-cement-tiles\\\/#breadcrumb\",\"itemListElement\":[{\"@type\":\"ListItem\",\"position\":1,\"name\":\"Portada\",\"item\":\"https:\\\/\\\/mosaicstorra.com\\\/\"},{\"@type\":\"ListItem\",\"position\":2,\"name\":\"Products\",\"item\":\"https:\\\/\\\/mosaicstorra.com\\\/shop\\\/\"},{\"@type\":\"ListItem\",\"position\":3,\"name\":\"Torra Sealer \u2013 Waterproofing for TorraStone Cement Tiles\"}]},{\"@type\":\"WebSite\",\"@id\":\"https:\\\/\\\/mosaicstorra.com\\\/#website\",\"url\":\"https:\\\/\\\/mosaicstorra.com\\\/\",\"name\":\"Mosaics Torra - Suelos Hidr\u00e1ulicos\",\"description\":\"Baldosas que cuentan historias\",\"publisher\":{\"@id\":\"https:\\\/\\\/mosaicstorra.com\\\/#organization\"},\"potentialAction\":[{\"@type\":\"SearchAction\",\"target\":{\"@type\":\"EntryPoint\",\"urlTemplate\":\"https:\\\/\\\/mosaicstorra.com\\\/?s={search_term_string}\"},\"query-input\":{\"@type\":\"PropertyValueSpecification\",\"valueRequired\":true,\"valueName\":\"search_term_string\"}}],\"inLanguage\":\"pt-PT\"},{\"@type\":\"Organization\",\"@id\":\"https:\\\/\\\/mosaicstorra.com\\\/#organization\",\"name\":\"Mosaics Torra - Suelos Hidr\u00e1ulicos\",\"url\":\"https:\\\/\\\/mosaicstorra.com\\\/\",\"logo\":{\"@type\":\"ImageObject\",\"inLanguage\":\"pt-PT\",\"@id\":\"https:\\\/\\\/mosaicstorra.com\\\/#\\\/schema\\\/logo\\\/image\\\/\",\"url\":\"https:\\\/\\\/mosaicstorra.com\\\/wp-content\\\/uploads\\\/2024\\\/11\\\/cropped-logo_wo_bcn.png\",\"contentUrl\":\"https:\\\/\\\/mosaicstorra.com\\\/wp-content\\\/uploads\\\/2024\\\/11\\\/cropped-logo_wo_bcn.png\",\"width\":205,\"height\":77,\"caption\":\"Mosaics Torra - Suelos Hidr\u00e1ulicos\"},\"image\":{\"@id\":\"https:\\\/\\\/mosaicstorra.com\\\/#\\\/schema\\\/logo\\\/image\\\/\"}}]}<\/script>\n<!-- \/ Yoast SEO plugin. -->","yoast_head_json":{"title":"Torra Sealer - Impermeabiliza\u00e7\u00e3o de ladrilhos de cimento TorraStone - Mosaicos Torra - Pavimentos hidr\u00e1ulicos","robots":{"index":"index","follow":"follow","max-snippet":"max-snippet:-1","max-image-preview":"max-image-preview:large","max-video-preview":"max-video-preview:-1"},"canonical":"https:\/\/mosaicstorra.com\/pt\/produtos\/torra-sealer-impermeabilizacao-para-telhas-de-cimento-torrastone\/","og_locale":"pt_PT","og_type":"article","og_title":"Torra Sealer \u2013 Waterproofing for TorraStone Cement Tiles - Mosaics Torra - Suelos Hidr\u00e1ulicos","og_description":"Torra Sealer is the recommended waterproofing treatment for all our indoor tile collections. It guarantees protection against future stains by creating a highly resistant barrier and sealing the natural porosity of traditional cement tiles. Importantly, Torra Sealer does not alter the tone or appearance of our hydraulic tiles. To ensure optimal performance, it&#8217;s essential to [&hellip;]","og_url":"https:\/\/mosaicstorra.com\/pt\/produtos\/torra-sealer-impermeabilizacao-para-telhas-de-cimento-torrastone\/","og_site_name":"Mosaics Torra - Suelos Hidr\u00e1ulicos","article_modified_time":"2025-07-25T13:10:07+00:00","og_image":[{"width":800,"height":600,"url":"https:\/\/mosaicstorra.com\/wp-content\/uploads\/2024\/07\/baldosa-hidraulica-collection-torra-sealer-waterproofing-for-torrastone-cement-tiles-detail.jpg","type":"image\/jpeg"}],"twitter_card":"summary_large_image","schema":{"@context":"https:\/\/schema.org","@graph":[{"@type":"WebPage","@id":"https:\/\/mosaicstorra.com\/productos\/torra-sealer-waterproofing-for-torrastone-cement-tiles\/","url":"https:\/\/mosaicstorra.com\/productos\/torra-sealer-waterproofing-for-torrastone-cement-tiles\/","name":"Torra Sealer - Impermeabiliza\u00e7\u00e3o de ladrilhos de cimento TorraStone - Mosaicos Torra - Pavimentos hidr\u00e1ulicos","isPartOf":{"@id":"https:\/\/mosaicstorra.com\/#website"},"primaryImageOfPage":{"@id":"https:\/\/mosaicstorra.com\/productos\/torra-sealer-waterproofing-for-torrastone-cement-tiles\/#primaryimage"},"image":{"@id":"https:\/\/mosaicstorra.com\/productos\/torra-sealer-waterproofing-for-torrastone-cement-tiles\/#primaryimage"},"thumbnailUrl":"https:\/\/mosaicstorra.com\/wp-content\/uploads\/2024\/07\/baldosa-hidraulica-collection-torra-sealer-waterproofing-for-torrastone-cement-tiles-detail.jpg","datePublished":"2024-07-10T09:44:28+00:00","dateModified":"2025-07-25T13:10:07+00:00","breadcrumb":{"@id":"https:\/\/mosaicstorra.com\/productos\/torra-sealer-waterproofing-for-torrastone-cement-tiles\/#breadcrumb"},"inLanguage":"pt-PT","potentialAction":[{"@type":"ReadAction","target":["https:\/\/mosaicstorra.com\/productos\/torra-sealer-waterproofing-for-torrastone-cement-tiles\/"]}]},{"@type":"ImageObject","inLanguage":"pt-PT","@id":"https:\/\/mosaicstorra.com\/productos\/torra-sealer-waterproofing-for-torrastone-cement-tiles\/#primaryimage","url":"https:\/\/mosaicstorra.com\/wp-content\/uploads\/2024\/07\/baldosa-hidraulica-collection-torra-sealer-waterproofing-for-torrastone-cement-tiles-detail.jpg","contentUrl":"https:\/\/mosaicstorra.com\/wp-content\/uploads\/2024\/07\/baldosa-hidraulica-collection-torra-sealer-waterproofing-for-torrastone-cement-tiles-detail.jpg","width":800,"height":600,"caption":"Care and Maintenance products Torra Sealer \u2013 Waterproofing for TorraStone Cement Tiles detalle"},{"@type":"BreadcrumbList","@id":"https:\/\/mosaicstorra.com\/productos\/torra-sealer-waterproofing-for-torrastone-cement-tiles\/#breadcrumb","itemListElement":[{"@type":"ListItem","position":1,"name":"Portada","item":"https:\/\/mosaicstorra.com\/"},{"@type":"ListItem","position":2,"name":"Products","item":"https:\/\/mosaicstorra.com\/shop\/"},{"@type":"ListItem","position":3,"name":"Torra Sealer \u2013 Waterproofing for TorraStone Cement Tiles"}]},{"@type":"WebSite","@id":"https:\/\/mosaicstorra.com\/#website","url":"https:\/\/mosaicstorra.com\/","name":"Mosaicos Torra - Pavimentos Hidr\u00e1ulicos","description":"Ladrilhos que contam hist\u00f3rias","publisher":{"@id":"https:\/\/mosaicstorra.com\/#organization"},"potentialAction":[{"@type":"SearchAction","target":{"@type":"EntryPoint","urlTemplate":"https:\/\/mosaicstorra.com\/?s={search_term_string}"},"query-input":{"@type":"PropertyValueSpecification","valueRequired":true,"valueName":"search_term_string"}}],"inLanguage":"pt-PT"},{"@type":"Organization","@id":"https:\/\/mosaicstorra.com\/#organization","name":"Mosaicos Torra - Pavimentos Hidr\u00e1ulicos","url":"https:\/\/mosaicstorra.com\/","logo":{"@type":"ImageObject","inLanguage":"pt-PT","@id":"https:\/\/mosaicstorra.com\/#\/schema\/logo\/image\/","url":"https:\/\/mosaicstorra.com\/wp-content\/uploads\/2024\/11\/cropped-logo_wo_bcn.png","contentUrl":"https:\/\/mosaicstorra.com\/wp-content\/uploads\/2024\/11\/cropped-logo_wo_bcn.png","width":205,"height":77,"caption":"Mosaics Torra - Suelos Hidr\u00e1ulicos"},"image":{"@id":"https:\/\/mosaicstorra.com\/#\/schema\/logo\/image\/"}}]}},"_links":{"self":[{"href":"https:\/\/mosaicstorra.com\/pt\/wp-json\/wp\/v2\/product\/28055","targetHints":{"allow":["GET"]}}],"collection":[{"href":"https:\/\/mosaicstorra.com\/pt\/wp-json\/wp\/v2\/product"}],"about":[{"href":"https:\/\/mosaicstorra.com\/pt\/wp-json\/wp\/v2\/types\/product"}],"replies":[{"embeddable":true,"href":"https:\/\/mosaicstorra.com\/pt\/wp-json\/wp\/v2\/comments?post=28055"}],"wp:featuredmedia":[{"embeddable":true,"href":"https:\/\/mosaicstorra.com\/pt\/wp-json\/wp\/v2\/media\/25343"}],"wp:attachment":[{"href":"https:\/\/mosaicstorra.com\/pt\/wp-json\/wp\/v2\/media?parent=28055"}],"wp:term":[{"taxonomy":"product_brand","embeddable":true,"href":"https:\/\/mosaicstorra.com\/pt\/wp-json\/wp\/v2\/product_brand?post=28055"},{"taxonomy":"product_cat","embeddable":true,"href":"https:\/\/mosaicstorra.com\/pt\/wp-json\/wp\/v2\/product_cat?post=28055"},{"taxonomy":"product_tag","embeddable":true,"href":"https:\/\/mosaicstorra.com\/pt\/wp-json\/wp\/v2\/product_tag?post=28055"}],"curies":[{"name":"wp","href":"https:\/\/api.w.org\/{rel}","templated":true}]}}